{"id":790,"date":"2021-06-17T10:11:05","date_gmt":"2021-06-17T10:11:05","guid":{"rendered":"https:\/\/first-gt.com\/produit\/mercedes-class-c\/"},"modified":"2026-04-16T14:27:27","modified_gmt":"2026-04-16T14:27:27","slug":"mercedes-class-c","status":"publish","type":"product","link":"https:\/\/first-gt.com\/fr\/vehicules\/mercedes-class-c\/","title":{"rendered":"MERCEDES Class C"},"content":{"rendered":"<p>La Mercedes Classe C \u00e9volue vers une approche plus technologique et raffin\u00e9e de la berline. Son design s\u2019inspire des mod\u00e8les sup\u00e9rieurs, avec des lignes \u00e9l\u00e9gantes et une pr\u00e9sence ma\u00eetris\u00e9e. \u00c0 bord, l\u2019interface verticale et les mat\u00e9riaux de qualit\u00e9 cr\u00e9ent un environnement moderne et immersif. Sur la route, elle privil\u00e9gie la fluidit\u00e9 et le confort, tout en conservant un bon niveau de pr\u00e9cision. Elle constitue un choix coh\u00e9rent pour ceux qui recherchent une berline premium \u00e9quilibr\u00e9e.<\/p>\n","protected":false},"excerpt":{"rendered":"<p>Nombre de places : 5<br \/>\nPuissance : 150<br \/>\nPrix pour 1 journ\u00e9e (250km inclus) :<br \/>\n<span class=\"redclass\">\u00e0 partir de 280\u20ac<\/span><br \/>\nPrix pour 3 jours (750km inclus) :<br \/>\n<span class=\"redclass\">\u00e0 partir de 750\u20ac<\/span><br \/>\nPrix pour 7 jours (1750km inclus) :<br \/>\n<span class=\"redclass\">\u00e0 partir de 1390\u20ac<\/span><br \/>\nFranchise :<br \/>\n<span class=\"redclass\">7500\u20ac<\/span><br \/>\nAssurance compl\u00e9mentaire (par jour) :<br \/>\n<span class=\"redclass\">35\u20ac par jour<\/span><br \/>\nFranchise r\u00e9duite :<br \/>\n<span class=\"redclass\">2500\u20ac<\/span><\/p>\n","protected":false},"featured_media":431,"template":"","meta":[],"pwb-brand":[42],"product_brand":[],"product_cat":[72,75],"product_tag":[],"class_list":{"0":"post-790","1":"product","2":"type-product","3":"status-publish","4":"has-post-thumbnail","6":"pwb-brand-mercedes-fr","7":"product_cat-berlines","8":"product_cat-tourisme","10":"first","11":"instock","12":"shipping-taxable","13":"product-type-simple","14":"add-to-wishlist-after_add_to_cart"},"yoast_head":"<!-- This site is optimized with the Yoast SEO plugin v27.5 - https:\/\/yoast.com\/product\/yoast-seo-wordpress\/ -->\n<title>MERCEDES Class C - First GT<\/title>\n<meta name=\"robots\" content=\"index, follow, max-snippet:-1, max-image-preview:large, max-video-preview:-1\" \/>\n<link rel=\"canonical\" href=\"https:\/\/first-gt.com\/fr\/vehicules\/mercedes-class-c\/\" \/>\n<meta property=\"og:locale\" content=\"fr_FR\" \/>\n<meta property=\"og:type\" content=\"article\" \/>\n<meta property=\"og:title\" content=\"MERCEDES Class C - First GT\" \/>\n<meta property=\"og:description\" content=\"Nombre de places : 5 Puissance : 150 Prix pour 1 journ\u00e9e (250km inclus) : \u00e0 partir de 280\u20ac Prix pour 3 jours (750km inclus) : \u00e0 partir de 750\u20ac Prix pour 7 jours (1750km inclus) : \u00e0 partir de 1390\u20ac Franchise : 7500\u20ac Assurance compl\u00e9mentaire (par jour) : 35\u20ac par jour Franchise r\u00e9duite : 2500\u20ac\" \/>\n<meta property=\"og:url\" content=\"https:\/\/first-gt.com\/fr\/vehicules\/mercedes-class-c\/\" \/>\n<meta property=\"og:site_name\" content=\"First GT\" \/>\n<meta property=\"article:modified_time\" content=\"2026-04-16T14:27:27+00:00\" \/>\n<meta property=\"og:image\" content=\"https:\/\/first-gt.com\/wp-content\/uploads\/2021\/05\/mercedes-c-class.jpg\" \/>\n\t<meta property=\"og:image:width\" content=\"1920\" \/>\n\t<meta property=\"og:image:height\" content=\"1080\" \/>\n\t<meta property=\"og:image:type\" content=\"image\/jpeg\" \/>\n<meta name=\"twitter:card\" content=\"summary_large_image\" \/>\n<meta name=\"twitter:label1\" content=\"Dur\u00e9e de lecture estim\u00e9e\" \/>\n\t<meta name=\"twitter:data1\" content=\"1 minute\" \/>\n<script type=\"application\/ld+json\" class=\"yoast-schema-graph\">{\"@context\":\"https:\\\/\\\/schema.org\",\"@graph\":[{\"@type\":\"WebPage\",\"@id\":\"https:\\\/\\\/first-gt.com\\\/fr\\\/vehicules\\\/mercedes-class-c\\\/\",\"url\":\"https:\\\/\\\/first-gt.com\\\/fr\\\/vehicules\\\/mercedes-class-c\\\/\",\"name\":\"MERCEDES Class C - First GT\",\"isPartOf\":{\"@id\":\"https:\\\/\\\/first-gt.com\\\/#website\"},\"primaryImageOfPage\":{\"@id\":\"https:\\\/\\\/first-gt.com\\\/fr\\\/vehicules\\\/mercedes-class-c\\\/#primaryimage\"},\"image\":{\"@id\":\"https:\\\/\\\/first-gt.com\\\/fr\\\/vehicules\\\/mercedes-class-c\\\/#primaryimage\"},\"thumbnailUrl\":\"https:\\\/\\\/first-gt.com\\\/wp-content\\\/uploads\\\/2021\\\/05\\\/mercedes-c-class.jpg\",\"datePublished\":\"2021-06-17T10:11:05+00:00\",\"dateModified\":\"2026-04-16T14:27:27+00:00\",\"breadcrumb\":{\"@id\":\"https:\\\/\\\/first-gt.com\\\/fr\\\/vehicules\\\/mercedes-class-c\\\/#breadcrumb\"},\"inLanguage\":\"fr-FR\",\"potentialAction\":[{\"@type\":\"ReadAction\",\"target\":[\"https:\\\/\\\/first-gt.com\\\/fr\\\/vehicules\\\/mercedes-class-c\\\/\"]}]},{\"@type\":\"ImageObject\",\"inLanguage\":\"fr-FR\",\"@id\":\"https:\\\/\\\/first-gt.com\\\/fr\\\/vehicules\\\/mercedes-class-c\\\/#primaryimage\",\"url\":\"https:\\\/\\\/first-gt.com\\\/wp-content\\\/uploads\\\/2021\\\/05\\\/mercedes-c-class.jpg\",\"contentUrl\":\"https:\\\/\\\/first-gt.com\\\/wp-content\\\/uploads\\\/2021\\\/05\\\/mercedes-c-class.jpg\",\"width\":1920,\"height\":1080},{\"@type\":\"BreadcrumbList\",\"@id\":\"https:\\\/\\\/first-gt.com\\\/fr\\\/vehicules\\\/mercedes-class-c\\\/#breadcrumb\",\"itemListElement\":[{\"@type\":\"ListItem\",\"position\":1,\"name\":\"Accueil\",\"item\":\"https:\\\/\\\/first-gt.com\\\/fr\\\/\"},{\"@type\":\"ListItem\",\"position\":2,\"name\":\"Notre flotte de v\u00e9hicules\",\"item\":\"https:\\\/\\\/first-gt.com\\\/fr\\\/vehicules\\\/\"},{\"@type\":\"ListItem\",\"position\":3,\"name\":\"MERCEDES Class C\"}]},{\"@type\":\"WebSite\",\"@id\":\"https:\\\/\\\/first-gt.com\\\/#website\",\"url\":\"https:\\\/\\\/first-gt.com\\\/\",\"name\":\"First GT\",\"description\":\"First GT\",\"potentialAction\":[{\"@type\":\"SearchAction\",\"target\":{\"@type\":\"EntryPoint\",\"urlTemplate\":\"https:\\\/\\\/first-gt.com\\\/?s={search_term_string}\"},\"query-input\":{\"@type\":\"PropertyValueSpecification\",\"valueRequired\":true,\"valueName\":\"search_term_string\"}}],\"inLanguage\":\"fr-FR\"}]}<\/script>\n<!-- \/ Yoast SEO plugin. -->","yoast_head_json":{"title":"MERCEDES Class C - First GT","robots":{"index":"index","follow":"follow","max-snippet":"max-snippet:-1","max-image-preview":"max-image-preview:large","max-video-preview":"max-video-preview:-1"},"canonical":"https:\/\/first-gt.com\/fr\/vehicules\/mercedes-class-c\/","og_locale":"fr_FR","og_type":"article","og_title":"MERCEDES Class C - First GT","og_description":"Nombre de places : 5 Puissance : 150 Prix pour 1 journ\u00e9e (250km inclus) : \u00e0 partir de 280\u20ac Prix pour 3 jours (750km inclus) : \u00e0 partir de 750\u20ac Prix pour 7 jours (1750km inclus) : \u00e0 partir de 1390\u20ac Franchise : 7500\u20ac Assurance compl\u00e9mentaire (par jour) : 35\u20ac par jour Franchise r\u00e9duite : 2500\u20ac","og_url":"https:\/\/first-gt.com\/fr\/vehicules\/mercedes-class-c\/","og_site_name":"First GT","article_modified_time":"2026-04-16T14:27:27+00:00","og_image":[{"width":1920,"height":1080,"url":"https:\/\/first-gt.com\/wp-content\/uploads\/2021\/05\/mercedes-c-class.jpg","type":"image\/jpeg"}],"twitter_card":"summary_large_image","twitter_misc":{"Dur\u00e9e de lecture estim\u00e9e":"1 minute"},"schema":{"@context":"https:\/\/schema.org","@graph":[{"@type":"WebPage","@id":"https:\/\/first-gt.com\/fr\/vehicules\/mercedes-class-c\/","url":"https:\/\/first-gt.com\/fr\/vehicules\/mercedes-class-c\/","name":"MERCEDES Class C - First GT","isPartOf":{"@id":"https:\/\/first-gt.com\/#website"},"primaryImageOfPage":{"@id":"https:\/\/first-gt.com\/fr\/vehicules\/mercedes-class-c\/#primaryimage"},"image":{"@id":"https:\/\/first-gt.com\/fr\/vehicules\/mercedes-class-c\/#primaryimage"},"thumbnailUrl":"https:\/\/first-gt.com\/wp-content\/uploads\/2021\/05\/mercedes-c-class.jpg","datePublished":"2021-06-17T10:11:05+00:00","dateModified":"2026-04-16T14:27:27+00:00","breadcrumb":{"@id":"https:\/\/first-gt.com\/fr\/vehicules\/mercedes-class-c\/#breadcrumb"},"inLanguage":"fr-FR","potentialAction":[{"@type":"ReadAction","target":["https:\/\/first-gt.com\/fr\/vehicules\/mercedes-class-c\/"]}]},{"@type":"ImageObject","inLanguage":"fr-FR","@id":"https:\/\/first-gt.com\/fr\/vehicules\/mercedes-class-c\/#primaryimage","url":"https:\/\/first-gt.com\/wp-content\/uploads\/2021\/05\/mercedes-c-class.jpg","contentUrl":"https:\/\/first-gt.com\/wp-content\/uploads\/2021\/05\/mercedes-c-class.jpg","width":1920,"height":1080},{"@type":"BreadcrumbList","@id":"https:\/\/first-gt.com\/fr\/vehicules\/mercedes-class-c\/#breadcrumb","itemListElement":[{"@type":"ListItem","position":1,"name":"Accueil","item":"https:\/\/first-gt.com\/fr\/"},{"@type":"ListItem","position":2,"name":"Notre flotte de v\u00e9hicules","item":"https:\/\/first-gt.com\/fr\/vehicules\/"},{"@type":"ListItem","position":3,"name":"MERCEDES Class C"}]},{"@type":"WebSite","@id":"https:\/\/first-gt.com\/#website","url":"https:\/\/first-gt.com\/","name":"First GT","description":"First GT","potentialAction":[{"@type":"SearchAction","target":{"@type":"EntryPoint","urlTemplate":"https:\/\/first-gt.com\/?s={search_term_string}"},"query-input":{"@type":"PropertyValueSpecification","valueRequired":true,"valueName":"search_term_string"}}],"inLanguage":"fr-FR"}]}},"brands":[{"id":42,"name":"Mercedes","slug":"mercedes-fr"}],"_links":{"self":[{"href":"https:\/\/first-gt.com\/fr\/wp-json\/wp\/v2\/product\/790","targetHints":{"allow":["GET"]}}],"collection":[{"href":"https:\/\/first-gt.com\/fr\/wp-json\/wp\/v2\/product"}],"about":[{"href":"https:\/\/first-gt.com\/fr\/wp-json\/wp\/v2\/types\/product"}],"wp:featuredmedia":[{"embeddable":true,"href":"https:\/\/first-gt.com\/fr\/wp-json\/wp\/v2\/media\/431"}],"wp:attachment":[{"href":"https:\/\/first-gt.com\/fr\/wp-json\/wp\/v2\/media?parent=790"}],"wp:term":[{"taxonomy":"pwb-brand","embeddable":true,"href":"https:\/\/first-gt.com\/fr\/wp-json\/wp\/v2\/pwb-brand?post=790"},{"taxonomy":"product_brand","embeddable":true,"href":"https:\/\/first-gt.com\/fr\/wp-json\/wp\/v2\/product_brand?post=790"},{"taxonomy":"product_cat","embeddable":true,"href":"https:\/\/first-gt.com\/fr\/wp-json\/wp\/v2\/product_cat?post=790"},{"taxonomy":"product_tag","embeddable":true,"href":"https:\/\/first-gt.com\/fr\/wp-json\/wp\/v2\/product_tag?post=790"}],"curies":[{"name":"wp","href":"https:\/\/api.w.org\/{rel}","templated":true}]}}