{"id":781,"date":"2021-06-17T10:11:02","date_gmt":"2021-06-17T10:11:02","guid":{"rendered":"https:\/\/first-gt.com\/produit\/mercedes-gle-350\/"},"modified":"2026-04-16T14:30:42","modified_gmt":"2026-04-16T14:30:42","slug":"mercedes-gle-350","status":"publish","type":"product","link":"https:\/\/first-gt.com\/fr\/vehicules\/mercedes-gle-350\/","title":{"rendered":"MERCEDES GLE 350"},"content":{"rendered":"<p>La Mercedes GLE 350 \u00e9largit l\u2019exp\u00e9rience SUV avec davantage d\u2019espace et de confort. Son design plus imposant refl\u00e8te son positionnement sup\u00e9rieur dans la gamme. L\u2019int\u00e9rieur propose un habitacle spacieux, pens\u00e9 pour le confort des passagers. Sur la route, elle privil\u00e9gie la stabilit\u00e9 et la fluidit\u00e9, en particulier sur longues distances. Elle s\u2019adresse \u00e0 ceux qui recherchent un SUV familial haut de gamme, sans compromis sur le confort.<\/p>\n","protected":false},"excerpt":{"rendered":"<p>Nombre de places : 5<br \/>\nPuissance : 286<br \/>\nPrix pour 1 journ\u00e9e (250km inclus) :<br \/>\n<span class=\"redclass\">\u00e0 partir de 650\u20ac<\/span><br \/>\nPrix pour 3 jours (750km inclus) :<br \/>\n<span class=\"redclass\">\u00e0 partir de 1680\u20ac<\/span><br \/>\nPrix pour 7 jours (1750km inclus) :<br \/>\n<span class=\"redclass\">\u00e0 partir de 3180\u20ac<\/span><br \/>\nFranchise :<br \/>\n<span class=\"redclass\">14000\u20ac<\/span><br \/>\nAssurance compl\u00e9mentaire (par jour) :<br \/>\n<span class=\"redclass\">40\u20ac par jour<\/span><br \/>\nFranchise r\u00e9duite :<br \/>\n<span class=\"redclass\">6000\u20ac<\/span><\/p>\n","protected":false},"featured_media":413,"template":"","meta":[],"pwb-brand":[42],"product_brand":[],"product_cat":[73],"product_tag":[],"class_list":{"0":"post-781","1":"product","2":"type-product","3":"status-publish","4":"has-post-thumbnail","6":"pwb-brand-mercedes-fr","7":"product_cat-4-x-4-suv","9":"first","10":"instock","11":"shipping-taxable","12":"product-type-simple","13":"add-to-wishlist-after_add_to_cart"},"yoast_head":"<!-- This site is optimized with the Yoast SEO plugin v27.5 - https:\/\/yoast.com\/product\/yoast-seo-wordpress\/ -->\n<title>MERCEDES GLE 350 - First GT<\/title>\n<meta name=\"robots\" content=\"index, follow, max-snippet:-1, max-image-preview:large, max-video-preview:-1\" \/>\n<link rel=\"canonical\" href=\"https:\/\/first-gt.com\/fr\/vehicules\/mercedes-gle-350\/\" \/>\n<meta property=\"og:locale\" content=\"fr_FR\" \/>\n<meta property=\"og:type\" content=\"article\" \/>\n<meta property=\"og:title\" content=\"MERCEDES GLE 350 - First GT\" \/>\n<meta property=\"og:description\" content=\"Nombre de places : 5 Puissance : 286 Prix pour 1 journ\u00e9e (250km inclus) : \u00e0 partir de 650\u20ac Prix pour 3 jours (750km inclus) : \u00e0 partir de 1680\u20ac Prix pour 7 jours (1750km inclus) : \u00e0 partir de 3180\u20ac Franchise : 14000\u20ac Assurance compl\u00e9mentaire (par jour) : 40\u20ac par jour Franchise r\u00e9duite : 6000\u20ac\" \/>\n<meta property=\"og:url\" content=\"https:\/\/first-gt.com\/fr\/vehicules\/mercedes-gle-350\/\" \/>\n<meta property=\"og:site_name\" content=\"First GT\" \/>\n<meta property=\"article:modified_time\" content=\"2026-04-16T14:30:42+00:00\" \/>\n<meta property=\"og:image\" content=\"https:\/\/first-gt.com\/wp-content\/uploads\/2021\/05\/suv-mercedes-gle.jpg\" \/>\n\t<meta property=\"og:image:width\" content=\"1920\" \/>\n\t<meta property=\"og:image:height\" content=\"1190\" \/>\n\t<meta property=\"og:image:type\" content=\"image\/jpeg\" \/>\n<meta name=\"twitter:card\" content=\"summary_large_image\" \/>\n<meta name=\"twitter:label1\" content=\"Dur\u00e9e de lecture estim\u00e9e\" \/>\n\t<meta name=\"twitter:data1\" content=\"1 minute\" \/>\n<script type=\"application\/ld+json\" class=\"yoast-schema-graph\">{\"@context\":\"https:\\\/\\\/schema.org\",\"@graph\":[{\"@type\":\"WebPage\",\"@id\":\"https:\\\/\\\/first-gt.com\\\/fr\\\/vehicules\\\/mercedes-gle-350\\\/\",\"url\":\"https:\\\/\\\/first-gt.com\\\/fr\\\/vehicules\\\/mercedes-gle-350\\\/\",\"name\":\"MERCEDES GLE 350 - First GT\",\"isPartOf\":{\"@id\":\"https:\\\/\\\/first-gt.com\\\/#website\"},\"primaryImageOfPage\":{\"@id\":\"https:\\\/\\\/first-gt.com\\\/fr\\\/vehicules\\\/mercedes-gle-350\\\/#primaryimage\"},\"image\":{\"@id\":\"https:\\\/\\\/first-gt.com\\\/fr\\\/vehicules\\\/mercedes-gle-350\\\/#primaryimage\"},\"thumbnailUrl\":\"https:\\\/\\\/first-gt.com\\\/wp-content\\\/uploads\\\/2021\\\/05\\\/suv-mercedes-gle.jpg\",\"datePublished\":\"2021-06-17T10:11:02+00:00\",\"dateModified\":\"2026-04-16T14:30:42+00:00\",\"breadcrumb\":{\"@id\":\"https:\\\/\\\/first-gt.com\\\/fr\\\/vehicules\\\/mercedes-gle-350\\\/#breadcrumb\"},\"inLanguage\":\"fr-FR\",\"potentialAction\":[{\"@type\":\"ReadAction\",\"target\":[\"https:\\\/\\\/first-gt.com\\\/fr\\\/vehicules\\\/mercedes-gle-350\\\/\"]}]},{\"@type\":\"ImageObject\",\"inLanguage\":\"fr-FR\",\"@id\":\"https:\\\/\\\/first-gt.com\\\/fr\\\/vehicules\\\/mercedes-gle-350\\\/#primaryimage\",\"url\":\"https:\\\/\\\/first-gt.com\\\/wp-content\\\/uploads\\\/2021\\\/05\\\/suv-mercedes-gle.jpg\",\"contentUrl\":\"https:\\\/\\\/first-gt.com\\\/wp-content\\\/uploads\\\/2021\\\/05\\\/suv-mercedes-gle.jpg\",\"width\":1920,\"height\":1190},{\"@type\":\"BreadcrumbList\",\"@id\":\"https:\\\/\\\/first-gt.com\\\/fr\\\/vehicules\\\/mercedes-gle-350\\\/#breadcrumb\",\"itemListElement\":[{\"@type\":\"ListItem\",\"position\":1,\"name\":\"Accueil\",\"item\":\"https:\\\/\\\/first-gt.com\\\/fr\\\/\"},{\"@type\":\"ListItem\",\"position\":2,\"name\":\"Notre flotte de v\u00e9hicules\",\"item\":\"https:\\\/\\\/first-gt.com\\\/fr\\\/vehicules\\\/\"},{\"@type\":\"ListItem\",\"position\":3,\"name\":\"MERCEDES GLE 350\"}]},{\"@type\":\"WebSite\",\"@id\":\"https:\\\/\\\/first-gt.com\\\/#website\",\"url\":\"https:\\\/\\\/first-gt.com\\\/\",\"name\":\"First GT\",\"description\":\"First GT\",\"potentialAction\":[{\"@type\":\"SearchAction\",\"target\":{\"@type\":\"EntryPoint\",\"urlTemplate\":\"https:\\\/\\\/first-gt.com\\\/?s={search_term_string}\"},\"query-input\":{\"@type\":\"PropertyValueSpecification\",\"valueRequired\":true,\"valueName\":\"search_term_string\"}}],\"inLanguage\":\"fr-FR\"}]}<\/script>\n<!-- \/ Yoast SEO plugin. -->","yoast_head_json":{"title":"MERCEDES GLE 350 - First GT","robots":{"index":"index","follow":"follow","max-snippet":"max-snippet:-1","max-image-preview":"max-image-preview:large","max-video-preview":"max-video-preview:-1"},"canonical":"https:\/\/first-gt.com\/fr\/vehicules\/mercedes-gle-350\/","og_locale":"fr_FR","og_type":"article","og_title":"MERCEDES GLE 350 - First GT","og_description":"Nombre de places : 5 Puissance : 286 Prix pour 1 journ\u00e9e (250km inclus) : \u00e0 partir de 650\u20ac Prix pour 3 jours (750km inclus) : \u00e0 partir de 1680\u20ac Prix pour 7 jours (1750km inclus) : \u00e0 partir de 3180\u20ac Franchise : 14000\u20ac Assurance compl\u00e9mentaire (par jour) : 40\u20ac par jour Franchise r\u00e9duite : 6000\u20ac","og_url":"https:\/\/first-gt.com\/fr\/vehicules\/mercedes-gle-350\/","og_site_name":"First GT","article_modified_time":"2026-04-16T14:30:42+00:00","og_image":[{"width":1920,"height":1190,"url":"https:\/\/first-gt.com\/wp-content\/uploads\/2021\/05\/suv-mercedes-gle.jpg","type":"image\/jpeg"}],"twitter_card":"summary_large_image","twitter_misc":{"Dur\u00e9e de lecture estim\u00e9e":"1 minute"},"schema":{"@context":"https:\/\/schema.org","@graph":[{"@type":"WebPage","@id":"https:\/\/first-gt.com\/fr\/vehicules\/mercedes-gle-350\/","url":"https:\/\/first-gt.com\/fr\/vehicules\/mercedes-gle-350\/","name":"MERCEDES GLE 350 - First GT","isPartOf":{"@id":"https:\/\/first-gt.com\/#website"},"primaryImageOfPage":{"@id":"https:\/\/first-gt.com\/fr\/vehicules\/mercedes-gle-350\/#primaryimage"},"image":{"@id":"https:\/\/first-gt.com\/fr\/vehicules\/mercedes-gle-350\/#primaryimage"},"thumbnailUrl":"https:\/\/first-gt.com\/wp-content\/uploads\/2021\/05\/suv-mercedes-gle.jpg","datePublished":"2021-06-17T10:11:02+00:00","dateModified":"2026-04-16T14:30:42+00:00","breadcrumb":{"@id":"https:\/\/first-gt.com\/fr\/vehicules\/mercedes-gle-350\/#breadcrumb"},"inLanguage":"fr-FR","potentialAction":[{"@type":"ReadAction","target":["https:\/\/first-gt.com\/fr\/vehicules\/mercedes-gle-350\/"]}]},{"@type":"ImageObject","inLanguage":"fr-FR","@id":"https:\/\/first-gt.com\/fr\/vehicules\/mercedes-gle-350\/#primaryimage","url":"https:\/\/first-gt.com\/wp-content\/uploads\/2021\/05\/suv-mercedes-gle.jpg","contentUrl":"https:\/\/first-gt.com\/wp-content\/uploads\/2021\/05\/suv-mercedes-gle.jpg","width":1920,"height":1190},{"@type":"BreadcrumbList","@id":"https:\/\/first-gt.com\/fr\/vehicules\/mercedes-gle-350\/#breadcrumb","itemListElement":[{"@type":"ListItem","position":1,"name":"Accueil","item":"https:\/\/first-gt.com\/fr\/"},{"@type":"ListItem","position":2,"name":"Notre flotte de v\u00e9hicules","item":"https:\/\/first-gt.com\/fr\/vehicules\/"},{"@type":"ListItem","position":3,"name":"MERCEDES GLE 350"}]},{"@type":"WebSite","@id":"https:\/\/first-gt.com\/#website","url":"https:\/\/first-gt.com\/","name":"First GT","description":"First GT","potentialAction":[{"@type":"SearchAction","target":{"@type":"EntryPoint","urlTemplate":"https:\/\/first-gt.com\/?s={search_term_string}"},"query-input":{"@type":"PropertyValueSpecification","valueRequired":true,"valueName":"search_term_string"}}],"inLanguage":"fr-FR"}]}},"brands":[{"id":42,"name":"Mercedes","slug":"mercedes-fr"}],"_links":{"self":[{"href":"https:\/\/first-gt.com\/fr\/wp-json\/wp\/v2\/product\/781","targetHints":{"allow":["GET"]}}],"collection":[{"href":"https:\/\/first-gt.com\/fr\/wp-json\/wp\/v2\/product"}],"about":[{"href":"https:\/\/first-gt.com\/fr\/wp-json\/wp\/v2\/types\/product"}],"wp:featuredmedia":[{"embeddable":true,"href":"https:\/\/first-gt.com\/fr\/wp-json\/wp\/v2\/media\/413"}],"wp:attachment":[{"href":"https:\/\/first-gt.com\/fr\/wp-json\/wp\/v2\/media?parent=781"}],"wp:term":[{"taxonomy":"pwb-brand","embeddable":true,"href":"https:\/\/first-gt.com\/fr\/wp-json\/wp\/v2\/pwb-brand?post=781"},{"taxonomy":"product_brand","embeddable":true,"href":"https:\/\/first-gt.com\/fr\/wp-json\/wp\/v2\/product_brand?post=781"},{"taxonomy":"product_cat","embeddable":true,"href":"https:\/\/first-gt.com\/fr\/wp-json\/wp\/v2\/product_cat?post=781"},{"taxonomy":"product_tag","embeddable":true,"href":"https:\/\/first-gt.com\/fr\/wp-json\/wp\/v2\/product_tag?post=781"}],"curies":[{"name":"wp","href":"https:\/\/api.w.org\/{rel}","templated":true}]}}