{"id":769,"date":"2021-06-17T10:11:01","date_gmt":"2021-06-17T10:11:01","guid":{"rendered":"https:\/\/first-gt.com\/produit\/porsche-cayenne-turbo\/"},"modified":"2026-04-16T14:35:31","modified_gmt":"2026-04-16T14:35:31","slug":"porsche-cayenne-turbo","status":"publish","type":"product","link":"https:\/\/first-gt.com\/fr\/vehicules\/porsche-cayenne-turbo\/","title":{"rendered":"PORSCHE Cayenne Turbo"},"content":{"rendered":"<p>La Porsche Cayenne Turbo pousse encore plus loin les performances du SUV, avec une approche plus radicale. Son design int\u00e8gre des \u00e9l\u00e9ments sp\u00e9cifiques qui renforcent son caract\u00e8re sportif. L\u2019int\u00e9rieur reste luxueux et technologique, avec un haut niveau de finition. Sur la route, elle d\u00e9livre des performances \u00e9lev\u00e9es et un comportement dynamique remarquable pour sa cat\u00e9gorie. Elle combine puissance et polyvalence dans un format spacieux.<\/p>\n","protected":false},"excerpt":{"rendered":"<p>Nombre de places : 5<br \/>\nPuissance : 739<br \/>\nPrix pour 1 journ\u00e9e (250km inclus) :<br \/>\n<span class=\"redclass\">\u00e0 partir de 1160\u20ac<\/span><br \/>\nPrix pour 3 jours (750km inclus) :<br \/>\n<span class=\"redclass\">\u00e0 partir de 3100\u20ac<\/span><br \/>\nPrix pour 7 jours (1750km inclus) :<br \/>\n<span class=\"redclass\">\u00e0 partir de 5800\u20ac<\/span><br \/>\nFranchise :<br \/>\n<span class=\"redclass\">30000\u20ac<\/span><br \/>\nAssurance compl\u00e9mentaire (par jour) :<br \/>\n<span class=\"redclass\">100\u20ac par jour<\/span><br \/>\nFranchise r\u00e9duite :<br \/>\n<span class=\"redclass\">10000\u20ac<\/span><\/p>\n","protected":false},"featured_media":331,"template":"","meta":[],"pwb-brand":[113],"product_brand":[],"product_cat":[73],"product_tag":[],"class_list":{"0":"post-769","1":"product","2":"type-product","3":"status-publish","4":"has-post-thumbnail","6":"pwb-brand-porsche-fr","7":"product_cat-4-x-4-suv","9":"first","10":"instock","11":"featured","12":"shipping-taxable","13":"product-type-simple","14":"add-to-wishlist-after_add_to_cart"},"yoast_head":"<!-- This site is optimized with the Yoast SEO plugin v27.5 - https:\/\/yoast.com\/product\/yoast-seo-wordpress\/ -->\n<title>PORSCHE Cayenne Turbo - First GT<\/title>\n<meta name=\"robots\" content=\"index, follow, max-snippet:-1, max-image-preview:large, max-video-preview:-1\" \/>\n<link rel=\"canonical\" href=\"https:\/\/first-gt.com\/fr\/vehicules\/porsche-cayenne-turbo\/\" \/>\n<meta property=\"og:locale\" content=\"fr_FR\" \/>\n<meta property=\"og:type\" content=\"article\" \/>\n<meta property=\"og:title\" content=\"PORSCHE Cayenne Turbo - First GT\" \/>\n<meta property=\"og:description\" content=\"Nombre de places : 5 Puissance : 739 Prix pour 1 journ\u00e9e (250km inclus) : \u00e0 partir de 1160\u20ac Prix pour 3 jours (750km inclus) : \u00e0 partir de 3100\u20ac Prix pour 7 jours (1750km inclus) : \u00e0 partir de 5800\u20ac Franchise : 30000\u20ac Assurance compl\u00e9mentaire (par jour) : 100\u20ac par jour Franchise r\u00e9duite : 10000\u20ac\" \/>\n<meta property=\"og:url\" content=\"https:\/\/first-gt.com\/fr\/vehicules\/porsche-cayenne-turbo\/\" \/>\n<meta property=\"og:site_name\" content=\"First GT\" \/>\n<meta property=\"article:modified_time\" content=\"2026-04-16T14:35:31+00:00\" \/>\n<meta property=\"og:image\" content=\"https:\/\/first-gt.com\/wp-content\/uploads\/2021\/05\/suv-porsche-cayenne-turbo.jpg\" \/>\n\t<meta property=\"og:image:width\" content=\"2000\" \/>\n\t<meta property=\"og:image:height\" content=\"1333\" \/>\n\t<meta property=\"og:image:type\" content=\"image\/jpeg\" \/>\n<meta name=\"twitter:card\" content=\"summary_large_image\" \/>\n<meta name=\"twitter:label1\" content=\"Dur\u00e9e de lecture estim\u00e9e\" \/>\n\t<meta name=\"twitter:data1\" content=\"1 minute\" \/>\n<script type=\"application\/ld+json\" class=\"yoast-schema-graph\">{\"@context\":\"https:\\\/\\\/schema.org\",\"@graph\":[{\"@type\":\"WebPage\",\"@id\":\"https:\\\/\\\/first-gt.com\\\/fr\\\/vehicules\\\/porsche-cayenne-turbo\\\/\",\"url\":\"https:\\\/\\\/first-gt.com\\\/fr\\\/vehicules\\\/porsche-cayenne-turbo\\\/\",\"name\":\"PORSCHE Cayenne Turbo - First GT\",\"isPartOf\":{\"@id\":\"https:\\\/\\\/first-gt.com\\\/#website\"},\"primaryImageOfPage\":{\"@id\":\"https:\\\/\\\/first-gt.com\\\/fr\\\/vehicules\\\/porsche-cayenne-turbo\\\/#primaryimage\"},\"image\":{\"@id\":\"https:\\\/\\\/first-gt.com\\\/fr\\\/vehicules\\\/porsche-cayenne-turbo\\\/#primaryimage\"},\"thumbnailUrl\":\"https:\\\/\\\/first-gt.com\\\/wp-content\\\/uploads\\\/2021\\\/05\\\/suv-porsche-cayenne-turbo.jpg\",\"datePublished\":\"2021-06-17T10:11:01+00:00\",\"dateModified\":\"2026-04-16T14:35:31+00:00\",\"breadcrumb\":{\"@id\":\"https:\\\/\\\/first-gt.com\\\/fr\\\/vehicules\\\/porsche-cayenne-turbo\\\/#breadcrumb\"},\"inLanguage\":\"fr-FR\",\"potentialAction\":[{\"@type\":\"ReadAction\",\"target\":[\"https:\\\/\\\/first-gt.com\\\/fr\\\/vehicules\\\/porsche-cayenne-turbo\\\/\"]}]},{\"@type\":\"ImageObject\",\"inLanguage\":\"fr-FR\",\"@id\":\"https:\\\/\\\/first-gt.com\\\/fr\\\/vehicules\\\/porsche-cayenne-turbo\\\/#primaryimage\",\"url\":\"https:\\\/\\\/first-gt.com\\\/wp-content\\\/uploads\\\/2021\\\/05\\\/suv-porsche-cayenne-turbo.jpg\",\"contentUrl\":\"https:\\\/\\\/first-gt.com\\\/wp-content\\\/uploads\\\/2021\\\/05\\\/suv-porsche-cayenne-turbo.jpg\",\"width\":2000,\"height\":1333},{\"@type\":\"BreadcrumbList\",\"@id\":\"https:\\\/\\\/first-gt.com\\\/fr\\\/vehicules\\\/porsche-cayenne-turbo\\\/#breadcrumb\",\"itemListElement\":[{\"@type\":\"ListItem\",\"position\":1,\"name\":\"Accueil\",\"item\":\"https:\\\/\\\/first-gt.com\\\/fr\\\/\"},{\"@type\":\"ListItem\",\"position\":2,\"name\":\"Notre flotte de v\u00e9hicules\",\"item\":\"https:\\\/\\\/first-gt.com\\\/fr\\\/vehicules\\\/\"},{\"@type\":\"ListItem\",\"position\":3,\"name\":\"PORSCHE Cayenne Turbo\"}]},{\"@type\":\"WebSite\",\"@id\":\"https:\\\/\\\/first-gt.com\\\/#website\",\"url\":\"https:\\\/\\\/first-gt.com\\\/\",\"name\":\"First GT\",\"description\":\"First GT\",\"potentialAction\":[{\"@type\":\"SearchAction\",\"target\":{\"@type\":\"EntryPoint\",\"urlTemplate\":\"https:\\\/\\\/first-gt.com\\\/?s={search_term_string}\"},\"query-input\":{\"@type\":\"PropertyValueSpecification\",\"valueRequired\":true,\"valueName\":\"search_term_string\"}}],\"inLanguage\":\"fr-FR\"}]}<\/script>\n<!-- \/ Yoast SEO plugin. -->","yoast_head_json":{"title":"PORSCHE Cayenne Turbo - First GT","robots":{"index":"index","follow":"follow","max-snippet":"max-snippet:-1","max-image-preview":"max-image-preview:large","max-video-preview":"max-video-preview:-1"},"canonical":"https:\/\/first-gt.com\/fr\/vehicules\/porsche-cayenne-turbo\/","og_locale":"fr_FR","og_type":"article","og_title":"PORSCHE Cayenne Turbo - First GT","og_description":"Nombre de places : 5 Puissance : 739 Prix pour 1 journ\u00e9e (250km inclus) : \u00e0 partir de 1160\u20ac Prix pour 3 jours (750km inclus) : \u00e0 partir de 3100\u20ac Prix pour 7 jours (1750km inclus) : \u00e0 partir de 5800\u20ac Franchise : 30000\u20ac Assurance compl\u00e9mentaire (par jour) : 100\u20ac par jour Franchise r\u00e9duite : 10000\u20ac","og_url":"https:\/\/first-gt.com\/fr\/vehicules\/porsche-cayenne-turbo\/","og_site_name":"First GT","article_modified_time":"2026-04-16T14:35:31+00:00","og_image":[{"width":2000,"height":1333,"url":"https:\/\/first-gt.com\/wp-content\/uploads\/2021\/05\/suv-porsche-cayenne-turbo.jpg","type":"image\/jpeg"}],"twitter_card":"summary_large_image","twitter_misc":{"Dur\u00e9e de lecture estim\u00e9e":"1 minute"},"schema":{"@context":"https:\/\/schema.org","@graph":[{"@type":"WebPage","@id":"https:\/\/first-gt.com\/fr\/vehicules\/porsche-cayenne-turbo\/","url":"https:\/\/first-gt.com\/fr\/vehicules\/porsche-cayenne-turbo\/","name":"PORSCHE Cayenne Turbo - First GT","isPartOf":{"@id":"https:\/\/first-gt.com\/#website"},"primaryImageOfPage":{"@id":"https:\/\/first-gt.com\/fr\/vehicules\/porsche-cayenne-turbo\/#primaryimage"},"image":{"@id":"https:\/\/first-gt.com\/fr\/vehicules\/porsche-cayenne-turbo\/#primaryimage"},"thumbnailUrl":"https:\/\/first-gt.com\/wp-content\/uploads\/2021\/05\/suv-porsche-cayenne-turbo.jpg","datePublished":"2021-06-17T10:11:01+00:00","dateModified":"2026-04-16T14:35:31+00:00","breadcrumb":{"@id":"https:\/\/first-gt.com\/fr\/vehicules\/porsche-cayenne-turbo\/#breadcrumb"},"inLanguage":"fr-FR","potentialAction":[{"@type":"ReadAction","target":["https:\/\/first-gt.com\/fr\/vehicules\/porsche-cayenne-turbo\/"]}]},{"@type":"ImageObject","inLanguage":"fr-FR","@id":"https:\/\/first-gt.com\/fr\/vehicules\/porsche-cayenne-turbo\/#primaryimage","url":"https:\/\/first-gt.com\/wp-content\/uploads\/2021\/05\/suv-porsche-cayenne-turbo.jpg","contentUrl":"https:\/\/first-gt.com\/wp-content\/uploads\/2021\/05\/suv-porsche-cayenne-turbo.jpg","width":2000,"height":1333},{"@type":"BreadcrumbList","@id":"https:\/\/first-gt.com\/fr\/vehicules\/porsche-cayenne-turbo\/#breadcrumb","itemListElement":[{"@type":"ListItem","position":1,"name":"Accueil","item":"https:\/\/first-gt.com\/fr\/"},{"@type":"ListItem","position":2,"name":"Notre flotte de v\u00e9hicules","item":"https:\/\/first-gt.com\/fr\/vehicules\/"},{"@type":"ListItem","position":3,"name":"PORSCHE Cayenne Turbo"}]},{"@type":"WebSite","@id":"https:\/\/first-gt.com\/#website","url":"https:\/\/first-gt.com\/","name":"First GT","description":"First GT","potentialAction":[{"@type":"SearchAction","target":{"@type":"EntryPoint","urlTemplate":"https:\/\/first-gt.com\/?s={search_term_string}"},"query-input":{"@type":"PropertyValueSpecification","valueRequired":true,"valueName":"search_term_string"}}],"inLanguage":"fr-FR"}]}},"brands":[{"id":113,"name":"Porsche","slug":"porsche-fr"}],"_links":{"self":[{"href":"https:\/\/first-gt.com\/fr\/wp-json\/wp\/v2\/product\/769","targetHints":{"allow":["GET"]}}],"collection":[{"href":"https:\/\/first-gt.com\/fr\/wp-json\/wp\/v2\/product"}],"about":[{"href":"https:\/\/first-gt.com\/fr\/wp-json\/wp\/v2\/types\/product"}],"wp:featuredmedia":[{"embeddable":true,"href":"https:\/\/first-gt.com\/fr\/wp-json\/wp\/v2\/media\/331"}],"wp:attachment":[{"href":"https:\/\/first-gt.com\/fr\/wp-json\/wp\/v2\/media?parent=769"}],"wp:term":[{"taxonomy":"pwb-brand","embeddable":true,"href":"https:\/\/first-gt.com\/fr\/wp-json\/wp\/v2\/pwb-brand?post=769"},{"taxonomy":"product_brand","embeddable":true,"href":"https:\/\/first-gt.com\/fr\/wp-json\/wp\/v2\/product_brand?post=769"},{"taxonomy":"product_cat","embeddable":true,"href":"https:\/\/first-gt.com\/fr\/wp-json\/wp\/v2\/product_cat?post=769"},{"taxonomy":"product_tag","embeddable":true,"href":"https:\/\/first-gt.com\/fr\/wp-json\/wp\/v2\/product_tag?post=769"}],"curies":[{"name":"wp","href":"https:\/\/api.w.org\/{rel}","templated":true}]}}