{"id":765,"date":"2021-06-17T10:11:01","date_gmt":"2021-06-17T10:11:01","guid":{"rendered":"https:\/\/first-gt.com\/produit\/rolls-royce-cullinan\/"},"modified":"2026-04-16T14:37:51","modified_gmt":"2026-04-16T14:37:51","slug":"rolls-royce-cullinan","status":"publish","type":"product","link":"https:\/\/first-gt.com\/fr\/vehicules\/rolls-royce-cullinan\/","title":{"rendered":"ROLLS ROYCE Cullinan"},"content":{"rendered":"<p>La Rolls-Royce Cullinan transpose l\u2019univers de la marque dans le segment des SUV, sans compromis sur le luxe. Son design imposant reste fid\u00e8le \u00e0 l\u2019identit\u00e9 Rolls-Royce. L\u2019int\u00e9rieur propose un espace raffin\u00e9 et spacieux, pens\u00e9 pour le confort des passagers. Sur la route, elle offre une conduite douce et ma\u00eetris\u00e9e, quelles que soient les conditions. Elle incarne une vision du SUV orient\u00e9e vers l\u2019exclusivit\u00e9 et le confort absolu.<\/p>\n","protected":false},"excerpt":{"rendered":"<p>Nombre de places : 4<br \/>\nPuissance : 571<br \/>\nPrix pour 1 journ\u00e9e (250km inclus) :<br \/>\n<span class=\"redclass\">\u00e0 partir de 3500\u20ac<\/span><br \/>\nPrix pour 3 jours (750km inclus) :<br \/>\n<span class=\"redclass\">\u00e0 partir de 9450\u20ac<\/span><br \/>\nPrix pour 7 jours (1750km inclus) :<br \/>\n<span class=\"redclass\">\u00e0 partir de 20500\u20ac<\/span><br \/>\nFranchise :<br \/>\n<span class=\"redclass\">100000\u20ac<\/span><br \/>\nAssurance compl\u00e9mentaire (par jour) :<br \/>\n<span class=\"redclass\">250\u20ac par jour<\/span><br \/>\nFranchise r\u00e9duite :<br \/>\n<span class=\"redclass\">30000\u20ac<\/span><\/p>\n","protected":false},"featured_media":175,"template":"","meta":[],"pwb-brand":[110],"product_brand":[],"product_cat":[73],"product_tag":[],"class_list":{"0":"post-765","1":"product","2":"type-product","3":"status-publish","4":"has-post-thumbnail","6":"pwb-brand-rolls-royce-fr","7":"product_cat-4-x-4-suv","9":"first","10":"instock","11":"shipping-taxable","12":"product-type-simple","13":"add-to-wishlist-after_add_to_cart"},"yoast_head":"<!-- This site is optimized with the Yoast SEO plugin v27.5 - https:\/\/yoast.com\/product\/yoast-seo-wordpress\/ -->\n<title>ROLLS ROYCE Cullinan - First GT<\/title>\n<meta name=\"robots\" content=\"index, follow, max-snippet:-1, max-image-preview:large, max-video-preview:-1\" \/>\n<link rel=\"canonical\" href=\"https:\/\/first-gt.com\/fr\/vehicules\/rolls-royce-cullinan\/\" \/>\n<meta property=\"og:locale\" content=\"fr_FR\" \/>\n<meta property=\"og:type\" content=\"article\" \/>\n<meta property=\"og:title\" content=\"ROLLS ROYCE Cullinan - First GT\" \/>\n<meta property=\"og:description\" content=\"Nombre de places : 4 Puissance : 571 Prix pour 1 journ\u00e9e (250km inclus) : \u00e0 partir de 3500\u20ac Prix pour 3 jours (750km inclus) : \u00e0 partir de 9450\u20ac Prix pour 7 jours (1750km inclus) : \u00e0 partir de 20500\u20ac Franchise : 100000\u20ac Assurance compl\u00e9mentaire (par jour) : 250\u20ac par jour Franchise r\u00e9duite : 30000\u20ac\" \/>\n<meta property=\"og:url\" content=\"https:\/\/first-gt.com\/fr\/vehicules\/rolls-royce-cullinan\/\" \/>\n<meta property=\"og:site_name\" content=\"First GT\" \/>\n<meta property=\"article:modified_time\" content=\"2026-04-16T14:37:51+00:00\" \/>\n<meta property=\"og:image\" content=\"https:\/\/first-gt.com\/wp-content\/uploads\/2021\/05\/suv-rolls-royce-cullinan.jpg\" \/>\n\t<meta property=\"og:image:width\" content=\"1920\" \/>\n\t<meta property=\"og:image:height\" content=\"1200\" \/>\n\t<meta property=\"og:image:type\" content=\"image\/jpeg\" \/>\n<meta name=\"twitter:card\" content=\"summary_large_image\" \/>\n<meta name=\"twitter:label1\" content=\"Dur\u00e9e de lecture estim\u00e9e\" \/>\n\t<meta name=\"twitter:data1\" content=\"1 minute\" \/>\n<script type=\"application\/ld+json\" class=\"yoast-schema-graph\">{\"@context\":\"https:\\\/\\\/schema.org\",\"@graph\":[{\"@type\":\"WebPage\",\"@id\":\"https:\\\/\\\/first-gt.com\\\/fr\\\/vehicules\\\/rolls-royce-cullinan\\\/\",\"url\":\"https:\\\/\\\/first-gt.com\\\/fr\\\/vehicules\\\/rolls-royce-cullinan\\\/\",\"name\":\"ROLLS ROYCE Cullinan - First GT\",\"isPartOf\":{\"@id\":\"https:\\\/\\\/first-gt.com\\\/#website\"},\"primaryImageOfPage\":{\"@id\":\"https:\\\/\\\/first-gt.com\\\/fr\\\/vehicules\\\/rolls-royce-cullinan\\\/#primaryimage\"},\"image\":{\"@id\":\"https:\\\/\\\/first-gt.com\\\/fr\\\/vehicules\\\/rolls-royce-cullinan\\\/#primaryimage\"},\"thumbnailUrl\":\"https:\\\/\\\/first-gt.com\\\/wp-content\\\/uploads\\\/2021\\\/05\\\/suv-rolls-royce-cullinan.jpg\",\"datePublished\":\"2021-06-17T10:11:01+00:00\",\"dateModified\":\"2026-04-16T14:37:51+00:00\",\"breadcrumb\":{\"@id\":\"https:\\\/\\\/first-gt.com\\\/fr\\\/vehicules\\\/rolls-royce-cullinan\\\/#breadcrumb\"},\"inLanguage\":\"fr-FR\",\"potentialAction\":[{\"@type\":\"ReadAction\",\"target\":[\"https:\\\/\\\/first-gt.com\\\/fr\\\/vehicules\\\/rolls-royce-cullinan\\\/\"]}]},{\"@type\":\"ImageObject\",\"inLanguage\":\"fr-FR\",\"@id\":\"https:\\\/\\\/first-gt.com\\\/fr\\\/vehicules\\\/rolls-royce-cullinan\\\/#primaryimage\",\"url\":\"https:\\\/\\\/first-gt.com\\\/wp-content\\\/uploads\\\/2021\\\/05\\\/suv-rolls-royce-cullinan.jpg\",\"contentUrl\":\"https:\\\/\\\/first-gt.com\\\/wp-content\\\/uploads\\\/2021\\\/05\\\/suv-rolls-royce-cullinan.jpg\",\"width\":1920,\"height\":1200},{\"@type\":\"BreadcrumbList\",\"@id\":\"https:\\\/\\\/first-gt.com\\\/fr\\\/vehicules\\\/rolls-royce-cullinan\\\/#breadcrumb\",\"itemListElement\":[{\"@type\":\"ListItem\",\"position\":1,\"name\":\"Accueil\",\"item\":\"https:\\\/\\\/first-gt.com\\\/fr\\\/\"},{\"@type\":\"ListItem\",\"position\":2,\"name\":\"Notre flotte de v\u00e9hicules\",\"item\":\"https:\\\/\\\/first-gt.com\\\/fr\\\/vehicules\\\/\"},{\"@type\":\"ListItem\",\"position\":3,\"name\":\"ROLLS ROYCE Cullinan\"}]},{\"@type\":\"WebSite\",\"@id\":\"https:\\\/\\\/first-gt.com\\\/#website\",\"url\":\"https:\\\/\\\/first-gt.com\\\/\",\"name\":\"First GT\",\"description\":\"First GT\",\"potentialAction\":[{\"@type\":\"SearchAction\",\"target\":{\"@type\":\"EntryPoint\",\"urlTemplate\":\"https:\\\/\\\/first-gt.com\\\/?s={search_term_string}\"},\"query-input\":{\"@type\":\"PropertyValueSpecification\",\"valueRequired\":true,\"valueName\":\"search_term_string\"}}],\"inLanguage\":\"fr-FR\"}]}<\/script>\n<!-- \/ Yoast SEO plugin. -->","yoast_head_json":{"title":"ROLLS ROYCE Cullinan - First GT","robots":{"index":"index","follow":"follow","max-snippet":"max-snippet:-1","max-image-preview":"max-image-preview:large","max-video-preview":"max-video-preview:-1"},"canonical":"https:\/\/first-gt.com\/fr\/vehicules\/rolls-royce-cullinan\/","og_locale":"fr_FR","og_type":"article","og_title":"ROLLS ROYCE Cullinan - First GT","og_description":"Nombre de places : 4 Puissance : 571 Prix pour 1 journ\u00e9e (250km inclus) : \u00e0 partir de 3500\u20ac Prix pour 3 jours (750km inclus) : \u00e0 partir de 9450\u20ac Prix pour 7 jours (1750km inclus) : \u00e0 partir de 20500\u20ac Franchise : 100000\u20ac Assurance compl\u00e9mentaire (par jour) : 250\u20ac par jour Franchise r\u00e9duite : 30000\u20ac","og_url":"https:\/\/first-gt.com\/fr\/vehicules\/rolls-royce-cullinan\/","og_site_name":"First GT","article_modified_time":"2026-04-16T14:37:51+00:00","og_image":[{"width":1920,"height":1200,"url":"https:\/\/first-gt.com\/wp-content\/uploads\/2021\/05\/suv-rolls-royce-cullinan.jpg","type":"image\/jpeg"}],"twitter_card":"summary_large_image","twitter_misc":{"Dur\u00e9e de lecture estim\u00e9e":"1 minute"},"schema":{"@context":"https:\/\/schema.org","@graph":[{"@type":"WebPage","@id":"https:\/\/first-gt.com\/fr\/vehicules\/rolls-royce-cullinan\/","url":"https:\/\/first-gt.com\/fr\/vehicules\/rolls-royce-cullinan\/","name":"ROLLS ROYCE Cullinan - First GT","isPartOf":{"@id":"https:\/\/first-gt.com\/#website"},"primaryImageOfPage":{"@id":"https:\/\/first-gt.com\/fr\/vehicules\/rolls-royce-cullinan\/#primaryimage"},"image":{"@id":"https:\/\/first-gt.com\/fr\/vehicules\/rolls-royce-cullinan\/#primaryimage"},"thumbnailUrl":"https:\/\/first-gt.com\/wp-content\/uploads\/2021\/05\/suv-rolls-royce-cullinan.jpg","datePublished":"2021-06-17T10:11:01+00:00","dateModified":"2026-04-16T14:37:51+00:00","breadcrumb":{"@id":"https:\/\/first-gt.com\/fr\/vehicules\/rolls-royce-cullinan\/#breadcrumb"},"inLanguage":"fr-FR","potentialAction":[{"@type":"ReadAction","target":["https:\/\/first-gt.com\/fr\/vehicules\/rolls-royce-cullinan\/"]}]},{"@type":"ImageObject","inLanguage":"fr-FR","@id":"https:\/\/first-gt.com\/fr\/vehicules\/rolls-royce-cullinan\/#primaryimage","url":"https:\/\/first-gt.com\/wp-content\/uploads\/2021\/05\/suv-rolls-royce-cullinan.jpg","contentUrl":"https:\/\/first-gt.com\/wp-content\/uploads\/2021\/05\/suv-rolls-royce-cullinan.jpg","width":1920,"height":1200},{"@type":"BreadcrumbList","@id":"https:\/\/first-gt.com\/fr\/vehicules\/rolls-royce-cullinan\/#breadcrumb","itemListElement":[{"@type":"ListItem","position":1,"name":"Accueil","item":"https:\/\/first-gt.com\/fr\/"},{"@type":"ListItem","position":2,"name":"Notre flotte de v\u00e9hicules","item":"https:\/\/first-gt.com\/fr\/vehicules\/"},{"@type":"ListItem","position":3,"name":"ROLLS ROYCE Cullinan"}]},{"@type":"WebSite","@id":"https:\/\/first-gt.com\/#website","url":"https:\/\/first-gt.com\/","name":"First GT","description":"First GT","potentialAction":[{"@type":"SearchAction","target":{"@type":"EntryPoint","urlTemplate":"https:\/\/first-gt.com\/?s={search_term_string}"},"query-input":{"@type":"PropertyValueSpecification","valueRequired":true,"valueName":"search_term_string"}}],"inLanguage":"fr-FR"}]}},"brands":[{"id":110,"name":"Rolls-Royce","slug":"rolls-royce-fr"}],"_links":{"self":[{"href":"https:\/\/first-gt.com\/fr\/wp-json\/wp\/v2\/product\/765","targetHints":{"allow":["GET"]}}],"collection":[{"href":"https:\/\/first-gt.com\/fr\/wp-json\/wp\/v2\/product"}],"about":[{"href":"https:\/\/first-gt.com\/fr\/wp-json\/wp\/v2\/types\/product"}],"wp:featuredmedia":[{"embeddable":true,"href":"https:\/\/first-gt.com\/fr\/wp-json\/wp\/v2\/media\/175"}],"wp:attachment":[{"href":"https:\/\/first-gt.com\/fr\/wp-json\/wp\/v2\/media?parent=765"}],"wp:term":[{"taxonomy":"pwb-brand","embeddable":true,"href":"https:\/\/first-gt.com\/fr\/wp-json\/wp\/v2\/pwb-brand?post=765"},{"taxonomy":"product_brand","embeddable":true,"href":"https:\/\/first-gt.com\/fr\/wp-json\/wp\/v2\/product_brand?post=765"},{"taxonomy":"product_cat","embeddable":true,"href":"https:\/\/first-gt.com\/fr\/wp-json\/wp\/v2\/product_cat?post=765"},{"taxonomy":"product_tag","embeddable":true,"href":"https:\/\/first-gt.com\/fr\/wp-json\/wp\/v2\/product_tag?post=765"}],"curies":[{"name":"wp","href":"https:\/\/api.w.org\/{rel}","templated":true}]}}