{"id":755,"date":"2021-06-17T10:11:00","date_gmt":"2021-06-17T10:11:00","guid":{"rendered":"https:\/\/first-gt.com\/produit\/bentley-flying-spur\/"},"modified":"2026-04-16T14:17:41","modified_gmt":"2026-04-16T14:17:41","slug":"bentley-flying-spur","status":"publish","type":"product","link":"https:\/\/first-gt.com\/fr\/vehicules\/bentley-flying-spur\/","title":{"rendered":"BENTLEY Flying Spur"},"content":{"rendered":"<p>La Bentley Flying Spur red\u00e9finit la berline de luxe en combinant artisanat traditionnel et technologies contemporaines. Son design \u00e9l\u00e9gant et imposant refl\u00e8te l\u2019h\u00e9ritage de la marque tout en int\u00e9grant des \u00e9l\u00e9ments modernes. \u00c0 l\u2019int\u00e9rieur, l\u2019environnement est d\u2019un raffinement exceptionnel, m\u00ealant mat\u00e9riaux travaill\u00e9s \u00e0 la main et interfaces digitales avanc\u00e9es. Sur la route, elle offre une puissance ma\u00eetris\u00e9e et une conduite d\u2019une grande fluidit\u00e9. La Flying Spur incarne une forme de luxe discr\u00e8te mais affirm\u00e9e, pens\u00e9e pour offrir un confort absolu sans sacrifier les performances.<\/p>\n","protected":false},"excerpt":{"rendered":"<p>Nombre de places : 4<br \/>\nPuissance : 635<br \/>\nPrix pour 1 journ\u00e9e (250km inclus) :<br \/>\n<span class=\"redclass\">\u00e0 partir de 2500\u20ac<\/span><br \/>\nPrix pour 3 jours (750km inclus) :<br \/>\n<span class=\"redclass\">\u00e0 partir de 6750\u20ac<\/span><br \/>\nPrix pour 7 jours (1750km inclus) :<br \/>\n<span class=\"redclass\">\u00e0 partir de 12400\u20ac<\/span><br \/>\nFranchise :<br \/>\n<span class=\"redclass\">60000\u20ac<\/span><br \/>\nAssurance compl\u00e9mentaire (par jour) :<br \/>\n<span class=\"redclass\">180\u20ac par jour<\/span><br \/>\nFranchise r\u00e9duite :<br \/>\n<span class=\"redclass\">20000\u20ac<\/span><\/p>\n","protected":false},"featured_media":303,"template":"","meta":[],"pwb-brand":[109],"product_brand":[],"product_cat":[72],"product_tag":[],"class_list":{"0":"post-755","1":"product","2":"type-product","3":"status-publish","4":"has-post-thumbnail","6":"pwb-brand-bentley-fr","7":"product_cat-berlines","9":"first","10":"instock","11":"shipping-taxable","12":"product-type-simple","13":"add-to-wishlist-after_add_to_cart"},"yoast_head":"<!-- This site is optimized with the Yoast SEO plugin v27.5 - https:\/\/yoast.com\/product\/yoast-seo-wordpress\/ -->\n<title>BENTLEY Flying Spur - First GT<\/title>\n<meta name=\"robots\" content=\"index, follow, max-snippet:-1, max-image-preview:large, max-video-preview:-1\" \/>\n<link rel=\"canonical\" href=\"https:\/\/first-gt.com\/fr\/vehicules\/bentley-flying-spur\/\" \/>\n<meta property=\"og:locale\" content=\"fr_FR\" \/>\n<meta property=\"og:type\" content=\"article\" \/>\n<meta property=\"og:title\" content=\"BENTLEY Flying Spur - First GT\" \/>\n<meta property=\"og:description\" content=\"Nombre de places : 4 Puissance : 635 Prix pour 1 journ\u00e9e (250km inclus) : \u00e0 partir de 2500\u20ac Prix pour 3 jours (750km inclus) : \u00e0 partir de 6750\u20ac Prix pour 7 jours (1750km inclus) : \u00e0 partir de 12400\u20ac Franchise : 60000\u20ac Assurance compl\u00e9mentaire (par jour) : 180\u20ac par jour Franchise r\u00e9duite : 20000\u20ac\" \/>\n<meta property=\"og:url\" content=\"https:\/\/first-gt.com\/fr\/vehicules\/bentley-flying-spur\/\" \/>\n<meta property=\"og:site_name\" content=\"First GT\" \/>\n<meta property=\"article:modified_time\" content=\"2026-04-16T14:17:41+00:00\" \/>\n<meta property=\"og:image\" content=\"https:\/\/first-gt.com\/wp-content\/uploads\/2021\/05\/bentley-flying-spur.jpg\" \/>\n\t<meta property=\"og:image:width\" content=\"1920\" \/>\n\t<meta property=\"og:image:height\" content=\"1200\" \/>\n\t<meta property=\"og:image:type\" content=\"image\/jpeg\" \/>\n<meta name=\"twitter:card\" content=\"summary_large_image\" \/>\n<meta name=\"twitter:label1\" content=\"Dur\u00e9e de lecture estim\u00e9e\" \/>\n\t<meta name=\"twitter:data1\" content=\"1 minute\" \/>\n<script type=\"application\/ld+json\" class=\"yoast-schema-graph\">{\"@context\":\"https:\\\/\\\/schema.org\",\"@graph\":[{\"@type\":\"WebPage\",\"@id\":\"https:\\\/\\\/first-gt.com\\\/fr\\\/vehicules\\\/bentley-flying-spur\\\/\",\"url\":\"https:\\\/\\\/first-gt.com\\\/fr\\\/vehicules\\\/bentley-flying-spur\\\/\",\"name\":\"BENTLEY Flying Spur - First GT\",\"isPartOf\":{\"@id\":\"https:\\\/\\\/first-gt.com\\\/#website\"},\"primaryImageOfPage\":{\"@id\":\"https:\\\/\\\/first-gt.com\\\/fr\\\/vehicules\\\/bentley-flying-spur\\\/#primaryimage\"},\"image\":{\"@id\":\"https:\\\/\\\/first-gt.com\\\/fr\\\/vehicules\\\/bentley-flying-spur\\\/#primaryimage\"},\"thumbnailUrl\":\"https:\\\/\\\/first-gt.com\\\/wp-content\\\/uploads\\\/2021\\\/05\\\/bentley-flying-spur.jpg\",\"datePublished\":\"2021-06-17T10:11:00+00:00\",\"dateModified\":\"2026-04-16T14:17:41+00:00\",\"breadcrumb\":{\"@id\":\"https:\\\/\\\/first-gt.com\\\/fr\\\/vehicules\\\/bentley-flying-spur\\\/#breadcrumb\"},\"inLanguage\":\"fr-FR\",\"potentialAction\":[{\"@type\":\"ReadAction\",\"target\":[\"https:\\\/\\\/first-gt.com\\\/fr\\\/vehicules\\\/bentley-flying-spur\\\/\"]}]},{\"@type\":\"ImageObject\",\"inLanguage\":\"fr-FR\",\"@id\":\"https:\\\/\\\/first-gt.com\\\/fr\\\/vehicules\\\/bentley-flying-spur\\\/#primaryimage\",\"url\":\"https:\\\/\\\/first-gt.com\\\/wp-content\\\/uploads\\\/2021\\\/05\\\/bentley-flying-spur.jpg\",\"contentUrl\":\"https:\\\/\\\/first-gt.com\\\/wp-content\\\/uploads\\\/2021\\\/05\\\/bentley-flying-spur.jpg\",\"width\":1920,\"height\":1200},{\"@type\":\"BreadcrumbList\",\"@id\":\"https:\\\/\\\/first-gt.com\\\/fr\\\/vehicules\\\/bentley-flying-spur\\\/#breadcrumb\",\"itemListElement\":[{\"@type\":\"ListItem\",\"position\":1,\"name\":\"Accueil\",\"item\":\"https:\\\/\\\/first-gt.com\\\/fr\\\/\"},{\"@type\":\"ListItem\",\"position\":2,\"name\":\"Notre flotte de v\u00e9hicules\",\"item\":\"https:\\\/\\\/first-gt.com\\\/fr\\\/vehicules\\\/\"},{\"@type\":\"ListItem\",\"position\":3,\"name\":\"BENTLEY Flying Spur\"}]},{\"@type\":\"WebSite\",\"@id\":\"https:\\\/\\\/first-gt.com\\\/#website\",\"url\":\"https:\\\/\\\/first-gt.com\\\/\",\"name\":\"First GT\",\"description\":\"First GT\",\"potentialAction\":[{\"@type\":\"SearchAction\",\"target\":{\"@type\":\"EntryPoint\",\"urlTemplate\":\"https:\\\/\\\/first-gt.com\\\/?s={search_term_string}\"},\"query-input\":{\"@type\":\"PropertyValueSpecification\",\"valueRequired\":true,\"valueName\":\"search_term_string\"}}],\"inLanguage\":\"fr-FR\"}]}<\/script>\n<!-- \/ Yoast SEO plugin. -->","yoast_head_json":{"title":"BENTLEY Flying Spur - First GT","robots":{"index":"index","follow":"follow","max-snippet":"max-snippet:-1","max-image-preview":"max-image-preview:large","max-video-preview":"max-video-preview:-1"},"canonical":"https:\/\/first-gt.com\/fr\/vehicules\/bentley-flying-spur\/","og_locale":"fr_FR","og_type":"article","og_title":"BENTLEY Flying Spur - First GT","og_description":"Nombre de places : 4 Puissance : 635 Prix pour 1 journ\u00e9e (250km inclus) : \u00e0 partir de 2500\u20ac Prix pour 3 jours (750km inclus) : \u00e0 partir de 6750\u20ac Prix pour 7 jours (1750km inclus) : \u00e0 partir de 12400\u20ac Franchise : 60000\u20ac Assurance compl\u00e9mentaire (par jour) : 180\u20ac par jour Franchise r\u00e9duite : 20000\u20ac","og_url":"https:\/\/first-gt.com\/fr\/vehicules\/bentley-flying-spur\/","og_site_name":"First GT","article_modified_time":"2026-04-16T14:17:41+00:00","og_image":[{"width":1920,"height":1200,"url":"https:\/\/first-gt.com\/wp-content\/uploads\/2021\/05\/bentley-flying-spur.jpg","type":"image\/jpeg"}],"twitter_card":"summary_large_image","twitter_misc":{"Dur\u00e9e de lecture estim\u00e9e":"1 minute"},"schema":{"@context":"https:\/\/schema.org","@graph":[{"@type":"WebPage","@id":"https:\/\/first-gt.com\/fr\/vehicules\/bentley-flying-spur\/","url":"https:\/\/first-gt.com\/fr\/vehicules\/bentley-flying-spur\/","name":"BENTLEY Flying Spur - First GT","isPartOf":{"@id":"https:\/\/first-gt.com\/#website"},"primaryImageOfPage":{"@id":"https:\/\/first-gt.com\/fr\/vehicules\/bentley-flying-spur\/#primaryimage"},"image":{"@id":"https:\/\/first-gt.com\/fr\/vehicules\/bentley-flying-spur\/#primaryimage"},"thumbnailUrl":"https:\/\/first-gt.com\/wp-content\/uploads\/2021\/05\/bentley-flying-spur.jpg","datePublished":"2021-06-17T10:11:00+00:00","dateModified":"2026-04-16T14:17:41+00:00","breadcrumb":{"@id":"https:\/\/first-gt.com\/fr\/vehicules\/bentley-flying-spur\/#breadcrumb"},"inLanguage":"fr-FR","potentialAction":[{"@type":"ReadAction","target":["https:\/\/first-gt.com\/fr\/vehicules\/bentley-flying-spur\/"]}]},{"@type":"ImageObject","inLanguage":"fr-FR","@id":"https:\/\/first-gt.com\/fr\/vehicules\/bentley-flying-spur\/#primaryimage","url":"https:\/\/first-gt.com\/wp-content\/uploads\/2021\/05\/bentley-flying-spur.jpg","contentUrl":"https:\/\/first-gt.com\/wp-content\/uploads\/2021\/05\/bentley-flying-spur.jpg","width":1920,"height":1200},{"@type":"BreadcrumbList","@id":"https:\/\/first-gt.com\/fr\/vehicules\/bentley-flying-spur\/#breadcrumb","itemListElement":[{"@type":"ListItem","position":1,"name":"Accueil","item":"https:\/\/first-gt.com\/fr\/"},{"@type":"ListItem","position":2,"name":"Notre flotte de v\u00e9hicules","item":"https:\/\/first-gt.com\/fr\/vehicules\/"},{"@type":"ListItem","position":3,"name":"BENTLEY Flying Spur"}]},{"@type":"WebSite","@id":"https:\/\/first-gt.com\/#website","url":"https:\/\/first-gt.com\/","name":"First GT","description":"First GT","potentialAction":[{"@type":"SearchAction","target":{"@type":"EntryPoint","urlTemplate":"https:\/\/first-gt.com\/?s={search_term_string}"},"query-input":{"@type":"PropertyValueSpecification","valueRequired":true,"valueName":"search_term_string"}}],"inLanguage":"fr-FR"}]}},"brands":[{"id":109,"name":"Bentley","slug":"bentley-fr"}],"_links":{"self":[{"href":"https:\/\/first-gt.com\/fr\/wp-json\/wp\/v2\/product\/755","targetHints":{"allow":["GET"]}}],"collection":[{"href":"https:\/\/first-gt.com\/fr\/wp-json\/wp\/v2\/product"}],"about":[{"href":"https:\/\/first-gt.com\/fr\/wp-json\/wp\/v2\/types\/product"}],"wp:featuredmedia":[{"embeddable":true,"href":"https:\/\/first-gt.com\/fr\/wp-json\/wp\/v2\/media\/303"}],"wp:attachment":[{"href":"https:\/\/first-gt.com\/fr\/wp-json\/wp\/v2\/media?parent=755"}],"wp:term":[{"taxonomy":"pwb-brand","embeddable":true,"href":"https:\/\/first-gt.com\/fr\/wp-json\/wp\/v2\/pwb-brand?post=755"},{"taxonomy":"product_brand","embeddable":true,"href":"https:\/\/first-gt.com\/fr\/wp-json\/wp\/v2\/product_brand?post=755"},{"taxonomy":"product_cat","embeddable":true,"href":"https:\/\/first-gt.com\/fr\/wp-json\/wp\/v2\/product_cat?post=755"},{"taxonomy":"product_tag","embeddable":true,"href":"https:\/\/first-gt.com\/fr\/wp-json\/wp\/v2\/product_tag?post=755"}],"curies":[{"name":"wp","href":"https:\/\/api.w.org\/{rel}","templated":true}]}}