{"id":754,"date":"2021-06-17T10:11:00","date_gmt":"2021-06-17T10:11:00","guid":{"rendered":"https:\/\/first-gt.com\/produit\/bentley-mulsanne\/"},"modified":"2026-04-16T14:17:57","modified_gmt":"2026-04-16T14:17:57","slug":"bentley-mulsanne","status":"publish","type":"product","link":"https:\/\/first-gt.com\/fr\/vehicules\/bentley-mulsanne\/","title":{"rendered":"BENTLEY Mulsanne"},"content":{"rendered":"<p>La Bentley Mulsanne demeure une r\u00e9f\u00e9rence en mati\u00e8re de luxe traditionnel, m\u00eame apr\u00e8s l\u2019arr\u00eat de sa production. Son design intemporel privil\u00e9gie la prestance et l\u2019\u00e9l\u00e9gance classique. \u00c0 l\u2019int\u00e9rieur, chaque d\u00e9tail refl\u00e8te un savoir-faire artisanal d\u2019exception, avec des mat\u00e9riaux s\u00e9lectionn\u00e9s et travaill\u00e9s \u00e0 la main. Sur la route, elle offre une conduite d\u2019une grande douceur, soutenue par une motorisation puissante mais parfaitement ma\u00eetris\u00e9e. La Mulsanne s\u2019adresse \u00e0 ceux qui recherchent une forme de luxe authentique et intemporelle.<\/p>\n","protected":false},"excerpt":{"rendered":"<p>Nombre de places : 4<br \/>\nPuissance : 530<br \/>\nPrix pour 1 journ\u00e9e (250km inclus) :<br \/>\n<span class=\"redclass\">\u00e0 partir de 2500\u20ac<\/span><br \/>\nPrix pour 3 jours (750km inclus) :<br \/>\n<span class=\"redclass\">\u00e0 partir de 6750\u20ac<\/span><br \/>\nPrix pour 7 jours (1750km inclus) :<br \/>\n<span class=\"redclass\">\u00e0 partir de 12400\u20ac<\/span><br \/>\nFranchise :<br \/>\n<span class=\"redclass\">60000\u20ac<\/span><br \/>\nAssurance compl\u00e9mentaire (par jour) :<br \/>\n<span class=\"redclass\">180\u20ac par jour<\/span><br \/>\nFranchise r\u00e9duite :<br \/>\n<span class=\"redclass\">20000\u20ac<\/span><\/p>\n","protected":false},"featured_media":301,"template":"","meta":[],"pwb-brand":[109],"product_brand":[],"product_cat":[72],"product_tag":[],"class_list":{"0":"post-754","1":"product","2":"type-product","3":"status-publish","4":"has-post-thumbnail","6":"pwb-brand-bentley-fr","7":"product_cat-berlines","9":"first","10":"instock","11":"shipping-taxable","12":"product-type-simple","13":"add-to-wishlist-after_add_to_cart"},"yoast_head":"<!-- This site is optimized with the Yoast SEO plugin v27.5 - https:\/\/yoast.com\/product\/yoast-seo-wordpress\/ -->\n<title>BENTLEY Mulsanne - First GT<\/title>\n<meta name=\"robots\" content=\"index, follow, max-snippet:-1, max-image-preview:large, max-video-preview:-1\" \/>\n<link rel=\"canonical\" href=\"https:\/\/first-gt.com\/fr\/vehicules\/bentley-mulsanne\/\" \/>\n<meta property=\"og:locale\" content=\"fr_FR\" \/>\n<meta property=\"og:type\" content=\"article\" \/>\n<meta property=\"og:title\" content=\"BENTLEY Mulsanne - First GT\" \/>\n<meta property=\"og:description\" content=\"Nombre de places : 4 Puissance : 530 Prix pour 1 journ\u00e9e (250km inclus) : \u00e0 partir de 2500\u20ac Prix pour 3 jours (750km inclus) : \u00e0 partir de 6750\u20ac Prix pour 7 jours (1750km inclus) : \u00e0 partir de 12400\u20ac Franchise : 60000\u20ac Assurance compl\u00e9mentaire (par jour) : 180\u20ac par jour Franchise r\u00e9duite : 20000\u20ac\" \/>\n<meta property=\"og:url\" content=\"https:\/\/first-gt.com\/fr\/vehicules\/bentley-mulsanne\/\" \/>\n<meta property=\"og:site_name\" content=\"First GT\" \/>\n<meta property=\"article:modified_time\" content=\"2026-04-16T14:17:57+00:00\" \/>\n<meta property=\"og:image\" content=\"https:\/\/first-gt.com\/wp-content\/uploads\/2021\/05\/bentley-mulsanne.jpg\" \/>\n\t<meta property=\"og:image:width\" content=\"1920\" \/>\n\t<meta property=\"og:image:height\" content=\"1080\" \/>\n\t<meta property=\"og:image:type\" content=\"image\/jpeg\" \/>\n<meta name=\"twitter:card\" content=\"summary_large_image\" \/>\n<meta name=\"twitter:label1\" content=\"Dur\u00e9e de lecture estim\u00e9e\" \/>\n\t<meta name=\"twitter:data1\" content=\"1 minute\" \/>\n<script type=\"application\/ld+json\" class=\"yoast-schema-graph\">{\"@context\":\"https:\\\/\\\/schema.org\",\"@graph\":[{\"@type\":\"WebPage\",\"@id\":\"https:\\\/\\\/first-gt.com\\\/fr\\\/vehicules\\\/bentley-mulsanne\\\/\",\"url\":\"https:\\\/\\\/first-gt.com\\\/fr\\\/vehicules\\\/bentley-mulsanne\\\/\",\"name\":\"BENTLEY Mulsanne - First GT\",\"isPartOf\":{\"@id\":\"https:\\\/\\\/first-gt.com\\\/#website\"},\"primaryImageOfPage\":{\"@id\":\"https:\\\/\\\/first-gt.com\\\/fr\\\/vehicules\\\/bentley-mulsanne\\\/#primaryimage\"},\"image\":{\"@id\":\"https:\\\/\\\/first-gt.com\\\/fr\\\/vehicules\\\/bentley-mulsanne\\\/#primaryimage\"},\"thumbnailUrl\":\"https:\\\/\\\/first-gt.com\\\/wp-content\\\/uploads\\\/2021\\\/05\\\/bentley-mulsanne.jpg\",\"datePublished\":\"2021-06-17T10:11:00+00:00\",\"dateModified\":\"2026-04-16T14:17:57+00:00\",\"breadcrumb\":{\"@id\":\"https:\\\/\\\/first-gt.com\\\/fr\\\/vehicules\\\/bentley-mulsanne\\\/#breadcrumb\"},\"inLanguage\":\"fr-FR\",\"potentialAction\":[{\"@type\":\"ReadAction\",\"target\":[\"https:\\\/\\\/first-gt.com\\\/fr\\\/vehicules\\\/bentley-mulsanne\\\/\"]}]},{\"@type\":\"ImageObject\",\"inLanguage\":\"fr-FR\",\"@id\":\"https:\\\/\\\/first-gt.com\\\/fr\\\/vehicules\\\/bentley-mulsanne\\\/#primaryimage\",\"url\":\"https:\\\/\\\/first-gt.com\\\/wp-content\\\/uploads\\\/2021\\\/05\\\/bentley-mulsanne.jpg\",\"contentUrl\":\"https:\\\/\\\/first-gt.com\\\/wp-content\\\/uploads\\\/2021\\\/05\\\/bentley-mulsanne.jpg\",\"width\":1920,\"height\":1080},{\"@type\":\"BreadcrumbList\",\"@id\":\"https:\\\/\\\/first-gt.com\\\/fr\\\/vehicules\\\/bentley-mulsanne\\\/#breadcrumb\",\"itemListElement\":[{\"@type\":\"ListItem\",\"position\":1,\"name\":\"Accueil\",\"item\":\"https:\\\/\\\/first-gt.com\\\/fr\\\/\"},{\"@type\":\"ListItem\",\"position\":2,\"name\":\"Notre flotte de v\u00e9hicules\",\"item\":\"https:\\\/\\\/first-gt.com\\\/fr\\\/vehicules\\\/\"},{\"@type\":\"ListItem\",\"position\":3,\"name\":\"BENTLEY Mulsanne\"}]},{\"@type\":\"WebSite\",\"@id\":\"https:\\\/\\\/first-gt.com\\\/#website\",\"url\":\"https:\\\/\\\/first-gt.com\\\/\",\"name\":\"First GT\",\"description\":\"First GT\",\"potentialAction\":[{\"@type\":\"SearchAction\",\"target\":{\"@type\":\"EntryPoint\",\"urlTemplate\":\"https:\\\/\\\/first-gt.com\\\/?s={search_term_string}\"},\"query-input\":{\"@type\":\"PropertyValueSpecification\",\"valueRequired\":true,\"valueName\":\"search_term_string\"}}],\"inLanguage\":\"fr-FR\"}]}<\/script>\n<!-- \/ Yoast SEO plugin. -->","yoast_head_json":{"title":"BENTLEY Mulsanne - First GT","robots":{"index":"index","follow":"follow","max-snippet":"max-snippet:-1","max-image-preview":"max-image-preview:large","max-video-preview":"max-video-preview:-1"},"canonical":"https:\/\/first-gt.com\/fr\/vehicules\/bentley-mulsanne\/","og_locale":"fr_FR","og_type":"article","og_title":"BENTLEY Mulsanne - First GT","og_description":"Nombre de places : 4 Puissance : 530 Prix pour 1 journ\u00e9e (250km inclus) : \u00e0 partir de 2500\u20ac Prix pour 3 jours (750km inclus) : \u00e0 partir de 6750\u20ac Prix pour 7 jours (1750km inclus) : \u00e0 partir de 12400\u20ac Franchise : 60000\u20ac Assurance compl\u00e9mentaire (par jour) : 180\u20ac par jour Franchise r\u00e9duite : 20000\u20ac","og_url":"https:\/\/first-gt.com\/fr\/vehicules\/bentley-mulsanne\/","og_site_name":"First GT","article_modified_time":"2026-04-16T14:17:57+00:00","og_image":[{"width":1920,"height":1080,"url":"https:\/\/first-gt.com\/wp-content\/uploads\/2021\/05\/bentley-mulsanne.jpg","type":"image\/jpeg"}],"twitter_card":"summary_large_image","twitter_misc":{"Dur\u00e9e de lecture estim\u00e9e":"1 minute"},"schema":{"@context":"https:\/\/schema.org","@graph":[{"@type":"WebPage","@id":"https:\/\/first-gt.com\/fr\/vehicules\/bentley-mulsanne\/","url":"https:\/\/first-gt.com\/fr\/vehicules\/bentley-mulsanne\/","name":"BENTLEY Mulsanne - First GT","isPartOf":{"@id":"https:\/\/first-gt.com\/#website"},"primaryImageOfPage":{"@id":"https:\/\/first-gt.com\/fr\/vehicules\/bentley-mulsanne\/#primaryimage"},"image":{"@id":"https:\/\/first-gt.com\/fr\/vehicules\/bentley-mulsanne\/#primaryimage"},"thumbnailUrl":"https:\/\/first-gt.com\/wp-content\/uploads\/2021\/05\/bentley-mulsanne.jpg","datePublished":"2021-06-17T10:11:00+00:00","dateModified":"2026-04-16T14:17:57+00:00","breadcrumb":{"@id":"https:\/\/first-gt.com\/fr\/vehicules\/bentley-mulsanne\/#breadcrumb"},"inLanguage":"fr-FR","potentialAction":[{"@type":"ReadAction","target":["https:\/\/first-gt.com\/fr\/vehicules\/bentley-mulsanne\/"]}]},{"@type":"ImageObject","inLanguage":"fr-FR","@id":"https:\/\/first-gt.com\/fr\/vehicules\/bentley-mulsanne\/#primaryimage","url":"https:\/\/first-gt.com\/wp-content\/uploads\/2021\/05\/bentley-mulsanne.jpg","contentUrl":"https:\/\/first-gt.com\/wp-content\/uploads\/2021\/05\/bentley-mulsanne.jpg","width":1920,"height":1080},{"@type":"BreadcrumbList","@id":"https:\/\/first-gt.com\/fr\/vehicules\/bentley-mulsanne\/#breadcrumb","itemListElement":[{"@type":"ListItem","position":1,"name":"Accueil","item":"https:\/\/first-gt.com\/fr\/"},{"@type":"ListItem","position":2,"name":"Notre flotte de v\u00e9hicules","item":"https:\/\/first-gt.com\/fr\/vehicules\/"},{"@type":"ListItem","position":3,"name":"BENTLEY Mulsanne"}]},{"@type":"WebSite","@id":"https:\/\/first-gt.com\/#website","url":"https:\/\/first-gt.com\/","name":"First GT","description":"First GT","potentialAction":[{"@type":"SearchAction","target":{"@type":"EntryPoint","urlTemplate":"https:\/\/first-gt.com\/?s={search_term_string}"},"query-input":{"@type":"PropertyValueSpecification","valueRequired":true,"valueName":"search_term_string"}}],"inLanguage":"fr-FR"}]}},"brands":[{"id":109,"name":"Bentley","slug":"bentley-fr"}],"_links":{"self":[{"href":"https:\/\/first-gt.com\/fr\/wp-json\/wp\/v2\/product\/754","targetHints":{"allow":["GET"]}}],"collection":[{"href":"https:\/\/first-gt.com\/fr\/wp-json\/wp\/v2\/product"}],"about":[{"href":"https:\/\/first-gt.com\/fr\/wp-json\/wp\/v2\/types\/product"}],"wp:featuredmedia":[{"embeddable":true,"href":"https:\/\/first-gt.com\/fr\/wp-json\/wp\/v2\/media\/301"}],"wp:attachment":[{"href":"https:\/\/first-gt.com\/fr\/wp-json\/wp\/v2\/media?parent=754"}],"wp:term":[{"taxonomy":"pwb-brand","embeddable":true,"href":"https:\/\/first-gt.com\/fr\/wp-json\/wp\/v2\/pwb-brand?post=754"},{"taxonomy":"product_brand","embeddable":true,"href":"https:\/\/first-gt.com\/fr\/wp-json\/wp\/v2\/product_brand?post=754"},{"taxonomy":"product_cat","embeddable":true,"href":"https:\/\/first-gt.com\/fr\/wp-json\/wp\/v2\/product_cat?post=754"},{"taxonomy":"product_tag","embeddable":true,"href":"https:\/\/first-gt.com\/fr\/wp-json\/wp\/v2\/product_tag?post=754"}],"curies":[{"name":"wp","href":"https:\/\/api.w.org\/{rel}","templated":true}]}}