{"id":746,"date":"2021-06-17T10:10:58","date_gmt":"2021-06-17T10:10:58","guid":{"rendered":"https:\/\/first-gt.com\/produit\/mercedes-e-300-cabriolet\/"},"modified":"2026-04-16T14:30:19","modified_gmt":"2026-04-16T14:30:19","slug":"mercedes-e-300-cabriolet","status":"publish","type":"product","link":"https:\/\/first-gt.com\/fr\/vehicules\/mercedes-e-300-cabriolet\/","title":{"rendered":"MERCEDES CLE Cabriolet"},"content":{"rendered":"<p>La Mercedes CLE Cabriolet incarne une nouvelle g\u00e9n\u00e9ration de cabriolets, alliant design contemporain et technologies avanc\u00e9es. Sa silhouette \u00e9l\u00e9gante est sublim\u00e9e par une capote en toile parfaitement int\u00e9gr\u00e9e. L\u2019int\u00e9rieur propose un environnement connect\u00e9 et raffin\u00e9, fid\u00e8le aux standards actuels de la marque. Sur la route, elle offre une conduite fluide et confortable, id\u00e9ale pour des trajets d\u00e9tendus. Elle s\u2019adresse \u00e0 ceux qui recherchent un cabriolet moderne, \u00e9quilibr\u00e9 et \u00e9l\u00e9gant.<\/p>\n","protected":false},"excerpt":{"rendered":"<p>Nombre de places : 4<br \/>\nPuissance : 204<br \/>\nPrix pour 1 journ\u00e9e (250km inclus) :<br \/>\n<span class=\"redclass\">\u00e0 partir de 500\u20ac<\/span><br \/>\nPrix pour 3 jours (750km inclus) :<br \/>\n<span class=\"redclass\">\u00e0 partir de 1350\u20ac<\/span><br \/>\nPrix pour 7 jours (1750km inclus) :<br \/>\n<span class=\"redclass\">\u00e0 partir de 2800\u20ac<\/span><br \/>\nFranchise :<br \/>\n<span class=\"redclass\">11000\u20ac<\/span><br \/>\nAssurance compl\u00e9mentaire (par jour) :<br \/>\n<span class=\"redclass\">40\u20ac par jour<\/span><br \/>\nFranchise r\u00e9duite :<br \/>\n<span class=\"redclass\">5000\u20ac<\/span><\/p>\n","protected":false},"featured_media":1208,"template":"","meta":[],"pwb-brand":[42],"product_brand":[],"product_cat":[71],"product_tag":[],"class_list":{"0":"post-746","1":"product","2":"type-product","3":"status-publish","4":"has-post-thumbnail","6":"pwb-brand-mercedes-fr","7":"product_cat-cabriolets","9":"first","10":"instock","11":"shipping-taxable","12":"product-type-simple","13":"add-to-wishlist-after_add_to_cart"},"yoast_head":"<!-- This site is optimized with the Yoast SEO plugin v27.5 - https:\/\/yoast.com\/product\/yoast-seo-wordpress\/ -->\n<title>MERCEDES CLE Cabriolet - First GT<\/title>\n<meta name=\"robots\" content=\"index, follow, max-snippet:-1, max-image-preview:large, max-video-preview:-1\" \/>\n<link rel=\"canonical\" href=\"https:\/\/first-gt.com\/fr\/vehicules\/mercedes-e-300-cabriolet\/\" \/>\n<meta property=\"og:locale\" content=\"fr_FR\" \/>\n<meta property=\"og:type\" content=\"article\" \/>\n<meta property=\"og:title\" content=\"MERCEDES CLE Cabriolet - First GT\" \/>\n<meta property=\"og:description\" content=\"Nombre de places : 4 Puissance : 204 Prix pour 1 journ\u00e9e (250km inclus) : \u00e0 partir de 500\u20ac Prix pour 3 jours (750km inclus) : \u00e0 partir de 1350\u20ac Prix pour 7 jours (1750km inclus) : \u00e0 partir de 2800\u20ac Franchise : 11000\u20ac Assurance compl\u00e9mentaire (par jour) : 40\u20ac par jour Franchise r\u00e9duite : 5000\u20ac\" \/>\n<meta property=\"og:url\" content=\"https:\/\/first-gt.com\/fr\/vehicules\/mercedes-e-300-cabriolet\/\" \/>\n<meta property=\"og:site_name\" content=\"First GT\" \/>\n<meta property=\"article:modified_time\" content=\"2026-04-16T14:30:19+00:00\" \/>\n<meta property=\"og:image\" content=\"https:\/\/first-gt.com\/wp-content\/uploads\/2021\/06\/Mercedes-CLE-Cab.jpg\" \/>\n\t<meta property=\"og:image:width\" content=\"1280\" \/>\n\t<meta property=\"og:image:height\" content=\"960\" \/>\n\t<meta property=\"og:image:type\" content=\"image\/jpeg\" \/>\n<meta name=\"twitter:card\" content=\"summary_large_image\" \/>\n<meta name=\"twitter:label1\" content=\"Dur\u00e9e de lecture estim\u00e9e\" \/>\n\t<meta name=\"twitter:data1\" content=\"1 minute\" \/>\n<script type=\"application\/ld+json\" class=\"yoast-schema-graph\">{\"@context\":\"https:\\\/\\\/schema.org\",\"@graph\":[{\"@type\":\"WebPage\",\"@id\":\"https:\\\/\\\/first-gt.com\\\/fr\\\/vehicules\\\/mercedes-e-300-cabriolet\\\/\",\"url\":\"https:\\\/\\\/first-gt.com\\\/fr\\\/vehicules\\\/mercedes-e-300-cabriolet\\\/\",\"name\":\"MERCEDES CLE Cabriolet - First GT\",\"isPartOf\":{\"@id\":\"https:\\\/\\\/first-gt.com\\\/#website\"},\"primaryImageOfPage\":{\"@id\":\"https:\\\/\\\/first-gt.com\\\/fr\\\/vehicules\\\/mercedes-e-300-cabriolet\\\/#primaryimage\"},\"image\":{\"@id\":\"https:\\\/\\\/first-gt.com\\\/fr\\\/vehicules\\\/mercedes-e-300-cabriolet\\\/#primaryimage\"},\"thumbnailUrl\":\"https:\\\/\\\/first-gt.com\\\/wp-content\\\/uploads\\\/2021\\\/06\\\/Mercedes-CLE-Cab.jpg\",\"datePublished\":\"2021-06-17T10:10:58+00:00\",\"dateModified\":\"2026-04-16T14:30:19+00:00\",\"breadcrumb\":{\"@id\":\"https:\\\/\\\/first-gt.com\\\/fr\\\/vehicules\\\/mercedes-e-300-cabriolet\\\/#breadcrumb\"},\"inLanguage\":\"fr-FR\",\"potentialAction\":[{\"@type\":\"ReadAction\",\"target\":[\"https:\\\/\\\/first-gt.com\\\/fr\\\/vehicules\\\/mercedes-e-300-cabriolet\\\/\"]}]},{\"@type\":\"ImageObject\",\"inLanguage\":\"fr-FR\",\"@id\":\"https:\\\/\\\/first-gt.com\\\/fr\\\/vehicules\\\/mercedes-e-300-cabriolet\\\/#primaryimage\",\"url\":\"https:\\\/\\\/first-gt.com\\\/wp-content\\\/uploads\\\/2021\\\/06\\\/Mercedes-CLE-Cab.jpg\",\"contentUrl\":\"https:\\\/\\\/first-gt.com\\\/wp-content\\\/uploads\\\/2021\\\/06\\\/Mercedes-CLE-Cab.jpg\",\"width\":1280,\"height\":960},{\"@type\":\"BreadcrumbList\",\"@id\":\"https:\\\/\\\/first-gt.com\\\/fr\\\/vehicules\\\/mercedes-e-300-cabriolet\\\/#breadcrumb\",\"itemListElement\":[{\"@type\":\"ListItem\",\"position\":1,\"name\":\"Accueil\",\"item\":\"https:\\\/\\\/first-gt.com\\\/fr\\\/\"},{\"@type\":\"ListItem\",\"position\":2,\"name\":\"Notre flotte de v\u00e9hicules\",\"item\":\"https:\\\/\\\/first-gt.com\\\/fr\\\/vehicules\\\/\"},{\"@type\":\"ListItem\",\"position\":3,\"name\":\"MERCEDES CLE Cabriolet\"}]},{\"@type\":\"WebSite\",\"@id\":\"https:\\\/\\\/first-gt.com\\\/#website\",\"url\":\"https:\\\/\\\/first-gt.com\\\/\",\"name\":\"First GT\",\"description\":\"First GT\",\"potentialAction\":[{\"@type\":\"SearchAction\",\"target\":{\"@type\":\"EntryPoint\",\"urlTemplate\":\"https:\\\/\\\/first-gt.com\\\/?s={search_term_string}\"},\"query-input\":{\"@type\":\"PropertyValueSpecification\",\"valueRequired\":true,\"valueName\":\"search_term_string\"}}],\"inLanguage\":\"fr-FR\"}]}<\/script>\n<!-- \/ Yoast SEO plugin. -->","yoast_head_json":{"title":"MERCEDES CLE Cabriolet - First GT","robots":{"index":"index","follow":"follow","max-snippet":"max-snippet:-1","max-image-preview":"max-image-preview:large","max-video-preview":"max-video-preview:-1"},"canonical":"https:\/\/first-gt.com\/fr\/vehicules\/mercedes-e-300-cabriolet\/","og_locale":"fr_FR","og_type":"article","og_title":"MERCEDES CLE Cabriolet - First GT","og_description":"Nombre de places : 4 Puissance : 204 Prix pour 1 journ\u00e9e (250km inclus) : \u00e0 partir de 500\u20ac Prix pour 3 jours (750km inclus) : \u00e0 partir de 1350\u20ac Prix pour 7 jours (1750km inclus) : \u00e0 partir de 2800\u20ac Franchise : 11000\u20ac Assurance compl\u00e9mentaire (par jour) : 40\u20ac par jour Franchise r\u00e9duite : 5000\u20ac","og_url":"https:\/\/first-gt.com\/fr\/vehicules\/mercedes-e-300-cabriolet\/","og_site_name":"First GT","article_modified_time":"2026-04-16T14:30:19+00:00","og_image":[{"width":1280,"height":960,"url":"https:\/\/first-gt.com\/wp-content\/uploads\/2021\/06\/Mercedes-CLE-Cab.jpg","type":"image\/jpeg"}],"twitter_card":"summary_large_image","twitter_misc":{"Dur\u00e9e de lecture estim\u00e9e":"1 minute"},"schema":{"@context":"https:\/\/schema.org","@graph":[{"@type":"WebPage","@id":"https:\/\/first-gt.com\/fr\/vehicules\/mercedes-e-300-cabriolet\/","url":"https:\/\/first-gt.com\/fr\/vehicules\/mercedes-e-300-cabriolet\/","name":"MERCEDES CLE Cabriolet - First GT","isPartOf":{"@id":"https:\/\/first-gt.com\/#website"},"primaryImageOfPage":{"@id":"https:\/\/first-gt.com\/fr\/vehicules\/mercedes-e-300-cabriolet\/#primaryimage"},"image":{"@id":"https:\/\/first-gt.com\/fr\/vehicules\/mercedes-e-300-cabriolet\/#primaryimage"},"thumbnailUrl":"https:\/\/first-gt.com\/wp-content\/uploads\/2021\/06\/Mercedes-CLE-Cab.jpg","datePublished":"2021-06-17T10:10:58+00:00","dateModified":"2026-04-16T14:30:19+00:00","breadcrumb":{"@id":"https:\/\/first-gt.com\/fr\/vehicules\/mercedes-e-300-cabriolet\/#breadcrumb"},"inLanguage":"fr-FR","potentialAction":[{"@type":"ReadAction","target":["https:\/\/first-gt.com\/fr\/vehicules\/mercedes-e-300-cabriolet\/"]}]},{"@type":"ImageObject","inLanguage":"fr-FR","@id":"https:\/\/first-gt.com\/fr\/vehicules\/mercedes-e-300-cabriolet\/#primaryimage","url":"https:\/\/first-gt.com\/wp-content\/uploads\/2021\/06\/Mercedes-CLE-Cab.jpg","contentUrl":"https:\/\/first-gt.com\/wp-content\/uploads\/2021\/06\/Mercedes-CLE-Cab.jpg","width":1280,"height":960},{"@type":"BreadcrumbList","@id":"https:\/\/first-gt.com\/fr\/vehicules\/mercedes-e-300-cabriolet\/#breadcrumb","itemListElement":[{"@type":"ListItem","position":1,"name":"Accueil","item":"https:\/\/first-gt.com\/fr\/"},{"@type":"ListItem","position":2,"name":"Notre flotte de v\u00e9hicules","item":"https:\/\/first-gt.com\/fr\/vehicules\/"},{"@type":"ListItem","position":3,"name":"MERCEDES CLE Cabriolet"}]},{"@type":"WebSite","@id":"https:\/\/first-gt.com\/#website","url":"https:\/\/first-gt.com\/","name":"First GT","description":"First GT","potentialAction":[{"@type":"SearchAction","target":{"@type":"EntryPoint","urlTemplate":"https:\/\/first-gt.com\/?s={search_term_string}"},"query-input":{"@type":"PropertyValueSpecification","valueRequired":true,"valueName":"search_term_string"}}],"inLanguage":"fr-FR"}]}},"brands":[{"id":42,"name":"Mercedes","slug":"mercedes-fr"}],"_links":{"self":[{"href":"https:\/\/first-gt.com\/fr\/wp-json\/wp\/v2\/product\/746","targetHints":{"allow":["GET"]}}],"collection":[{"href":"https:\/\/first-gt.com\/fr\/wp-json\/wp\/v2\/product"}],"about":[{"href":"https:\/\/first-gt.com\/fr\/wp-json\/wp\/v2\/types\/product"}],"wp:featuredmedia":[{"embeddable":true,"href":"https:\/\/first-gt.com\/fr\/wp-json\/wp\/v2\/media\/1208"}],"wp:attachment":[{"href":"https:\/\/first-gt.com\/fr\/wp-json\/wp\/v2\/media?parent=746"}],"wp:term":[{"taxonomy":"pwb-brand","embeddable":true,"href":"https:\/\/first-gt.com\/fr\/wp-json\/wp\/v2\/pwb-brand?post=746"},{"taxonomy":"product_brand","embeddable":true,"href":"https:\/\/first-gt.com\/fr\/wp-json\/wp\/v2\/product_brand?post=746"},{"taxonomy":"product_cat","embeddable":true,"href":"https:\/\/first-gt.com\/fr\/wp-json\/wp\/v2\/product_cat?post=746"},{"taxonomy":"product_tag","embeddable":true,"href":"https:\/\/first-gt.com\/fr\/wp-json\/wp\/v2\/product_tag?post=746"}],"curies":[{"name":"wp","href":"https:\/\/api.w.org\/{rel}","templated":true}]}}