{"id":744,"date":"2021-06-17T10:10:58","date_gmt":"2021-06-17T10:10:58","guid":{"rendered":"https:\/\/first-gt.com\/produit\/porsche-boxster-spyder\/"},"modified":"2026-04-16T14:35:41","modified_gmt":"2026-04-16T14:35:41","slug":"porsche-boxster-spyder","status":"publish","type":"product","link":"https:\/\/first-gt.com\/fr\/vehicules\/porsche-boxster-spyder\/","title":{"rendered":"PORSCHE Boxster"},"content":{"rendered":"<p>La Porsche Boxster est un roadster \u00e0 moteur central con\u00e7u pour offrir un \u00e9quilibre optimal et une exp\u00e9rience de conduite pure. Ses proportions compactes et son architecture sp\u00e9cifique renforcent son agilit\u00e9. La capote permet de profiter pleinement de la conduite \u00e0 ciel ouvert. L\u2019int\u00e9rieur privil\u00e9gie la simplicit\u00e9 et l\u2019efficacit\u00e9, avec une disposition centr\u00e9e sur le conducteur. Sur la route, elle se distingue par sa pr\u00e9cision et son comportement dynamique, particuli\u00e8rement appr\u00e9ciable sur routes sinueuses. Elle s\u2019adresse \u00e0 ceux qui recherchent une voiture orient\u00e9e sensations.<\/p>\n","protected":false},"excerpt":{"rendered":"<p>Nombre de places : 2<br \/>\nPuissance : 300<br \/>\nPrix pour 1 journ\u00e9e (250km inclus) :<br \/>\n<span class=\"redclass\">\u00e0 partir de 495\u20ac<\/span><br \/>\nPrix pour 3 jours (750km inclus) :<br \/>\n<span class=\"redclass\">\u00e0 partir de 1320\u20ac<\/span><br \/>\nPrix pour 7 jours (1750km inclus) :<br \/>\n<span class=\"redclass\">\u00e0 partir de 2450\u20ac<\/span><br \/>\nFranchise :<br \/>\n<span class=\"redclass\">14000\u20ac<\/span><br \/>\nAssurance compl\u00e9mentaire (par jour) :<br \/>\n<span class=\"redclass\">50\u20ac par jour<\/span><br \/>\nFranchise r\u00e9duite :<br \/>\n<span class=\"redclass\">6000\u20ac<\/span><\/p>\n","protected":false},"featured_media":169,"template":"","meta":[],"pwb-brand":[113],"product_brand":[],"product_cat":[71],"product_tag":[],"class_list":{"0":"post-744","1":"product","2":"type-product","3":"status-publish","4":"has-post-thumbnail","6":"pwb-brand-porsche-fr","7":"product_cat-cabriolets","9":"first","10":"instock","11":"shipping-taxable","12":"product-type-simple","13":"add-to-wishlist-after_add_to_cart"},"yoast_head":"<!-- This site is optimized with the Yoast SEO plugin v27.5 - https:\/\/yoast.com\/product\/yoast-seo-wordpress\/ -->\n<title>PORSCHE Boxster - First GT<\/title>\n<meta name=\"robots\" content=\"index, follow, max-snippet:-1, max-image-preview:large, max-video-preview:-1\" \/>\n<link rel=\"canonical\" href=\"https:\/\/first-gt.com\/fr\/vehicules\/porsche-boxster-spyder\/\" \/>\n<meta property=\"og:locale\" content=\"fr_FR\" \/>\n<meta property=\"og:type\" content=\"article\" \/>\n<meta property=\"og:title\" content=\"PORSCHE Boxster - First GT\" \/>\n<meta property=\"og:description\" content=\"Nombre de places : 2 Puissance : 300 Prix pour 1 journ\u00e9e (250km inclus) : \u00e0 partir de 495\u20ac Prix pour 3 jours (750km inclus) : \u00e0 partir de 1320\u20ac Prix pour 7 jours (1750km inclus) : \u00e0 partir de 2450\u20ac Franchise : 14000\u20ac Assurance compl\u00e9mentaire (par jour) : 50\u20ac par jour Franchise r\u00e9duite : 6000\u20ac\" \/>\n<meta property=\"og:url\" content=\"https:\/\/first-gt.com\/fr\/vehicules\/porsche-boxster-spyder\/\" \/>\n<meta property=\"og:site_name\" content=\"First GT\" \/>\n<meta property=\"article:modified_time\" content=\"2026-04-16T14:35:41+00:00\" \/>\n<meta property=\"og:image\" content=\"https:\/\/first-gt.com\/wp-content\/uploads\/2021\/05\/porsche-Boxster-Spyder.jpg\" \/>\n\t<meta property=\"og:image:width\" content=\"1920\" \/>\n\t<meta property=\"og:image:height\" content=\"1280\" \/>\n\t<meta property=\"og:image:type\" content=\"image\/jpeg\" \/>\n<meta name=\"twitter:card\" content=\"summary_large_image\" \/>\n<meta name=\"twitter:label1\" content=\"Dur\u00e9e de lecture estim\u00e9e\" \/>\n\t<meta name=\"twitter:data1\" content=\"1 minute\" \/>\n<script type=\"application\/ld+json\" class=\"yoast-schema-graph\">{\"@context\":\"https:\\\/\\\/schema.org\",\"@graph\":[{\"@type\":\"WebPage\",\"@id\":\"https:\\\/\\\/first-gt.com\\\/fr\\\/vehicules\\\/porsche-boxster-spyder\\\/\",\"url\":\"https:\\\/\\\/first-gt.com\\\/fr\\\/vehicules\\\/porsche-boxster-spyder\\\/\",\"name\":\"PORSCHE Boxster - First GT\",\"isPartOf\":{\"@id\":\"https:\\\/\\\/first-gt.com\\\/#website\"},\"primaryImageOfPage\":{\"@id\":\"https:\\\/\\\/first-gt.com\\\/fr\\\/vehicules\\\/porsche-boxster-spyder\\\/#primaryimage\"},\"image\":{\"@id\":\"https:\\\/\\\/first-gt.com\\\/fr\\\/vehicules\\\/porsche-boxster-spyder\\\/#primaryimage\"},\"thumbnailUrl\":\"https:\\\/\\\/first-gt.com\\\/wp-content\\\/uploads\\\/2021\\\/05\\\/porsche-Boxster-Spyder.jpg\",\"datePublished\":\"2021-06-17T10:10:58+00:00\",\"dateModified\":\"2026-04-16T14:35:41+00:00\",\"breadcrumb\":{\"@id\":\"https:\\\/\\\/first-gt.com\\\/fr\\\/vehicules\\\/porsche-boxster-spyder\\\/#breadcrumb\"},\"inLanguage\":\"fr-FR\",\"potentialAction\":[{\"@type\":\"ReadAction\",\"target\":[\"https:\\\/\\\/first-gt.com\\\/fr\\\/vehicules\\\/porsche-boxster-spyder\\\/\"]}]},{\"@type\":\"ImageObject\",\"inLanguage\":\"fr-FR\",\"@id\":\"https:\\\/\\\/first-gt.com\\\/fr\\\/vehicules\\\/porsche-boxster-spyder\\\/#primaryimage\",\"url\":\"https:\\\/\\\/first-gt.com\\\/wp-content\\\/uploads\\\/2021\\\/05\\\/porsche-Boxster-Spyder.jpg\",\"contentUrl\":\"https:\\\/\\\/first-gt.com\\\/wp-content\\\/uploads\\\/2021\\\/05\\\/porsche-Boxster-Spyder.jpg\",\"width\":1920,\"height\":1280},{\"@type\":\"BreadcrumbList\",\"@id\":\"https:\\\/\\\/first-gt.com\\\/fr\\\/vehicules\\\/porsche-boxster-spyder\\\/#breadcrumb\",\"itemListElement\":[{\"@type\":\"ListItem\",\"position\":1,\"name\":\"Accueil\",\"item\":\"https:\\\/\\\/first-gt.com\\\/fr\\\/\"},{\"@type\":\"ListItem\",\"position\":2,\"name\":\"Notre flotte de v\u00e9hicules\",\"item\":\"https:\\\/\\\/first-gt.com\\\/fr\\\/vehicules\\\/\"},{\"@type\":\"ListItem\",\"position\":3,\"name\":\"PORSCHE Boxster\"}]},{\"@type\":\"WebSite\",\"@id\":\"https:\\\/\\\/first-gt.com\\\/#website\",\"url\":\"https:\\\/\\\/first-gt.com\\\/\",\"name\":\"First GT\",\"description\":\"First GT\",\"potentialAction\":[{\"@type\":\"SearchAction\",\"target\":{\"@type\":\"EntryPoint\",\"urlTemplate\":\"https:\\\/\\\/first-gt.com\\\/?s={search_term_string}\"},\"query-input\":{\"@type\":\"PropertyValueSpecification\",\"valueRequired\":true,\"valueName\":\"search_term_string\"}}],\"inLanguage\":\"fr-FR\"}]}<\/script>\n<!-- \/ Yoast SEO plugin. -->","yoast_head_json":{"title":"PORSCHE Boxster - First GT","robots":{"index":"index","follow":"follow","max-snippet":"max-snippet:-1","max-image-preview":"max-image-preview:large","max-video-preview":"max-video-preview:-1"},"canonical":"https:\/\/first-gt.com\/fr\/vehicules\/porsche-boxster-spyder\/","og_locale":"fr_FR","og_type":"article","og_title":"PORSCHE Boxster - First GT","og_description":"Nombre de places : 2 Puissance : 300 Prix pour 1 journ\u00e9e (250km inclus) : \u00e0 partir de 495\u20ac Prix pour 3 jours (750km inclus) : \u00e0 partir de 1320\u20ac Prix pour 7 jours (1750km inclus) : \u00e0 partir de 2450\u20ac Franchise : 14000\u20ac Assurance compl\u00e9mentaire (par jour) : 50\u20ac par jour Franchise r\u00e9duite : 6000\u20ac","og_url":"https:\/\/first-gt.com\/fr\/vehicules\/porsche-boxster-spyder\/","og_site_name":"First GT","article_modified_time":"2026-04-16T14:35:41+00:00","og_image":[{"width":1920,"height":1280,"url":"https:\/\/first-gt.com\/wp-content\/uploads\/2021\/05\/porsche-Boxster-Spyder.jpg","type":"image\/jpeg"}],"twitter_card":"summary_large_image","twitter_misc":{"Dur\u00e9e de lecture estim\u00e9e":"1 minute"},"schema":{"@context":"https:\/\/schema.org","@graph":[{"@type":"WebPage","@id":"https:\/\/first-gt.com\/fr\/vehicules\/porsche-boxster-spyder\/","url":"https:\/\/first-gt.com\/fr\/vehicules\/porsche-boxster-spyder\/","name":"PORSCHE Boxster - First GT","isPartOf":{"@id":"https:\/\/first-gt.com\/#website"},"primaryImageOfPage":{"@id":"https:\/\/first-gt.com\/fr\/vehicules\/porsche-boxster-spyder\/#primaryimage"},"image":{"@id":"https:\/\/first-gt.com\/fr\/vehicules\/porsche-boxster-spyder\/#primaryimage"},"thumbnailUrl":"https:\/\/first-gt.com\/wp-content\/uploads\/2021\/05\/porsche-Boxster-Spyder.jpg","datePublished":"2021-06-17T10:10:58+00:00","dateModified":"2026-04-16T14:35:41+00:00","breadcrumb":{"@id":"https:\/\/first-gt.com\/fr\/vehicules\/porsche-boxster-spyder\/#breadcrumb"},"inLanguage":"fr-FR","potentialAction":[{"@type":"ReadAction","target":["https:\/\/first-gt.com\/fr\/vehicules\/porsche-boxster-spyder\/"]}]},{"@type":"ImageObject","inLanguage":"fr-FR","@id":"https:\/\/first-gt.com\/fr\/vehicules\/porsche-boxster-spyder\/#primaryimage","url":"https:\/\/first-gt.com\/wp-content\/uploads\/2021\/05\/porsche-Boxster-Spyder.jpg","contentUrl":"https:\/\/first-gt.com\/wp-content\/uploads\/2021\/05\/porsche-Boxster-Spyder.jpg","width":1920,"height":1280},{"@type":"BreadcrumbList","@id":"https:\/\/first-gt.com\/fr\/vehicules\/porsche-boxster-spyder\/#breadcrumb","itemListElement":[{"@type":"ListItem","position":1,"name":"Accueil","item":"https:\/\/first-gt.com\/fr\/"},{"@type":"ListItem","position":2,"name":"Notre flotte de v\u00e9hicules","item":"https:\/\/first-gt.com\/fr\/vehicules\/"},{"@type":"ListItem","position":3,"name":"PORSCHE Boxster"}]},{"@type":"WebSite","@id":"https:\/\/first-gt.com\/#website","url":"https:\/\/first-gt.com\/","name":"First GT","description":"First GT","potentialAction":[{"@type":"SearchAction","target":{"@type":"EntryPoint","urlTemplate":"https:\/\/first-gt.com\/?s={search_term_string}"},"query-input":{"@type":"PropertyValueSpecification","valueRequired":true,"valueName":"search_term_string"}}],"inLanguage":"fr-FR"}]}},"brands":[{"id":113,"name":"Porsche","slug":"porsche-fr"}],"_links":{"self":[{"href":"https:\/\/first-gt.com\/fr\/wp-json\/wp\/v2\/product\/744","targetHints":{"allow":["GET"]}}],"collection":[{"href":"https:\/\/first-gt.com\/fr\/wp-json\/wp\/v2\/product"}],"about":[{"href":"https:\/\/first-gt.com\/fr\/wp-json\/wp\/v2\/types\/product"}],"wp:featuredmedia":[{"embeddable":true,"href":"https:\/\/first-gt.com\/fr\/wp-json\/wp\/v2\/media\/169"}],"wp:attachment":[{"href":"https:\/\/first-gt.com\/fr\/wp-json\/wp\/v2\/media?parent=744"}],"wp:term":[{"taxonomy":"pwb-brand","embeddable":true,"href":"https:\/\/first-gt.com\/fr\/wp-json\/wp\/v2\/pwb-brand?post=744"},{"taxonomy":"product_brand","embeddable":true,"href":"https:\/\/first-gt.com\/fr\/wp-json\/wp\/v2\/product_brand?post=744"},{"taxonomy":"product_cat","embeddable":true,"href":"https:\/\/first-gt.com\/fr\/wp-json\/wp\/v2\/product_cat?post=744"},{"taxonomy":"product_tag","embeddable":true,"href":"https:\/\/first-gt.com\/fr\/wp-json\/wp\/v2\/product_tag?post=744"}],"curies":[{"name":"wp","href":"https:\/\/api.w.org\/{rel}","templated":true}]}}