{"id":743,"date":"2021-06-17T10:10:58","date_gmt":"2021-06-17T10:10:58","guid":{"rendered":"https:\/\/first-gt.com\/produit\/porsche-panamera\/"},"modified":"2026-04-16T14:34:29","modified_gmt":"2026-04-16T14:34:29","slug":"porsche-panamera","status":"publish","type":"product","link":"https:\/\/first-gt.com\/fr\/vehicules\/porsche-panamera\/","title":{"rendered":"PORSCHE Taycan"},"content":{"rendered":"<p>La Porsche Taycan marque l\u2019entr\u00e9e de la marque dans l\u2019univers \u00e9lectrique, sans renoncer \u00e0 son ADN sportif. Son design moderne et a\u00e9rodynamique refl\u00e8te son architecture sp\u00e9cifique. L\u2019int\u00e9rieur est fortement digitalis\u00e9, avec une interface \u00e9pur\u00e9e. Sur la route, elle offre une acc\u00e9l\u00e9ration imm\u00e9diate et une grande pr\u00e9cision, typiques des motorisations \u00e9lectriques. Elle incarne une nouvelle approche de la performance, tourn\u00e9e vers l\u2019innovation.<\/p>\n","protected":false},"excerpt":{"rendered":"<p>Nombre de places : 4<br \/>\nPuissance : 625<br \/>\nPrix pour 1 journ\u00e9e (250km inclus) :<br \/>\n<span class=\"redclass\">\u00e0 partir de 1450\u20ac<\/span><br \/>\nPrix pour 3 jours (750km inclus) :<br \/>\n<span class=\"redclass\">\u00e0 partir de 4000\u20ac<\/span><br \/>\nPrix pour 7 jours (1750km inclus) :<br \/>\n<span class=\"redclass\">\u00e0 partir de 7600\u20ac<\/span><br \/>\nFranchise :<br \/>\n<span class=\"redclass\">39000\u20ac<\/span><br \/>\nAssurance compl\u00e9mentaire (par jour) :<br \/>\n<span class=\"redclass\">140\u20ac par jour<\/span><br \/>\nFranchise r\u00e9duite :<br \/>\n<span class=\"redclass\">13000\u20ac<\/span><\/p>\n","protected":false},"featured_media":1272,"template":"","meta":[],"pwb-brand":[113],"product_brand":[],"product_cat":[72,70],"product_tag":[],"class_list":{"0":"post-743","1":"product","2":"type-product","3":"status-publish","4":"has-post-thumbnail","6":"pwb-brand-porsche-fr","7":"product_cat-berlines","8":"product_cat-vehicues-exception","10":"first","11":"instock","12":"shipping-taxable","13":"product-type-simple","14":"add-to-wishlist-after_add_to_cart"},"yoast_head":"<!-- This site is optimized with the Yoast SEO plugin v27.5 - https:\/\/yoast.com\/product\/yoast-seo-wordpress\/ -->\n<title>PORSCHE Taycan - First GT<\/title>\n<meta name=\"robots\" content=\"index, follow, max-snippet:-1, max-image-preview:large, max-video-preview:-1\" \/>\n<link rel=\"canonical\" href=\"https:\/\/first-gt.com\/fr\/vehicules\/porsche-panamera\/\" \/>\n<meta property=\"og:locale\" content=\"fr_FR\" \/>\n<meta property=\"og:type\" content=\"article\" \/>\n<meta property=\"og:title\" content=\"PORSCHE Taycan - First GT\" \/>\n<meta property=\"og:description\" content=\"Nombre de places : 4 Puissance : 625 Prix pour 1 journ\u00e9e (250km inclus) : \u00e0 partir de 1450\u20ac Prix pour 3 jours (750km inclus) : \u00e0 partir de 4000\u20ac Prix pour 7 jours (1750km inclus) : \u00e0 partir de 7600\u20ac Franchise : 39000\u20ac Assurance compl\u00e9mentaire (par jour) : 140\u20ac par jour Franchise r\u00e9duite : 13000\u20ac\" \/>\n<meta property=\"og:url\" content=\"https:\/\/first-gt.com\/fr\/vehicules\/porsche-panamera\/\" \/>\n<meta property=\"og:site_name\" content=\"First GT\" \/>\n<meta property=\"article:modified_time\" content=\"2026-04-16T14:34:29+00:00\" \/>\n<meta property=\"og:image\" content=\"https:\/\/first-gt.com\/wp-content\/uploads\/2021\/06\/Porsche-Taycan.jpg\" \/>\n\t<meta property=\"og:image:width\" content=\"1280\" \/>\n\t<meta property=\"og:image:height\" content=\"960\" \/>\n\t<meta property=\"og:image:type\" content=\"image\/jpeg\" \/>\n<meta name=\"twitter:card\" content=\"summary_large_image\" \/>\n<meta name=\"twitter:label1\" content=\"Dur\u00e9e de lecture estim\u00e9e\" \/>\n\t<meta name=\"twitter:data1\" content=\"1 minute\" \/>\n<script type=\"application\/ld+json\" class=\"yoast-schema-graph\">{\"@context\":\"https:\\\/\\\/schema.org\",\"@graph\":[{\"@type\":\"WebPage\",\"@id\":\"https:\\\/\\\/first-gt.com\\\/fr\\\/vehicules\\\/porsche-panamera\\\/\",\"url\":\"https:\\\/\\\/first-gt.com\\\/fr\\\/vehicules\\\/porsche-panamera\\\/\",\"name\":\"PORSCHE Taycan - First GT\",\"isPartOf\":{\"@id\":\"https:\\\/\\\/first-gt.com\\\/#website\"},\"primaryImageOfPage\":{\"@id\":\"https:\\\/\\\/first-gt.com\\\/fr\\\/vehicules\\\/porsche-panamera\\\/#primaryimage\"},\"image\":{\"@id\":\"https:\\\/\\\/first-gt.com\\\/fr\\\/vehicules\\\/porsche-panamera\\\/#primaryimage\"},\"thumbnailUrl\":\"https:\\\/\\\/first-gt.com\\\/wp-content\\\/uploads\\\/2021\\\/06\\\/Porsche-Taycan.jpg\",\"datePublished\":\"2021-06-17T10:10:58+00:00\",\"dateModified\":\"2026-04-16T14:34:29+00:00\",\"breadcrumb\":{\"@id\":\"https:\\\/\\\/first-gt.com\\\/fr\\\/vehicules\\\/porsche-panamera\\\/#breadcrumb\"},\"inLanguage\":\"fr-FR\",\"potentialAction\":[{\"@type\":\"ReadAction\",\"target\":[\"https:\\\/\\\/first-gt.com\\\/fr\\\/vehicules\\\/porsche-panamera\\\/\"]}]},{\"@type\":\"ImageObject\",\"inLanguage\":\"fr-FR\",\"@id\":\"https:\\\/\\\/first-gt.com\\\/fr\\\/vehicules\\\/porsche-panamera\\\/#primaryimage\",\"url\":\"https:\\\/\\\/first-gt.com\\\/wp-content\\\/uploads\\\/2021\\\/06\\\/Porsche-Taycan.jpg\",\"contentUrl\":\"https:\\\/\\\/first-gt.com\\\/wp-content\\\/uploads\\\/2021\\\/06\\\/Porsche-Taycan.jpg\",\"width\":1280,\"height\":960},{\"@type\":\"BreadcrumbList\",\"@id\":\"https:\\\/\\\/first-gt.com\\\/fr\\\/vehicules\\\/porsche-panamera\\\/#breadcrumb\",\"itemListElement\":[{\"@type\":\"ListItem\",\"position\":1,\"name\":\"Accueil\",\"item\":\"https:\\\/\\\/first-gt.com\\\/fr\\\/\"},{\"@type\":\"ListItem\",\"position\":2,\"name\":\"Notre flotte de v\u00e9hicules\",\"item\":\"https:\\\/\\\/first-gt.com\\\/fr\\\/vehicules\\\/\"},{\"@type\":\"ListItem\",\"position\":3,\"name\":\"PORSCHE Taycan\"}]},{\"@type\":\"WebSite\",\"@id\":\"https:\\\/\\\/first-gt.com\\\/#website\",\"url\":\"https:\\\/\\\/first-gt.com\\\/\",\"name\":\"First GT\",\"description\":\"First GT\",\"potentialAction\":[{\"@type\":\"SearchAction\",\"target\":{\"@type\":\"EntryPoint\",\"urlTemplate\":\"https:\\\/\\\/first-gt.com\\\/?s={search_term_string}\"},\"query-input\":{\"@type\":\"PropertyValueSpecification\",\"valueRequired\":true,\"valueName\":\"search_term_string\"}}],\"inLanguage\":\"fr-FR\"}]}<\/script>\n<!-- \/ Yoast SEO plugin. -->","yoast_head_json":{"title":"PORSCHE Taycan - First GT","robots":{"index":"index","follow":"follow","max-snippet":"max-snippet:-1","max-image-preview":"max-image-preview:large","max-video-preview":"max-video-preview:-1"},"canonical":"https:\/\/first-gt.com\/fr\/vehicules\/porsche-panamera\/","og_locale":"fr_FR","og_type":"article","og_title":"PORSCHE Taycan - First GT","og_description":"Nombre de places : 4 Puissance : 625 Prix pour 1 journ\u00e9e (250km inclus) : \u00e0 partir de 1450\u20ac Prix pour 3 jours (750km inclus) : \u00e0 partir de 4000\u20ac Prix pour 7 jours (1750km inclus) : \u00e0 partir de 7600\u20ac Franchise : 39000\u20ac Assurance compl\u00e9mentaire (par jour) : 140\u20ac par jour Franchise r\u00e9duite : 13000\u20ac","og_url":"https:\/\/first-gt.com\/fr\/vehicules\/porsche-panamera\/","og_site_name":"First GT","article_modified_time":"2026-04-16T14:34:29+00:00","og_image":[{"width":1280,"height":960,"url":"https:\/\/first-gt.com\/wp-content\/uploads\/2021\/06\/Porsche-Taycan.jpg","type":"image\/jpeg"}],"twitter_card":"summary_large_image","twitter_misc":{"Dur\u00e9e de lecture estim\u00e9e":"1 minute"},"schema":{"@context":"https:\/\/schema.org","@graph":[{"@type":"WebPage","@id":"https:\/\/first-gt.com\/fr\/vehicules\/porsche-panamera\/","url":"https:\/\/first-gt.com\/fr\/vehicules\/porsche-panamera\/","name":"PORSCHE Taycan - First GT","isPartOf":{"@id":"https:\/\/first-gt.com\/#website"},"primaryImageOfPage":{"@id":"https:\/\/first-gt.com\/fr\/vehicules\/porsche-panamera\/#primaryimage"},"image":{"@id":"https:\/\/first-gt.com\/fr\/vehicules\/porsche-panamera\/#primaryimage"},"thumbnailUrl":"https:\/\/first-gt.com\/wp-content\/uploads\/2021\/06\/Porsche-Taycan.jpg","datePublished":"2021-06-17T10:10:58+00:00","dateModified":"2026-04-16T14:34:29+00:00","breadcrumb":{"@id":"https:\/\/first-gt.com\/fr\/vehicules\/porsche-panamera\/#breadcrumb"},"inLanguage":"fr-FR","potentialAction":[{"@type":"ReadAction","target":["https:\/\/first-gt.com\/fr\/vehicules\/porsche-panamera\/"]}]},{"@type":"ImageObject","inLanguage":"fr-FR","@id":"https:\/\/first-gt.com\/fr\/vehicules\/porsche-panamera\/#primaryimage","url":"https:\/\/first-gt.com\/wp-content\/uploads\/2021\/06\/Porsche-Taycan.jpg","contentUrl":"https:\/\/first-gt.com\/wp-content\/uploads\/2021\/06\/Porsche-Taycan.jpg","width":1280,"height":960},{"@type":"BreadcrumbList","@id":"https:\/\/first-gt.com\/fr\/vehicules\/porsche-panamera\/#breadcrumb","itemListElement":[{"@type":"ListItem","position":1,"name":"Accueil","item":"https:\/\/first-gt.com\/fr\/"},{"@type":"ListItem","position":2,"name":"Notre flotte de v\u00e9hicules","item":"https:\/\/first-gt.com\/fr\/vehicules\/"},{"@type":"ListItem","position":3,"name":"PORSCHE Taycan"}]},{"@type":"WebSite","@id":"https:\/\/first-gt.com\/#website","url":"https:\/\/first-gt.com\/","name":"First GT","description":"First GT","potentialAction":[{"@type":"SearchAction","target":{"@type":"EntryPoint","urlTemplate":"https:\/\/first-gt.com\/?s={search_term_string}"},"query-input":{"@type":"PropertyValueSpecification","valueRequired":true,"valueName":"search_term_string"}}],"inLanguage":"fr-FR"}]}},"brands":[{"id":113,"name":"Porsche","slug":"porsche-fr"}],"_links":{"self":[{"href":"https:\/\/first-gt.com\/fr\/wp-json\/wp\/v2\/product\/743","targetHints":{"allow":["GET"]}}],"collection":[{"href":"https:\/\/first-gt.com\/fr\/wp-json\/wp\/v2\/product"}],"about":[{"href":"https:\/\/first-gt.com\/fr\/wp-json\/wp\/v2\/types\/product"}],"wp:featuredmedia":[{"embeddable":true,"href":"https:\/\/first-gt.com\/fr\/wp-json\/wp\/v2\/media\/1272"}],"wp:attachment":[{"href":"https:\/\/first-gt.com\/fr\/wp-json\/wp\/v2\/media?parent=743"}],"wp:term":[{"taxonomy":"pwb-brand","embeddable":true,"href":"https:\/\/first-gt.com\/fr\/wp-json\/wp\/v2\/pwb-brand?post=743"},{"taxonomy":"product_brand","embeddable":true,"href":"https:\/\/first-gt.com\/fr\/wp-json\/wp\/v2\/product_brand?post=743"},{"taxonomy":"product_cat","embeddable":true,"href":"https:\/\/first-gt.com\/fr\/wp-json\/wp\/v2\/product_cat?post=743"},{"taxonomy":"product_tag","embeddable":true,"href":"https:\/\/first-gt.com\/fr\/wp-json\/wp\/v2\/product_tag?post=743"}],"curies":[{"name":"wp","href":"https:\/\/api.w.org\/{rel}","templated":true}]}}