{"id":734,"date":"2021-06-17T10:10:57","date_gmt":"2021-06-17T10:10:57","guid":{"rendered":"https:\/\/first-gt.com\/produit\/ferrari-roma\/"},"modified":"2026-04-16T14:21:51","modified_gmt":"2026-04-16T14:21:51","slug":"ferrari-roma","status":"publish","type":"product","link":"https:\/\/first-gt.com\/fr\/vehicules\/ferrari-roma\/","title":{"rendered":"FERRARI Roma Spider"},"content":{"rendered":"<p>La Ferrari Roma Spider incarne une vision contemporaine de l\u2019\u00e9l\u00e9gance italienne, dans un format cabriolet raffin\u00e9. Son design s\u2019inspire de proportions classiques, avec des lignes \u00e9pur\u00e9es et \u00e9quilibr\u00e9es. La capote en toile renforce le lien avec l\u2019environnement, particuli\u00e8rement appr\u00e9ciable sur routes c\u00f4ti\u00e8res. L\u2019int\u00e9rieur associe luxe et technologie, dans un espace harmonieux. Sur la route, la Roma Spider privil\u00e9gie la fluidit\u00e9 et le confort, offrant une exp\u00e9rience plus douce que les mod\u00e8les les plus radicaux de la marque. Elle s\u2019adresse \u00e0 ceux qui recherchent une Ferrari \u00e9l\u00e9gante, tourn\u00e9e vers le plaisir de conduite.<\/p>\n","protected":false},"excerpt":{"rendered":"<p>Nombre de places : 2 + 2<br \/>\nPuissance : 620<br \/>\nPrix pour 1 journ\u00e9e (250km inclus) :<br \/>\n<span class=\"redclass\">\u00e0 partir de 1900\u20ac<\/span><br \/>\nPrix pour 3 jours (750km inclus) :<br \/>\n<span class=\"redclass\">\u00e0 partir de 5200\u20ac<\/span><br \/>\nPrix pour 7 jours (1750km inclus) :<br \/>\n<span class=\"redclass\">\u00e0 partir de 10350\u20ac<\/span><br \/>\nFranchise :<br \/>\n<span class=\"redclass\">40000\u20ac<\/span><br \/>\nAssurance compl\u00e9mentaire (par jour) :<br \/>\n<span class=\"redclass\">170\u20ac par jour<\/span><br \/>\nFranchise r\u00e9duite :<br \/>\n<span class=\"redclass\">15000\u20ac<\/span><\/p>\n","protected":false},"featured_media":1198,"template":"","meta":[],"pwb-brand":[111],"product_brand":[],"product_cat":[70],"product_tag":[],"class_list":{"0":"post-734","1":"product","2":"type-product","3":"status-publish","4":"has-post-thumbnail","6":"pwb-brand-ferrari-fr","7":"product_cat-vehicues-exception","9":"first","10":"instock","11":"shipping-taxable","12":"product-type-simple","13":"add-to-wishlist-after_add_to_cart"},"yoast_head":"<!-- This site is optimized with the Yoast SEO plugin v27.5 - https:\/\/yoast.com\/product\/yoast-seo-wordpress\/ -->\n<title>FERRARI Roma Spider - First GT<\/title>\n<meta name=\"robots\" content=\"index, follow, max-snippet:-1, max-image-preview:large, max-video-preview:-1\" \/>\n<link rel=\"canonical\" href=\"https:\/\/first-gt.com\/fr\/vehicules\/ferrari-roma\/\" \/>\n<meta property=\"og:locale\" content=\"fr_FR\" \/>\n<meta property=\"og:type\" content=\"article\" \/>\n<meta property=\"og:title\" content=\"FERRARI Roma Spider - First GT\" \/>\n<meta property=\"og:description\" content=\"Nombre de places : 2 + 2 Puissance : 620 Prix pour 1 journ\u00e9e (250km inclus) : \u00e0 partir de 1900\u20ac Prix pour 3 jours (750km inclus) : \u00e0 partir de 5200\u20ac Prix pour 7 jours (1750km inclus) : \u00e0 partir de 10350\u20ac Franchise : 40000\u20ac Assurance compl\u00e9mentaire (par jour) : 170\u20ac par jour Franchise r\u00e9duite : 15000\u20ac\" \/>\n<meta property=\"og:url\" content=\"https:\/\/first-gt.com\/fr\/vehicules\/ferrari-roma\/\" \/>\n<meta property=\"og:site_name\" content=\"First GT\" \/>\n<meta property=\"article:modified_time\" content=\"2026-04-16T14:21:51+00:00\" \/>\n<meta property=\"og:image\" content=\"https:\/\/first-gt.com\/wp-content\/uploads\/2021\/06\/Ferrari-Roma-Spider.jpg\" \/>\n\t<meta property=\"og:image:width\" content=\"1260\" \/>\n\t<meta property=\"og:image:height\" content=\"710\" \/>\n\t<meta property=\"og:image:type\" content=\"image\/jpeg\" \/>\n<meta name=\"twitter:card\" content=\"summary_large_image\" \/>\n<meta name=\"twitter:label1\" content=\"Dur\u00e9e de lecture estim\u00e9e\" \/>\n\t<meta name=\"twitter:data1\" content=\"1 minute\" \/>\n<script type=\"application\/ld+json\" class=\"yoast-schema-graph\">{\"@context\":\"https:\\\/\\\/schema.org\",\"@graph\":[{\"@type\":\"WebPage\",\"@id\":\"https:\\\/\\\/first-gt.com\\\/fr\\\/vehicules\\\/ferrari-roma\\\/\",\"url\":\"https:\\\/\\\/first-gt.com\\\/fr\\\/vehicules\\\/ferrari-roma\\\/\",\"name\":\"FERRARI Roma Spider - First GT\",\"isPartOf\":{\"@id\":\"https:\\\/\\\/first-gt.com\\\/#website\"},\"primaryImageOfPage\":{\"@id\":\"https:\\\/\\\/first-gt.com\\\/fr\\\/vehicules\\\/ferrari-roma\\\/#primaryimage\"},\"image\":{\"@id\":\"https:\\\/\\\/first-gt.com\\\/fr\\\/vehicules\\\/ferrari-roma\\\/#primaryimage\"},\"thumbnailUrl\":\"https:\\\/\\\/first-gt.com\\\/wp-content\\\/uploads\\\/2021\\\/06\\\/Ferrari-Roma-Spider.jpg\",\"datePublished\":\"2021-06-17T10:10:57+00:00\",\"dateModified\":\"2026-04-16T14:21:51+00:00\",\"breadcrumb\":{\"@id\":\"https:\\\/\\\/first-gt.com\\\/fr\\\/vehicules\\\/ferrari-roma\\\/#breadcrumb\"},\"inLanguage\":\"fr-FR\",\"potentialAction\":[{\"@type\":\"ReadAction\",\"target\":[\"https:\\\/\\\/first-gt.com\\\/fr\\\/vehicules\\\/ferrari-roma\\\/\"]}]},{\"@type\":\"ImageObject\",\"inLanguage\":\"fr-FR\",\"@id\":\"https:\\\/\\\/first-gt.com\\\/fr\\\/vehicules\\\/ferrari-roma\\\/#primaryimage\",\"url\":\"https:\\\/\\\/first-gt.com\\\/wp-content\\\/uploads\\\/2021\\\/06\\\/Ferrari-Roma-Spider.jpg\",\"contentUrl\":\"https:\\\/\\\/first-gt.com\\\/wp-content\\\/uploads\\\/2021\\\/06\\\/Ferrari-Roma-Spider.jpg\",\"width\":1260,\"height\":710},{\"@type\":\"BreadcrumbList\",\"@id\":\"https:\\\/\\\/first-gt.com\\\/fr\\\/vehicules\\\/ferrari-roma\\\/#breadcrumb\",\"itemListElement\":[{\"@type\":\"ListItem\",\"position\":1,\"name\":\"Accueil\",\"item\":\"https:\\\/\\\/first-gt.com\\\/fr\\\/\"},{\"@type\":\"ListItem\",\"position\":2,\"name\":\"Notre flotte de v\u00e9hicules\",\"item\":\"https:\\\/\\\/first-gt.com\\\/fr\\\/vehicules\\\/\"},{\"@type\":\"ListItem\",\"position\":3,\"name\":\"FERRARI Roma Spider\"}]},{\"@type\":\"WebSite\",\"@id\":\"https:\\\/\\\/first-gt.com\\\/#website\",\"url\":\"https:\\\/\\\/first-gt.com\\\/\",\"name\":\"First GT\",\"description\":\"First GT\",\"potentialAction\":[{\"@type\":\"SearchAction\",\"target\":{\"@type\":\"EntryPoint\",\"urlTemplate\":\"https:\\\/\\\/first-gt.com\\\/?s={search_term_string}\"},\"query-input\":{\"@type\":\"PropertyValueSpecification\",\"valueRequired\":true,\"valueName\":\"search_term_string\"}}],\"inLanguage\":\"fr-FR\"}]}<\/script>\n<!-- \/ Yoast SEO plugin. -->","yoast_head_json":{"title":"FERRARI Roma Spider - First GT","robots":{"index":"index","follow":"follow","max-snippet":"max-snippet:-1","max-image-preview":"max-image-preview:large","max-video-preview":"max-video-preview:-1"},"canonical":"https:\/\/first-gt.com\/fr\/vehicules\/ferrari-roma\/","og_locale":"fr_FR","og_type":"article","og_title":"FERRARI Roma Spider - First GT","og_description":"Nombre de places : 2 + 2 Puissance : 620 Prix pour 1 journ\u00e9e (250km inclus) : \u00e0 partir de 1900\u20ac Prix pour 3 jours (750km inclus) : \u00e0 partir de 5200\u20ac Prix pour 7 jours (1750km inclus) : \u00e0 partir de 10350\u20ac Franchise : 40000\u20ac Assurance compl\u00e9mentaire (par jour) : 170\u20ac par jour Franchise r\u00e9duite : 15000\u20ac","og_url":"https:\/\/first-gt.com\/fr\/vehicules\/ferrari-roma\/","og_site_name":"First GT","article_modified_time":"2026-04-16T14:21:51+00:00","og_image":[{"width":1260,"height":710,"url":"https:\/\/first-gt.com\/wp-content\/uploads\/2021\/06\/Ferrari-Roma-Spider.jpg","type":"image\/jpeg"}],"twitter_card":"summary_large_image","twitter_misc":{"Dur\u00e9e de lecture estim\u00e9e":"1 minute"},"schema":{"@context":"https:\/\/schema.org","@graph":[{"@type":"WebPage","@id":"https:\/\/first-gt.com\/fr\/vehicules\/ferrari-roma\/","url":"https:\/\/first-gt.com\/fr\/vehicules\/ferrari-roma\/","name":"FERRARI Roma Spider - First GT","isPartOf":{"@id":"https:\/\/first-gt.com\/#website"},"primaryImageOfPage":{"@id":"https:\/\/first-gt.com\/fr\/vehicules\/ferrari-roma\/#primaryimage"},"image":{"@id":"https:\/\/first-gt.com\/fr\/vehicules\/ferrari-roma\/#primaryimage"},"thumbnailUrl":"https:\/\/first-gt.com\/wp-content\/uploads\/2021\/06\/Ferrari-Roma-Spider.jpg","datePublished":"2021-06-17T10:10:57+00:00","dateModified":"2026-04-16T14:21:51+00:00","breadcrumb":{"@id":"https:\/\/first-gt.com\/fr\/vehicules\/ferrari-roma\/#breadcrumb"},"inLanguage":"fr-FR","potentialAction":[{"@type":"ReadAction","target":["https:\/\/first-gt.com\/fr\/vehicules\/ferrari-roma\/"]}]},{"@type":"ImageObject","inLanguage":"fr-FR","@id":"https:\/\/first-gt.com\/fr\/vehicules\/ferrari-roma\/#primaryimage","url":"https:\/\/first-gt.com\/wp-content\/uploads\/2021\/06\/Ferrari-Roma-Spider.jpg","contentUrl":"https:\/\/first-gt.com\/wp-content\/uploads\/2021\/06\/Ferrari-Roma-Spider.jpg","width":1260,"height":710},{"@type":"BreadcrumbList","@id":"https:\/\/first-gt.com\/fr\/vehicules\/ferrari-roma\/#breadcrumb","itemListElement":[{"@type":"ListItem","position":1,"name":"Accueil","item":"https:\/\/first-gt.com\/fr\/"},{"@type":"ListItem","position":2,"name":"Notre flotte de v\u00e9hicules","item":"https:\/\/first-gt.com\/fr\/vehicules\/"},{"@type":"ListItem","position":3,"name":"FERRARI Roma Spider"}]},{"@type":"WebSite","@id":"https:\/\/first-gt.com\/#website","url":"https:\/\/first-gt.com\/","name":"First GT","description":"First GT","potentialAction":[{"@type":"SearchAction","target":{"@type":"EntryPoint","urlTemplate":"https:\/\/first-gt.com\/?s={search_term_string}"},"query-input":{"@type":"PropertyValueSpecification","valueRequired":true,"valueName":"search_term_string"}}],"inLanguage":"fr-FR"}]}},"brands":[{"id":111,"name":"Ferrari","slug":"ferrari-fr"}],"_links":{"self":[{"href":"https:\/\/first-gt.com\/fr\/wp-json\/wp\/v2\/product\/734","targetHints":{"allow":["GET"]}}],"collection":[{"href":"https:\/\/first-gt.com\/fr\/wp-json\/wp\/v2\/product"}],"about":[{"href":"https:\/\/first-gt.com\/fr\/wp-json\/wp\/v2\/types\/product"}],"wp:featuredmedia":[{"embeddable":true,"href":"https:\/\/first-gt.com\/fr\/wp-json\/wp\/v2\/media\/1198"}],"wp:attachment":[{"href":"https:\/\/first-gt.com\/fr\/wp-json\/wp\/v2\/media?parent=734"}],"wp:term":[{"taxonomy":"pwb-brand","embeddable":true,"href":"https:\/\/first-gt.com\/fr\/wp-json\/wp\/v2\/pwb-brand?post=734"},{"taxonomy":"product_brand","embeddable":true,"href":"https:\/\/first-gt.com\/fr\/wp-json\/wp\/v2\/product_brand?post=734"},{"taxonomy":"product_cat","embeddable":true,"href":"https:\/\/first-gt.com\/fr\/wp-json\/wp\/v2\/product_cat?post=734"},{"taxonomy":"product_tag","embeddable":true,"href":"https:\/\/first-gt.com\/fr\/wp-json\/wp\/v2\/product_tag?post=734"}],"curies":[{"name":"wp","href":"https:\/\/api.w.org\/{rel}","templated":true}]}}