{"id":731,"date":"2021-06-17T10:10:57","date_gmt":"2021-06-17T10:10:57","guid":{"rendered":"https:\/\/first-gt.com\/produit\/bentley-gt-cabrio-w12-first-edition\/"},"modified":"2026-04-16T14:17:48","modified_gmt":"2026-04-16T14:17:48","slug":"bentley-gt-cabrio-w12-first-edition","status":"publish","type":"product","link":"https:\/\/first-gt.com\/fr\/vehicules\/bentley-gt-cabrio-w12-first-edition\/","title":{"rendered":"BENTLEY GTC Speed"},"content":{"rendered":"<p>La Bentley Continental GTC Speed repr\u00e9sente la version la plus dynamique du cabriolet grand tourisme de la marque. Son design associe \u00e9l\u00e9gance et caract\u00e8re sportif, renforc\u00e9 par des proportions basses et affirm\u00e9es. D\u00e9capot\u00e9e, elle offre une exp\u00e9rience immersive, sublim\u00e9e par la puissance de sa motorisation. L\u2019habitacle conserve un niveau de finition exceptionnel, m\u00ealant artisanat et technologie. Sur la route, la GTC Speed allie performance et confort, offrant une conduite \u00e0 la fois engageante et raffin\u00e9e.<\/p>\n","protected":false},"excerpt":{"rendered":"<p>Nombre de places : 4<br \/>\nPuissance : 782<br \/>\nPrix pour 1 journ\u00e9e (250km inclus) :<br \/>\n<span class=\"redclass\">\u00e0 partir de 2200\u20ac<\/span><br \/>\nPrix pour 3 jours (750km inclus) :<br \/>\n<span class=\"redclass\">\u00e0 partir de 5940\u20ac<\/span><br \/>\nPrix pour 7 jours (1750km inclus) :<br \/>\n<span class=\"redclass\">\u00e0 partir de 12000\u20ac<\/span><br \/>\nFranchise :<br \/>\n<span class=\"redclass\">40000\u20ac<\/span><br \/>\nAssurance compl\u00e9mentaire (par jour) :<br \/>\n<span class=\"redclass\">170\u20ac par jour<\/span><br \/>\nFranchise r\u00e9duite :<br \/>\n<span class=\"redclass\">15000\u20ac<\/span><\/p>\n","protected":false},"featured_media":1302,"template":"","meta":[],"pwb-brand":[109],"product_brand":[],"product_cat":[70],"product_tag":[],"class_list":{"0":"post-731","1":"product","2":"type-product","3":"status-publish","4":"has-post-thumbnail","6":"pwb-brand-bentley-fr","7":"product_cat-vehicues-exception","9":"first","10":"instock","11":"featured","12":"shipping-taxable","13":"product-type-simple","14":"add-to-wishlist-after_add_to_cart"},"yoast_head":"<!-- This site is optimized with the Yoast SEO plugin v27.5 - https:\/\/yoast.com\/product\/yoast-seo-wordpress\/ -->\n<title>BENTLEY GTC Speed - First GT<\/title>\n<meta name=\"robots\" content=\"index, follow, max-snippet:-1, max-image-preview:large, max-video-preview:-1\" \/>\n<link rel=\"canonical\" href=\"https:\/\/first-gt.com\/fr\/vehicules\/bentley-gt-cabrio-w12-first-edition\/\" \/>\n<meta property=\"og:locale\" content=\"fr_FR\" \/>\n<meta property=\"og:type\" content=\"article\" \/>\n<meta property=\"og:title\" content=\"BENTLEY GTC Speed - First GT\" \/>\n<meta property=\"og:description\" content=\"Nombre de places : 4 Puissance : 782 Prix pour 1 journ\u00e9e (250km inclus) : \u00e0 partir de 2200\u20ac Prix pour 3 jours (750km inclus) : \u00e0 partir de 5940\u20ac Prix pour 7 jours (1750km inclus) : \u00e0 partir de 12000\u20ac Franchise : 40000\u20ac Assurance compl\u00e9mentaire (par jour) : 170\u20ac par jour Franchise r\u00e9duite : 15000\u20ac\" \/>\n<meta property=\"og:url\" content=\"https:\/\/first-gt.com\/fr\/vehicules\/bentley-gt-cabrio-w12-first-edition\/\" \/>\n<meta property=\"og:site_name\" content=\"First GT\" \/>\n<meta property=\"article:modified_time\" content=\"2026-04-16T14:17:48+00:00\" \/>\n<meta property=\"og:image\" content=\"https:\/\/first-gt.com\/wp-content\/uploads\/2021\/06\/Bentley-GTC-Speed-1.jpg\" \/>\n\t<meta property=\"og:image:width\" content=\"1280\" \/>\n\t<meta property=\"og:image:height\" content=\"960\" \/>\n\t<meta property=\"og:image:type\" content=\"image\/jpeg\" \/>\n<meta name=\"twitter:card\" content=\"summary_large_image\" \/>\n<meta name=\"twitter:label1\" content=\"Dur\u00e9e de lecture estim\u00e9e\" \/>\n\t<meta name=\"twitter:data1\" content=\"1 minute\" \/>\n<script type=\"application\/ld+json\" class=\"yoast-schema-graph\">{\"@context\":\"https:\\\/\\\/schema.org\",\"@graph\":[{\"@type\":\"WebPage\",\"@id\":\"https:\\\/\\\/first-gt.com\\\/fr\\\/vehicules\\\/bentley-gt-cabrio-w12-first-edition\\\/\",\"url\":\"https:\\\/\\\/first-gt.com\\\/fr\\\/vehicules\\\/bentley-gt-cabrio-w12-first-edition\\\/\",\"name\":\"BENTLEY GTC Speed - First GT\",\"isPartOf\":{\"@id\":\"https:\\\/\\\/first-gt.com\\\/#website\"},\"primaryImageOfPage\":{\"@id\":\"https:\\\/\\\/first-gt.com\\\/fr\\\/vehicules\\\/bentley-gt-cabrio-w12-first-edition\\\/#primaryimage\"},\"image\":{\"@id\":\"https:\\\/\\\/first-gt.com\\\/fr\\\/vehicules\\\/bentley-gt-cabrio-w12-first-edition\\\/#primaryimage\"},\"thumbnailUrl\":\"https:\\\/\\\/first-gt.com\\\/wp-content\\\/uploads\\\/2021\\\/06\\\/Bentley-GTC-Speed-1.jpg\",\"datePublished\":\"2021-06-17T10:10:57+00:00\",\"dateModified\":\"2026-04-16T14:17:48+00:00\",\"breadcrumb\":{\"@id\":\"https:\\\/\\\/first-gt.com\\\/fr\\\/vehicules\\\/bentley-gt-cabrio-w12-first-edition\\\/#breadcrumb\"},\"inLanguage\":\"fr-FR\",\"potentialAction\":[{\"@type\":\"ReadAction\",\"target\":[\"https:\\\/\\\/first-gt.com\\\/fr\\\/vehicules\\\/bentley-gt-cabrio-w12-first-edition\\\/\"]}]},{\"@type\":\"ImageObject\",\"inLanguage\":\"fr-FR\",\"@id\":\"https:\\\/\\\/first-gt.com\\\/fr\\\/vehicules\\\/bentley-gt-cabrio-w12-first-edition\\\/#primaryimage\",\"url\":\"https:\\\/\\\/first-gt.com\\\/wp-content\\\/uploads\\\/2021\\\/06\\\/Bentley-GTC-Speed-1.jpg\",\"contentUrl\":\"https:\\\/\\\/first-gt.com\\\/wp-content\\\/uploads\\\/2021\\\/06\\\/Bentley-GTC-Speed-1.jpg\",\"width\":1280,\"height\":960},{\"@type\":\"BreadcrumbList\",\"@id\":\"https:\\\/\\\/first-gt.com\\\/fr\\\/vehicules\\\/bentley-gt-cabrio-w12-first-edition\\\/#breadcrumb\",\"itemListElement\":[{\"@type\":\"ListItem\",\"position\":1,\"name\":\"Accueil\",\"item\":\"https:\\\/\\\/first-gt.com\\\/fr\\\/\"},{\"@type\":\"ListItem\",\"position\":2,\"name\":\"Notre flotte de v\u00e9hicules\",\"item\":\"https:\\\/\\\/first-gt.com\\\/fr\\\/vehicules\\\/\"},{\"@type\":\"ListItem\",\"position\":3,\"name\":\"BENTLEY GTC Speed\"}]},{\"@type\":\"WebSite\",\"@id\":\"https:\\\/\\\/first-gt.com\\\/#website\",\"url\":\"https:\\\/\\\/first-gt.com\\\/\",\"name\":\"First GT\",\"description\":\"First GT\",\"potentialAction\":[{\"@type\":\"SearchAction\",\"target\":{\"@type\":\"EntryPoint\",\"urlTemplate\":\"https:\\\/\\\/first-gt.com\\\/?s={search_term_string}\"},\"query-input\":{\"@type\":\"PropertyValueSpecification\",\"valueRequired\":true,\"valueName\":\"search_term_string\"}}],\"inLanguage\":\"fr-FR\"}]}<\/script>\n<!-- \/ Yoast SEO plugin. -->","yoast_head_json":{"title":"BENTLEY GTC Speed - First GT","robots":{"index":"index","follow":"follow","max-snippet":"max-snippet:-1","max-image-preview":"max-image-preview:large","max-video-preview":"max-video-preview:-1"},"canonical":"https:\/\/first-gt.com\/fr\/vehicules\/bentley-gt-cabrio-w12-first-edition\/","og_locale":"fr_FR","og_type":"article","og_title":"BENTLEY GTC Speed - First GT","og_description":"Nombre de places : 4 Puissance : 782 Prix pour 1 journ\u00e9e (250km inclus) : \u00e0 partir de 2200\u20ac Prix pour 3 jours (750km inclus) : \u00e0 partir de 5940\u20ac Prix pour 7 jours (1750km inclus) : \u00e0 partir de 12000\u20ac Franchise : 40000\u20ac Assurance compl\u00e9mentaire (par jour) : 170\u20ac par jour Franchise r\u00e9duite : 15000\u20ac","og_url":"https:\/\/first-gt.com\/fr\/vehicules\/bentley-gt-cabrio-w12-first-edition\/","og_site_name":"First GT","article_modified_time":"2026-04-16T14:17:48+00:00","og_image":[{"width":1280,"height":960,"url":"https:\/\/first-gt.com\/wp-content\/uploads\/2021\/06\/Bentley-GTC-Speed-1.jpg","type":"image\/jpeg"}],"twitter_card":"summary_large_image","twitter_misc":{"Dur\u00e9e de lecture estim\u00e9e":"1 minute"},"schema":{"@context":"https:\/\/schema.org","@graph":[{"@type":"WebPage","@id":"https:\/\/first-gt.com\/fr\/vehicules\/bentley-gt-cabrio-w12-first-edition\/","url":"https:\/\/first-gt.com\/fr\/vehicules\/bentley-gt-cabrio-w12-first-edition\/","name":"BENTLEY GTC Speed - First GT","isPartOf":{"@id":"https:\/\/first-gt.com\/#website"},"primaryImageOfPage":{"@id":"https:\/\/first-gt.com\/fr\/vehicules\/bentley-gt-cabrio-w12-first-edition\/#primaryimage"},"image":{"@id":"https:\/\/first-gt.com\/fr\/vehicules\/bentley-gt-cabrio-w12-first-edition\/#primaryimage"},"thumbnailUrl":"https:\/\/first-gt.com\/wp-content\/uploads\/2021\/06\/Bentley-GTC-Speed-1.jpg","datePublished":"2021-06-17T10:10:57+00:00","dateModified":"2026-04-16T14:17:48+00:00","breadcrumb":{"@id":"https:\/\/first-gt.com\/fr\/vehicules\/bentley-gt-cabrio-w12-first-edition\/#breadcrumb"},"inLanguage":"fr-FR","potentialAction":[{"@type":"ReadAction","target":["https:\/\/first-gt.com\/fr\/vehicules\/bentley-gt-cabrio-w12-first-edition\/"]}]},{"@type":"ImageObject","inLanguage":"fr-FR","@id":"https:\/\/first-gt.com\/fr\/vehicules\/bentley-gt-cabrio-w12-first-edition\/#primaryimage","url":"https:\/\/first-gt.com\/wp-content\/uploads\/2021\/06\/Bentley-GTC-Speed-1.jpg","contentUrl":"https:\/\/first-gt.com\/wp-content\/uploads\/2021\/06\/Bentley-GTC-Speed-1.jpg","width":1280,"height":960},{"@type":"BreadcrumbList","@id":"https:\/\/first-gt.com\/fr\/vehicules\/bentley-gt-cabrio-w12-first-edition\/#breadcrumb","itemListElement":[{"@type":"ListItem","position":1,"name":"Accueil","item":"https:\/\/first-gt.com\/fr\/"},{"@type":"ListItem","position":2,"name":"Notre flotte de v\u00e9hicules","item":"https:\/\/first-gt.com\/fr\/vehicules\/"},{"@type":"ListItem","position":3,"name":"BENTLEY GTC Speed"}]},{"@type":"WebSite","@id":"https:\/\/first-gt.com\/#website","url":"https:\/\/first-gt.com\/","name":"First GT","description":"First GT","potentialAction":[{"@type":"SearchAction","target":{"@type":"EntryPoint","urlTemplate":"https:\/\/first-gt.com\/?s={search_term_string}"},"query-input":{"@type":"PropertyValueSpecification","valueRequired":true,"valueName":"search_term_string"}}],"inLanguage":"fr-FR"}]}},"brands":[{"id":109,"name":"Bentley","slug":"bentley-fr"}],"_links":{"self":[{"href":"https:\/\/first-gt.com\/fr\/wp-json\/wp\/v2\/product\/731","targetHints":{"allow":["GET"]}}],"collection":[{"href":"https:\/\/first-gt.com\/fr\/wp-json\/wp\/v2\/product"}],"about":[{"href":"https:\/\/first-gt.com\/fr\/wp-json\/wp\/v2\/types\/product"}],"wp:featuredmedia":[{"embeddable":true,"href":"https:\/\/first-gt.com\/fr\/wp-json\/wp\/v2\/media\/1302"}],"wp:attachment":[{"href":"https:\/\/first-gt.com\/fr\/wp-json\/wp\/v2\/media?parent=731"}],"wp:term":[{"taxonomy":"pwb-brand","embeddable":true,"href":"https:\/\/first-gt.com\/fr\/wp-json\/wp\/v2\/pwb-brand?post=731"},{"taxonomy":"product_brand","embeddable":true,"href":"https:\/\/first-gt.com\/fr\/wp-json\/wp\/v2\/product_brand?post=731"},{"taxonomy":"product_cat","embeddable":true,"href":"https:\/\/first-gt.com\/fr\/wp-json\/wp\/v2\/product_cat?post=731"},{"taxonomy":"product_tag","embeddable":true,"href":"https:\/\/first-gt.com\/fr\/wp-json\/wp\/v2\/product_tag?post=731"}],"curies":[{"name":"wp","href":"https:\/\/api.w.org\/{rel}","templated":true}]}}