{"id":730,"date":"2021-06-17T10:10:57","date_gmt":"2021-06-17T10:10:57","guid":{"rendered":"https:\/\/first-gt.com\/produit\/lamborghini-huracan-evo-spyder\/"},"modified":"2026-04-16T14:24:10","modified_gmt":"2026-04-16T14:24:10","slug":"lamborghini-huracan-evo-spyder","status":"publish","type":"product","link":"https:\/\/first-gt.com\/fr\/vehicules\/lamborghini-huracan-evo-spyder\/","title":{"rendered":"LAMBORGHINI Huracan EVO Spyder"},"content":{"rendered":"<p>La Lamborghini Huracan EVO Spyder propose une approche plus accessible de la performance, sans renier l\u2019ADN spectaculaire de la marque. Son design sculpt\u00e9 int\u00e8gre des \u00e9l\u00e9ments a\u00e9rodynamiques tout en conservant une identit\u00e9 visuelle forte. La capote permet de profiter pleinement de l\u2019environnement, renfor\u00e7ant l\u2019aspect sensoriel de la conduite. \u00c0 bord, l\u2019interface digitale modernise l\u2019exp\u00e9rience tout en restant orient\u00e9e vers le conducteur. Sur la route, elle offre une grande pr\u00e9cision et des performances \u00e9lev\u00e9es, tout en restant exploitable au quotidien.<\/p>\n","protected":false},"excerpt":{"rendered":"<p>Nombre de places : 2<br \/>\nPuissance : 650<br \/>\nPrix pour 1 journ\u00e9e (250km inclus) :<br \/>\n<span class=\"redclass\">\u00e0 partir de 1900\u20ac<\/span><br \/>\nPrix pour 3 jours (750km inclus) :<br \/>\n<span class=\"redclass\">\u00e0 partir de 5200\u20ac<\/span><br \/>\nPrix pour 7 jours (1750km inclus) :<br \/>\n<span class=\"redclass\">\u00e0 partir de 10350\u20ac<\/span><br \/>\nFranchise :<br \/>\n<span class=\"redclass\">40000\u20ac<\/span><br \/>\nAssurance compl\u00e9mentaire (par jour) :<br \/>\n<span class=\"redclass\">170\u20ac par jour<\/span><br \/>\nFranchise r\u00e9duite :<br \/>\n<span class=\"redclass\">15000\u20ac<\/span><\/p>\n","protected":false},"featured_media":110,"template":"","meta":[],"pwb-brand":[112],"product_brand":[],"product_cat":[70],"product_tag":[],"class_list":{"0":"post-730","1":"product","2":"type-product","3":"status-publish","4":"has-post-thumbnail","6":"pwb-brand-lamborghini-fr","7":"product_cat-vehicues-exception","9":"first","10":"instock","11":"featured","12":"shipping-taxable","13":"product-type-simple","14":"add-to-wishlist-after_add_to_cart"},"yoast_head":"<!-- This site is optimized with the Yoast SEO plugin v27.5 - https:\/\/yoast.com\/product\/yoast-seo-wordpress\/ -->\n<title>LAMBORGHINI Huracan EVO Spyder - First GT<\/title>\n<meta name=\"robots\" content=\"index, follow, max-snippet:-1, max-image-preview:large, max-video-preview:-1\" \/>\n<link rel=\"canonical\" href=\"https:\/\/first-gt.com\/fr\/vehicules\/lamborghini-huracan-evo-spyder\/\" \/>\n<meta property=\"og:locale\" content=\"fr_FR\" \/>\n<meta property=\"og:type\" content=\"article\" \/>\n<meta property=\"og:title\" content=\"LAMBORGHINI Huracan EVO Spyder - First GT\" \/>\n<meta property=\"og:description\" content=\"Nombre de places : 2 Puissance : 650 Prix pour 1 journ\u00e9e (250km inclus) : \u00e0 partir de 1900\u20ac Prix pour 3 jours (750km inclus) : \u00e0 partir de 5200\u20ac Prix pour 7 jours (1750km inclus) : \u00e0 partir de 10350\u20ac Franchise : 40000\u20ac Assurance compl\u00e9mentaire (par jour) : 170\u20ac par jour Franchise r\u00e9duite : 15000\u20ac\" \/>\n<meta property=\"og:url\" content=\"https:\/\/first-gt.com\/fr\/vehicules\/lamborghini-huracan-evo-spyder\/\" \/>\n<meta property=\"og:site_name\" content=\"First GT\" \/>\n<meta property=\"article:modified_time\" content=\"2026-04-16T14:24:10+00:00\" \/>\n<meta property=\"og:image\" content=\"https:\/\/first-gt.com\/wp-content\/uploads\/2021\/05\/lamborghini-huracan-evo-spyder.jpg\" \/>\n\t<meta property=\"og:image:width\" content=\"2250\" \/>\n\t<meta property=\"og:image:height\" content=\"1375\" \/>\n\t<meta property=\"og:image:type\" content=\"image\/jpeg\" \/>\n<meta name=\"twitter:card\" content=\"summary_large_image\" \/>\n<meta name=\"twitter:label1\" content=\"Dur\u00e9e de lecture estim\u00e9e\" \/>\n\t<meta name=\"twitter:data1\" content=\"1 minute\" \/>\n<script type=\"application\/ld+json\" class=\"yoast-schema-graph\">{\"@context\":\"https:\\\/\\\/schema.org\",\"@graph\":[{\"@type\":\"WebPage\",\"@id\":\"https:\\\/\\\/first-gt.com\\\/fr\\\/vehicules\\\/lamborghini-huracan-evo-spyder\\\/\",\"url\":\"https:\\\/\\\/first-gt.com\\\/fr\\\/vehicules\\\/lamborghini-huracan-evo-spyder\\\/\",\"name\":\"LAMBORGHINI Huracan EVO Spyder - First GT\",\"isPartOf\":{\"@id\":\"https:\\\/\\\/first-gt.com\\\/#website\"},\"primaryImageOfPage\":{\"@id\":\"https:\\\/\\\/first-gt.com\\\/fr\\\/vehicules\\\/lamborghini-huracan-evo-spyder\\\/#primaryimage\"},\"image\":{\"@id\":\"https:\\\/\\\/first-gt.com\\\/fr\\\/vehicules\\\/lamborghini-huracan-evo-spyder\\\/#primaryimage\"},\"thumbnailUrl\":\"https:\\\/\\\/first-gt.com\\\/wp-content\\\/uploads\\\/2021\\\/05\\\/lamborghini-huracan-evo-spyder.jpg\",\"datePublished\":\"2021-06-17T10:10:57+00:00\",\"dateModified\":\"2026-04-16T14:24:10+00:00\",\"breadcrumb\":{\"@id\":\"https:\\\/\\\/first-gt.com\\\/fr\\\/vehicules\\\/lamborghini-huracan-evo-spyder\\\/#breadcrumb\"},\"inLanguage\":\"fr-FR\",\"potentialAction\":[{\"@type\":\"ReadAction\",\"target\":[\"https:\\\/\\\/first-gt.com\\\/fr\\\/vehicules\\\/lamborghini-huracan-evo-spyder\\\/\"]}]},{\"@type\":\"ImageObject\",\"inLanguage\":\"fr-FR\",\"@id\":\"https:\\\/\\\/first-gt.com\\\/fr\\\/vehicules\\\/lamborghini-huracan-evo-spyder\\\/#primaryimage\",\"url\":\"https:\\\/\\\/first-gt.com\\\/wp-content\\\/uploads\\\/2021\\\/05\\\/lamborghini-huracan-evo-spyder.jpg\",\"contentUrl\":\"https:\\\/\\\/first-gt.com\\\/wp-content\\\/uploads\\\/2021\\\/05\\\/lamborghini-huracan-evo-spyder.jpg\",\"width\":2250,\"height\":1375},{\"@type\":\"BreadcrumbList\",\"@id\":\"https:\\\/\\\/first-gt.com\\\/fr\\\/vehicules\\\/lamborghini-huracan-evo-spyder\\\/#breadcrumb\",\"itemListElement\":[{\"@type\":\"ListItem\",\"position\":1,\"name\":\"Accueil\",\"item\":\"https:\\\/\\\/first-gt.com\\\/fr\\\/\"},{\"@type\":\"ListItem\",\"position\":2,\"name\":\"Notre flotte de v\u00e9hicules\",\"item\":\"https:\\\/\\\/first-gt.com\\\/fr\\\/vehicules\\\/\"},{\"@type\":\"ListItem\",\"position\":3,\"name\":\"LAMBORGHINI Huracan EVO Spyder\"}]},{\"@type\":\"WebSite\",\"@id\":\"https:\\\/\\\/first-gt.com\\\/#website\",\"url\":\"https:\\\/\\\/first-gt.com\\\/\",\"name\":\"First GT\",\"description\":\"First GT\",\"potentialAction\":[{\"@type\":\"SearchAction\",\"target\":{\"@type\":\"EntryPoint\",\"urlTemplate\":\"https:\\\/\\\/first-gt.com\\\/?s={search_term_string}\"},\"query-input\":{\"@type\":\"PropertyValueSpecification\",\"valueRequired\":true,\"valueName\":\"search_term_string\"}}],\"inLanguage\":\"fr-FR\"}]}<\/script>\n<!-- \/ Yoast SEO plugin. -->","yoast_head_json":{"title":"LAMBORGHINI Huracan EVO Spyder - First GT","robots":{"index":"index","follow":"follow","max-snippet":"max-snippet:-1","max-image-preview":"max-image-preview:large","max-video-preview":"max-video-preview:-1"},"canonical":"https:\/\/first-gt.com\/fr\/vehicules\/lamborghini-huracan-evo-spyder\/","og_locale":"fr_FR","og_type":"article","og_title":"LAMBORGHINI Huracan EVO Spyder - First GT","og_description":"Nombre de places : 2 Puissance : 650 Prix pour 1 journ\u00e9e (250km inclus) : \u00e0 partir de 1900\u20ac Prix pour 3 jours (750km inclus) : \u00e0 partir de 5200\u20ac Prix pour 7 jours (1750km inclus) : \u00e0 partir de 10350\u20ac Franchise : 40000\u20ac Assurance compl\u00e9mentaire (par jour) : 170\u20ac par jour Franchise r\u00e9duite : 15000\u20ac","og_url":"https:\/\/first-gt.com\/fr\/vehicules\/lamborghini-huracan-evo-spyder\/","og_site_name":"First GT","article_modified_time":"2026-04-16T14:24:10+00:00","og_image":[{"width":2250,"height":1375,"url":"https:\/\/first-gt.com\/wp-content\/uploads\/2021\/05\/lamborghini-huracan-evo-spyder.jpg","type":"image\/jpeg"}],"twitter_card":"summary_large_image","twitter_misc":{"Dur\u00e9e de lecture estim\u00e9e":"1 minute"},"schema":{"@context":"https:\/\/schema.org","@graph":[{"@type":"WebPage","@id":"https:\/\/first-gt.com\/fr\/vehicules\/lamborghini-huracan-evo-spyder\/","url":"https:\/\/first-gt.com\/fr\/vehicules\/lamborghini-huracan-evo-spyder\/","name":"LAMBORGHINI Huracan EVO Spyder - First GT","isPartOf":{"@id":"https:\/\/first-gt.com\/#website"},"primaryImageOfPage":{"@id":"https:\/\/first-gt.com\/fr\/vehicules\/lamborghini-huracan-evo-spyder\/#primaryimage"},"image":{"@id":"https:\/\/first-gt.com\/fr\/vehicules\/lamborghini-huracan-evo-spyder\/#primaryimage"},"thumbnailUrl":"https:\/\/first-gt.com\/wp-content\/uploads\/2021\/05\/lamborghini-huracan-evo-spyder.jpg","datePublished":"2021-06-17T10:10:57+00:00","dateModified":"2026-04-16T14:24:10+00:00","breadcrumb":{"@id":"https:\/\/first-gt.com\/fr\/vehicules\/lamborghini-huracan-evo-spyder\/#breadcrumb"},"inLanguage":"fr-FR","potentialAction":[{"@type":"ReadAction","target":["https:\/\/first-gt.com\/fr\/vehicules\/lamborghini-huracan-evo-spyder\/"]}]},{"@type":"ImageObject","inLanguage":"fr-FR","@id":"https:\/\/first-gt.com\/fr\/vehicules\/lamborghini-huracan-evo-spyder\/#primaryimage","url":"https:\/\/first-gt.com\/wp-content\/uploads\/2021\/05\/lamborghini-huracan-evo-spyder.jpg","contentUrl":"https:\/\/first-gt.com\/wp-content\/uploads\/2021\/05\/lamborghini-huracan-evo-spyder.jpg","width":2250,"height":1375},{"@type":"BreadcrumbList","@id":"https:\/\/first-gt.com\/fr\/vehicules\/lamborghini-huracan-evo-spyder\/#breadcrumb","itemListElement":[{"@type":"ListItem","position":1,"name":"Accueil","item":"https:\/\/first-gt.com\/fr\/"},{"@type":"ListItem","position":2,"name":"Notre flotte de v\u00e9hicules","item":"https:\/\/first-gt.com\/fr\/vehicules\/"},{"@type":"ListItem","position":3,"name":"LAMBORGHINI Huracan EVO Spyder"}]},{"@type":"WebSite","@id":"https:\/\/first-gt.com\/#website","url":"https:\/\/first-gt.com\/","name":"First GT","description":"First GT","potentialAction":[{"@type":"SearchAction","target":{"@type":"EntryPoint","urlTemplate":"https:\/\/first-gt.com\/?s={search_term_string}"},"query-input":{"@type":"PropertyValueSpecification","valueRequired":true,"valueName":"search_term_string"}}],"inLanguage":"fr-FR"}]}},"brands":[{"id":112,"name":"Lamborghini","slug":"lamborghini-fr"}],"_links":{"self":[{"href":"https:\/\/first-gt.com\/fr\/wp-json\/wp\/v2\/product\/730","targetHints":{"allow":["GET"]}}],"collection":[{"href":"https:\/\/first-gt.com\/fr\/wp-json\/wp\/v2\/product"}],"about":[{"href":"https:\/\/first-gt.com\/fr\/wp-json\/wp\/v2\/types\/product"}],"wp:featuredmedia":[{"embeddable":true,"href":"https:\/\/first-gt.com\/fr\/wp-json\/wp\/v2\/media\/110"}],"wp:attachment":[{"href":"https:\/\/first-gt.com\/fr\/wp-json\/wp\/v2\/media?parent=730"}],"wp:term":[{"taxonomy":"pwb-brand","embeddable":true,"href":"https:\/\/first-gt.com\/fr\/wp-json\/wp\/v2\/pwb-brand?post=730"},{"taxonomy":"product_brand","embeddable":true,"href":"https:\/\/first-gt.com\/fr\/wp-json\/wp\/v2\/product_brand?post=730"},{"taxonomy":"product_cat","embeddable":true,"href":"https:\/\/first-gt.com\/fr\/wp-json\/wp\/v2\/product_cat?post=730"},{"taxonomy":"product_tag","embeddable":true,"href":"https:\/\/first-gt.com\/fr\/wp-json\/wp\/v2\/product_tag?post=730"}],"curies":[{"name":"wp","href":"https:\/\/api.w.org\/{rel}","templated":true}]}}