{"id":728,"date":"2021-06-17T10:10:56","date_gmt":"2021-06-17T10:10:56","guid":{"rendered":"https:\/\/first-gt.com\/produit\/ferrari-f8-spyder\/"},"modified":"2026-04-16T14:21:25","modified_gmt":"2026-04-16T14:21:25","slug":"ferrari-f8-spyder","status":"publish","type":"product","link":"https:\/\/first-gt.com\/fr\/vehicules\/ferrari-f8-spyder\/","title":{"rendered":"FERRARI F8 Spider"},"content":{"rendered":"<p>La Ferrari F8 Spider incarne l\u2019approche du moteur central dans un format ouvert, combinant performance et accessibilit\u00e9. Son design int\u00e8gre des \u00e9l\u00e9ments a\u00e9rodynamiques directement dans ses lignes, cr\u00e9ant une silhouette \u00e0 la fois fonctionnelle et expressive. Le toit escamotable permet de transformer rapidement l\u2019exp\u00e9rience de conduite. \u00c0 bord, l\u2019environnement est centr\u00e9 sur le conducteur, avec une ergonomie orient\u00e9e performance. Sur la route, elle offre une grande r\u00e9activit\u00e9 et une acc\u00e9l\u00e9ration impressionnante, tout en restant ma\u00eetrisable gr\u00e2ce aux syst\u00e8mes \u00e9lectroniques avanc\u00e9s. Elle propose un \u00e9quilibre entre intensit\u00e9 et confiance.<\/p>\n","protected":false},"excerpt":{"rendered":"<p>Nombre de places : 2<br \/>\nPuissance : 720<br \/>\nPrix pour 1 journ\u00e9e (250km inclus) :<br \/>\n<span class=\"redclass\">\u00e0 partir de 1990\u20ac<\/span><br \/>\nPrix pour 3 jours (750km inclus) :<br \/>\n<span class=\"redclass\">\u00e0 partir de 5490\u20ac<\/span><br \/>\nPrix pour 7 jours (21750km inclus) :<br \/>\n<span class=\"redclass\">\u00e0 partir de 10900\u20ac<\/span><br \/>\nFranchise :<br \/>\n<span class=\"redclass\">40000\u20ac<\/span><br \/>\nAssurance compl\u00e9mentaire (par jour) :<br \/>\n<span class=\"redclass\">170\u20ac par jour<\/span><br \/>\nFranchise r\u00e9duite :<br \/>\n<span class=\"redclass\">15000\u20ac<\/span><\/p>\n","protected":false},"featured_media":234,"template":"","meta":[],"pwb-brand":[111],"product_brand":[],"product_cat":[71,70],"product_tag":[],"class_list":{"0":"post-728","1":"product","2":"type-product","3":"status-publish","4":"has-post-thumbnail","6":"pwb-brand-ferrari-fr","7":"product_cat-cabriolets","8":"product_cat-vehicues-exception","10":"first","11":"instock","12":"shipping-taxable","13":"product-type-simple","14":"add-to-wishlist-after_add_to_cart"},"yoast_head":"<!-- This site is optimized with the Yoast SEO plugin v27.5 - https:\/\/yoast.com\/product\/yoast-seo-wordpress\/ -->\n<title>FERRARI F8 Spider - First GT<\/title>\n<meta name=\"robots\" content=\"index, follow, max-snippet:-1, max-image-preview:large, max-video-preview:-1\" \/>\n<link rel=\"canonical\" href=\"https:\/\/first-gt.com\/fr\/vehicules\/ferrari-f8-spyder\/\" \/>\n<meta property=\"og:locale\" content=\"fr_FR\" \/>\n<meta property=\"og:type\" content=\"article\" \/>\n<meta property=\"og:title\" content=\"FERRARI F8 Spider - First GT\" \/>\n<meta property=\"og:description\" content=\"Nombre de places : 2 Puissance : 720 Prix pour 1 journ\u00e9e (250km inclus) : \u00e0 partir de 1990\u20ac Prix pour 3 jours (750km inclus) : \u00e0 partir de 5490\u20ac Prix pour 7 jours (21750km inclus) : \u00e0 partir de 10900\u20ac Franchise : 40000\u20ac Assurance compl\u00e9mentaire (par jour) : 170\u20ac par jour Franchise r\u00e9duite : 15000\u20ac\" \/>\n<meta property=\"og:url\" content=\"https:\/\/first-gt.com\/fr\/vehicules\/ferrari-f8-spyder\/\" \/>\n<meta property=\"og:site_name\" content=\"First GT\" \/>\n<meta property=\"article:modified_time\" content=\"2026-04-16T14:21:25+00:00\" \/>\n<meta property=\"og:image\" content=\"https:\/\/first-gt.com\/wp-content\/uploads\/2021\/05\/ferrari-f8-spider.jpg\" \/>\n\t<meta property=\"og:image:width\" content=\"1920\" \/>\n\t<meta property=\"og:image:height\" content=\"1080\" \/>\n\t<meta property=\"og:image:type\" content=\"image\/jpeg\" \/>\n<meta name=\"twitter:card\" content=\"summary_large_image\" \/>\n<meta name=\"twitter:label1\" content=\"Dur\u00e9e de lecture estim\u00e9e\" \/>\n\t<meta name=\"twitter:data1\" content=\"1 minute\" \/>\n<script type=\"application\/ld+json\" class=\"yoast-schema-graph\">{\"@context\":\"https:\\\/\\\/schema.org\",\"@graph\":[{\"@type\":\"WebPage\",\"@id\":\"https:\\\/\\\/first-gt.com\\\/fr\\\/vehicules\\\/ferrari-f8-spyder\\\/\",\"url\":\"https:\\\/\\\/first-gt.com\\\/fr\\\/vehicules\\\/ferrari-f8-spyder\\\/\",\"name\":\"FERRARI F8 Spider - First GT\",\"isPartOf\":{\"@id\":\"https:\\\/\\\/first-gt.com\\\/#website\"},\"primaryImageOfPage\":{\"@id\":\"https:\\\/\\\/first-gt.com\\\/fr\\\/vehicules\\\/ferrari-f8-spyder\\\/#primaryimage\"},\"image\":{\"@id\":\"https:\\\/\\\/first-gt.com\\\/fr\\\/vehicules\\\/ferrari-f8-spyder\\\/#primaryimage\"},\"thumbnailUrl\":\"https:\\\/\\\/first-gt.com\\\/wp-content\\\/uploads\\\/2021\\\/05\\\/ferrari-f8-spider.jpg\",\"datePublished\":\"2021-06-17T10:10:56+00:00\",\"dateModified\":\"2026-04-16T14:21:25+00:00\",\"breadcrumb\":{\"@id\":\"https:\\\/\\\/first-gt.com\\\/fr\\\/vehicules\\\/ferrari-f8-spyder\\\/#breadcrumb\"},\"inLanguage\":\"fr-FR\",\"potentialAction\":[{\"@type\":\"ReadAction\",\"target\":[\"https:\\\/\\\/first-gt.com\\\/fr\\\/vehicules\\\/ferrari-f8-spyder\\\/\"]}]},{\"@type\":\"ImageObject\",\"inLanguage\":\"fr-FR\",\"@id\":\"https:\\\/\\\/first-gt.com\\\/fr\\\/vehicules\\\/ferrari-f8-spyder\\\/#primaryimage\",\"url\":\"https:\\\/\\\/first-gt.com\\\/wp-content\\\/uploads\\\/2021\\\/05\\\/ferrari-f8-spider.jpg\",\"contentUrl\":\"https:\\\/\\\/first-gt.com\\\/wp-content\\\/uploads\\\/2021\\\/05\\\/ferrari-f8-spider.jpg\",\"width\":1920,\"height\":1080,\"caption\":\"ferrari-f8-spider\"},{\"@type\":\"BreadcrumbList\",\"@id\":\"https:\\\/\\\/first-gt.com\\\/fr\\\/vehicules\\\/ferrari-f8-spyder\\\/#breadcrumb\",\"itemListElement\":[{\"@type\":\"ListItem\",\"position\":1,\"name\":\"Accueil\",\"item\":\"https:\\\/\\\/first-gt.com\\\/fr\\\/\"},{\"@type\":\"ListItem\",\"position\":2,\"name\":\"Notre flotte de v\u00e9hicules\",\"item\":\"https:\\\/\\\/first-gt.com\\\/fr\\\/vehicules\\\/\"},{\"@type\":\"ListItem\",\"position\":3,\"name\":\"FERRARI F8 Spider\"}]},{\"@type\":\"WebSite\",\"@id\":\"https:\\\/\\\/first-gt.com\\\/#website\",\"url\":\"https:\\\/\\\/first-gt.com\\\/\",\"name\":\"First GT\",\"description\":\"First GT\",\"potentialAction\":[{\"@type\":\"SearchAction\",\"target\":{\"@type\":\"EntryPoint\",\"urlTemplate\":\"https:\\\/\\\/first-gt.com\\\/?s={search_term_string}\"},\"query-input\":{\"@type\":\"PropertyValueSpecification\",\"valueRequired\":true,\"valueName\":\"search_term_string\"}}],\"inLanguage\":\"fr-FR\"}]}<\/script>\n<!-- \/ Yoast SEO plugin. -->","yoast_head_json":{"title":"FERRARI F8 Spider - First GT","robots":{"index":"index","follow":"follow","max-snippet":"max-snippet:-1","max-image-preview":"max-image-preview:large","max-video-preview":"max-video-preview:-1"},"canonical":"https:\/\/first-gt.com\/fr\/vehicules\/ferrari-f8-spyder\/","og_locale":"fr_FR","og_type":"article","og_title":"FERRARI F8 Spider - First GT","og_description":"Nombre de places : 2 Puissance : 720 Prix pour 1 journ\u00e9e (250km inclus) : \u00e0 partir de 1990\u20ac Prix pour 3 jours (750km inclus) : \u00e0 partir de 5490\u20ac Prix pour 7 jours (21750km inclus) : \u00e0 partir de 10900\u20ac Franchise : 40000\u20ac Assurance compl\u00e9mentaire (par jour) : 170\u20ac par jour Franchise r\u00e9duite : 15000\u20ac","og_url":"https:\/\/first-gt.com\/fr\/vehicules\/ferrari-f8-spyder\/","og_site_name":"First GT","article_modified_time":"2026-04-16T14:21:25+00:00","og_image":[{"width":1920,"height":1080,"url":"https:\/\/first-gt.com\/wp-content\/uploads\/2021\/05\/ferrari-f8-spider.jpg","type":"image\/jpeg"}],"twitter_card":"summary_large_image","twitter_misc":{"Dur\u00e9e de lecture estim\u00e9e":"1 minute"},"schema":{"@context":"https:\/\/schema.org","@graph":[{"@type":"WebPage","@id":"https:\/\/first-gt.com\/fr\/vehicules\/ferrari-f8-spyder\/","url":"https:\/\/first-gt.com\/fr\/vehicules\/ferrari-f8-spyder\/","name":"FERRARI F8 Spider - First GT","isPartOf":{"@id":"https:\/\/first-gt.com\/#website"},"primaryImageOfPage":{"@id":"https:\/\/first-gt.com\/fr\/vehicules\/ferrari-f8-spyder\/#primaryimage"},"image":{"@id":"https:\/\/first-gt.com\/fr\/vehicules\/ferrari-f8-spyder\/#primaryimage"},"thumbnailUrl":"https:\/\/first-gt.com\/wp-content\/uploads\/2021\/05\/ferrari-f8-spider.jpg","datePublished":"2021-06-17T10:10:56+00:00","dateModified":"2026-04-16T14:21:25+00:00","breadcrumb":{"@id":"https:\/\/first-gt.com\/fr\/vehicules\/ferrari-f8-spyder\/#breadcrumb"},"inLanguage":"fr-FR","potentialAction":[{"@type":"ReadAction","target":["https:\/\/first-gt.com\/fr\/vehicules\/ferrari-f8-spyder\/"]}]},{"@type":"ImageObject","inLanguage":"fr-FR","@id":"https:\/\/first-gt.com\/fr\/vehicules\/ferrari-f8-spyder\/#primaryimage","url":"https:\/\/first-gt.com\/wp-content\/uploads\/2021\/05\/ferrari-f8-spider.jpg","contentUrl":"https:\/\/first-gt.com\/wp-content\/uploads\/2021\/05\/ferrari-f8-spider.jpg","width":1920,"height":1080,"caption":"ferrari-f8-spider"},{"@type":"BreadcrumbList","@id":"https:\/\/first-gt.com\/fr\/vehicules\/ferrari-f8-spyder\/#breadcrumb","itemListElement":[{"@type":"ListItem","position":1,"name":"Accueil","item":"https:\/\/first-gt.com\/fr\/"},{"@type":"ListItem","position":2,"name":"Notre flotte de v\u00e9hicules","item":"https:\/\/first-gt.com\/fr\/vehicules\/"},{"@type":"ListItem","position":3,"name":"FERRARI F8 Spider"}]},{"@type":"WebSite","@id":"https:\/\/first-gt.com\/#website","url":"https:\/\/first-gt.com\/","name":"First GT","description":"First GT","potentialAction":[{"@type":"SearchAction","target":{"@type":"EntryPoint","urlTemplate":"https:\/\/first-gt.com\/?s={search_term_string}"},"query-input":{"@type":"PropertyValueSpecification","valueRequired":true,"valueName":"search_term_string"}}],"inLanguage":"fr-FR"}]}},"brands":[{"id":111,"name":"Ferrari","slug":"ferrari-fr"}],"_links":{"self":[{"href":"https:\/\/first-gt.com\/fr\/wp-json\/wp\/v2\/product\/728","targetHints":{"allow":["GET"]}}],"collection":[{"href":"https:\/\/first-gt.com\/fr\/wp-json\/wp\/v2\/product"}],"about":[{"href":"https:\/\/first-gt.com\/fr\/wp-json\/wp\/v2\/types\/product"}],"wp:featuredmedia":[{"embeddable":true,"href":"https:\/\/first-gt.com\/fr\/wp-json\/wp\/v2\/media\/234"}],"wp:attachment":[{"href":"https:\/\/first-gt.com\/fr\/wp-json\/wp\/v2\/media?parent=728"}],"wp:term":[{"taxonomy":"pwb-brand","embeddable":true,"href":"https:\/\/first-gt.com\/fr\/wp-json\/wp\/v2\/pwb-brand?post=728"},{"taxonomy":"product_brand","embeddable":true,"href":"https:\/\/first-gt.com\/fr\/wp-json\/wp\/v2\/product_brand?post=728"},{"taxonomy":"product_cat","embeddable":true,"href":"https:\/\/first-gt.com\/fr\/wp-json\/wp\/v2\/product_cat?post=728"},{"taxonomy":"product_tag","embeddable":true,"href":"https:\/\/first-gt.com\/fr\/wp-json\/wp\/v2\/product_tag?post=728"}],"curies":[{"name":"wp","href":"https:\/\/api.w.org\/{rel}","templated":true}]}}