{"id":727,"date":"2021-06-17T10:10:56","date_gmt":"2021-06-17T10:10:56","guid":{"rendered":"https:\/\/first-gt.com\/produit\/ferrari-812-superfast\/"},"modified":"2026-04-16T14:21:16","modified_gmt":"2026-04-16T14:21:16","slug":"ferrari-812-gts","status":"publish","type":"product","link":"https:\/\/first-gt.com\/fr\/vehicules\/ferrari-812-gts\/","title":{"rendered":"FERRARI 812 GTS"},"content":{"rendered":"<p>La Ferrari 812 GTS repr\u00e9sente l\u2019une des derni\u00e8res expressions du V12 atmosph\u00e9rique en configuration cabriolet. Son design associe \u00e9l\u00e9gance et performance extr\u00eame, avec des lignes sculpt\u00e9es au service de l\u2019a\u00e9rodynamisme. D\u00e9capot\u00e9e, elle offre une immersion totale dans l\u2019exp\u00e9rience Ferrari, o\u00f9 le son du moteur devient central. L\u2019habitacle reste orient\u00e9 vers le conducteur, avec une disposition pens\u00e9e pour maximiser le contr\u00f4le et l\u2019engagement. Sur la route, la 812 GTS d\u00e9livre des performances exceptionnelles, avec une acc\u00e9l\u00e9ration fulgurante et une grande pr\u00e9cision. Elle s\u2019adresse \u00e0 ceux qui recherchent une exp\u00e9rience intense, marqu\u00e9e par l\u2019\u00e9motion et la puissance.<\/p>\n","protected":false},"excerpt":{"rendered":"<p>Nombre de places : 2<br \/>\nPuissance : 800<br \/>\nPrix pour 1 journ\u00e9e (250km inclus) :<br \/>\n<span class=\"redclass\">\u00e0 partir de 3150\u20ac<\/span><br \/>\nPrix pour 3 jours (750km inclus) :<br \/>\n<span class=\"redclass\">\u00e0 partir de 8505\u20ac<\/span><br \/>\nPrix pour 7 jours (1750km inclus) :<br \/>\n<span class=\"redclass\">\u00e0 partir de 18450\u20ac<\/span><br \/>\nFranchise :<br \/>\n<span class=\"redclass\">100000\u20ac<\/span><br \/>\nAssurance compl\u00e9mentaire (par jour) :<br \/>\n<span class=\"redclass\">250\u20ac par jour<\/span><br \/>\nFranchise r\u00e9duite :<br \/>\n<span class=\"redclass\">25000\u20ac<\/span><\/p>\n","protected":false},"featured_media":1165,"template":"","meta":[],"pwb-brand":[111],"product_brand":[],"product_cat":[70],"product_tag":[],"class_list":{"0":"post-727","1":"product","2":"type-product","3":"status-publish","4":"has-post-thumbnail","6":"pwb-brand-ferrari-fr","7":"product_cat-vehicues-exception","9":"first","10":"instock","11":"featured","12":"shipping-taxable","13":"product-type-simple","14":"add-to-wishlist-after_add_to_cart"},"yoast_head":"<!-- This site is optimized with the Yoast SEO plugin v27.5 - https:\/\/yoast.com\/product\/yoast-seo-wordpress\/ -->\n<title>FERRARI 812 GTS - First GT<\/title>\n<meta name=\"robots\" content=\"index, follow, max-snippet:-1, max-image-preview:large, max-video-preview:-1\" \/>\n<link rel=\"canonical\" href=\"https:\/\/first-gt.com\/fr\/vehicules\/ferrari-812-gts\/\" \/>\n<meta property=\"og:locale\" content=\"fr_FR\" \/>\n<meta property=\"og:type\" content=\"article\" \/>\n<meta property=\"og:title\" content=\"FERRARI 812 GTS - First GT\" \/>\n<meta property=\"og:description\" content=\"Nombre de places : 2 Puissance : 800 Prix pour 1 journ\u00e9e (250km inclus) : \u00e0 partir de 3150\u20ac Prix pour 3 jours (750km inclus) : \u00e0 partir de 8505\u20ac Prix pour 7 jours (1750km inclus) : \u00e0 partir de 18450\u20ac Franchise : 100000\u20ac Assurance compl\u00e9mentaire (par jour) : 250\u20ac par jour Franchise r\u00e9duite : 25000\u20ac\" \/>\n<meta property=\"og:url\" content=\"https:\/\/first-gt.com\/fr\/vehicules\/ferrari-812-gts\/\" \/>\n<meta property=\"og:site_name\" content=\"First GT\" \/>\n<meta property=\"article:modified_time\" content=\"2026-04-16T14:21:16+00:00\" \/>\n<meta property=\"og:image\" content=\"https:\/\/first-gt.com\/wp-content\/uploads\/2021\/06\/Ferrari-812-GTS.jpg\" \/>\n\t<meta property=\"og:image:width\" content=\"1920\" \/>\n\t<meta property=\"og:image:height\" content=\"1191\" \/>\n\t<meta property=\"og:image:type\" content=\"image\/jpeg\" \/>\n<meta name=\"twitter:card\" content=\"summary_large_image\" \/>\n<meta name=\"twitter:label1\" content=\"Dur\u00e9e de lecture estim\u00e9e\" \/>\n\t<meta name=\"twitter:data1\" content=\"1 minute\" \/>\n<script type=\"application\/ld+json\" class=\"yoast-schema-graph\">{\"@context\":\"https:\\\/\\\/schema.org\",\"@graph\":[{\"@type\":\"WebPage\",\"@id\":\"https:\\\/\\\/first-gt.com\\\/fr\\\/vehicules\\\/ferrari-812-gts\\\/\",\"url\":\"https:\\\/\\\/first-gt.com\\\/fr\\\/vehicules\\\/ferrari-812-gts\\\/\",\"name\":\"FERRARI 812 GTS - First GT\",\"isPartOf\":{\"@id\":\"https:\\\/\\\/first-gt.com\\\/#website\"},\"primaryImageOfPage\":{\"@id\":\"https:\\\/\\\/first-gt.com\\\/fr\\\/vehicules\\\/ferrari-812-gts\\\/#primaryimage\"},\"image\":{\"@id\":\"https:\\\/\\\/first-gt.com\\\/fr\\\/vehicules\\\/ferrari-812-gts\\\/#primaryimage\"},\"thumbnailUrl\":\"https:\\\/\\\/first-gt.com\\\/wp-content\\\/uploads\\\/2021\\\/06\\\/Ferrari-812-GTS.jpg\",\"datePublished\":\"2021-06-17T10:10:56+00:00\",\"dateModified\":\"2026-04-16T14:21:16+00:00\",\"breadcrumb\":{\"@id\":\"https:\\\/\\\/first-gt.com\\\/fr\\\/vehicules\\\/ferrari-812-gts\\\/#breadcrumb\"},\"inLanguage\":\"fr-FR\",\"potentialAction\":[{\"@type\":\"ReadAction\",\"target\":[\"https:\\\/\\\/first-gt.com\\\/fr\\\/vehicules\\\/ferrari-812-gts\\\/\"]}]},{\"@type\":\"ImageObject\",\"inLanguage\":\"fr-FR\",\"@id\":\"https:\\\/\\\/first-gt.com\\\/fr\\\/vehicules\\\/ferrari-812-gts\\\/#primaryimage\",\"url\":\"https:\\\/\\\/first-gt.com\\\/wp-content\\\/uploads\\\/2021\\\/06\\\/Ferrari-812-GTS.jpg\",\"contentUrl\":\"https:\\\/\\\/first-gt.com\\\/wp-content\\\/uploads\\\/2021\\\/06\\\/Ferrari-812-GTS.jpg\",\"width\":1920,\"height\":1191},{\"@type\":\"BreadcrumbList\",\"@id\":\"https:\\\/\\\/first-gt.com\\\/fr\\\/vehicules\\\/ferrari-812-gts\\\/#breadcrumb\",\"itemListElement\":[{\"@type\":\"ListItem\",\"position\":1,\"name\":\"Accueil\",\"item\":\"https:\\\/\\\/first-gt.com\\\/fr\\\/\"},{\"@type\":\"ListItem\",\"position\":2,\"name\":\"Notre flotte de v\u00e9hicules\",\"item\":\"https:\\\/\\\/first-gt.com\\\/fr\\\/vehicules\\\/\"},{\"@type\":\"ListItem\",\"position\":3,\"name\":\"FERRARI 812 GTS\"}]},{\"@type\":\"WebSite\",\"@id\":\"https:\\\/\\\/first-gt.com\\\/#website\",\"url\":\"https:\\\/\\\/first-gt.com\\\/\",\"name\":\"First GT\",\"description\":\"First GT\",\"potentialAction\":[{\"@type\":\"SearchAction\",\"target\":{\"@type\":\"EntryPoint\",\"urlTemplate\":\"https:\\\/\\\/first-gt.com\\\/?s={search_term_string}\"},\"query-input\":{\"@type\":\"PropertyValueSpecification\",\"valueRequired\":true,\"valueName\":\"search_term_string\"}}],\"inLanguage\":\"fr-FR\"}]}<\/script>\n<!-- \/ Yoast SEO plugin. -->","yoast_head_json":{"title":"FERRARI 812 GTS - First GT","robots":{"index":"index","follow":"follow","max-snippet":"max-snippet:-1","max-image-preview":"max-image-preview:large","max-video-preview":"max-video-preview:-1"},"canonical":"https:\/\/first-gt.com\/fr\/vehicules\/ferrari-812-gts\/","og_locale":"fr_FR","og_type":"article","og_title":"FERRARI 812 GTS - First GT","og_description":"Nombre de places : 2 Puissance : 800 Prix pour 1 journ\u00e9e (250km inclus) : \u00e0 partir de 3150\u20ac Prix pour 3 jours (750km inclus) : \u00e0 partir de 8505\u20ac Prix pour 7 jours (1750km inclus) : \u00e0 partir de 18450\u20ac Franchise : 100000\u20ac Assurance compl\u00e9mentaire (par jour) : 250\u20ac par jour Franchise r\u00e9duite : 25000\u20ac","og_url":"https:\/\/first-gt.com\/fr\/vehicules\/ferrari-812-gts\/","og_site_name":"First GT","article_modified_time":"2026-04-16T14:21:16+00:00","og_image":[{"width":1920,"height":1191,"url":"https:\/\/first-gt.com\/wp-content\/uploads\/2021\/06\/Ferrari-812-GTS.jpg","type":"image\/jpeg"}],"twitter_card":"summary_large_image","twitter_misc":{"Dur\u00e9e de lecture estim\u00e9e":"1 minute"},"schema":{"@context":"https:\/\/schema.org","@graph":[{"@type":"WebPage","@id":"https:\/\/first-gt.com\/fr\/vehicules\/ferrari-812-gts\/","url":"https:\/\/first-gt.com\/fr\/vehicules\/ferrari-812-gts\/","name":"FERRARI 812 GTS - First GT","isPartOf":{"@id":"https:\/\/first-gt.com\/#website"},"primaryImageOfPage":{"@id":"https:\/\/first-gt.com\/fr\/vehicules\/ferrari-812-gts\/#primaryimage"},"image":{"@id":"https:\/\/first-gt.com\/fr\/vehicules\/ferrari-812-gts\/#primaryimage"},"thumbnailUrl":"https:\/\/first-gt.com\/wp-content\/uploads\/2021\/06\/Ferrari-812-GTS.jpg","datePublished":"2021-06-17T10:10:56+00:00","dateModified":"2026-04-16T14:21:16+00:00","breadcrumb":{"@id":"https:\/\/first-gt.com\/fr\/vehicules\/ferrari-812-gts\/#breadcrumb"},"inLanguage":"fr-FR","potentialAction":[{"@type":"ReadAction","target":["https:\/\/first-gt.com\/fr\/vehicules\/ferrari-812-gts\/"]}]},{"@type":"ImageObject","inLanguage":"fr-FR","@id":"https:\/\/first-gt.com\/fr\/vehicules\/ferrari-812-gts\/#primaryimage","url":"https:\/\/first-gt.com\/wp-content\/uploads\/2021\/06\/Ferrari-812-GTS.jpg","contentUrl":"https:\/\/first-gt.com\/wp-content\/uploads\/2021\/06\/Ferrari-812-GTS.jpg","width":1920,"height":1191},{"@type":"BreadcrumbList","@id":"https:\/\/first-gt.com\/fr\/vehicules\/ferrari-812-gts\/#breadcrumb","itemListElement":[{"@type":"ListItem","position":1,"name":"Accueil","item":"https:\/\/first-gt.com\/fr\/"},{"@type":"ListItem","position":2,"name":"Notre flotte de v\u00e9hicules","item":"https:\/\/first-gt.com\/fr\/vehicules\/"},{"@type":"ListItem","position":3,"name":"FERRARI 812 GTS"}]},{"@type":"WebSite","@id":"https:\/\/first-gt.com\/#website","url":"https:\/\/first-gt.com\/","name":"First GT","description":"First GT","potentialAction":[{"@type":"SearchAction","target":{"@type":"EntryPoint","urlTemplate":"https:\/\/first-gt.com\/?s={search_term_string}"},"query-input":{"@type":"PropertyValueSpecification","valueRequired":true,"valueName":"search_term_string"}}],"inLanguage":"fr-FR"}]}},"brands":[{"id":111,"name":"Ferrari","slug":"ferrari-fr"}],"_links":{"self":[{"href":"https:\/\/first-gt.com\/fr\/wp-json\/wp\/v2\/product\/727","targetHints":{"allow":["GET"]}}],"collection":[{"href":"https:\/\/first-gt.com\/fr\/wp-json\/wp\/v2\/product"}],"about":[{"href":"https:\/\/first-gt.com\/fr\/wp-json\/wp\/v2\/types\/product"}],"wp:featuredmedia":[{"embeddable":true,"href":"https:\/\/first-gt.com\/fr\/wp-json\/wp\/v2\/media\/1165"}],"wp:attachment":[{"href":"https:\/\/first-gt.com\/fr\/wp-json\/wp\/v2\/media?parent=727"}],"wp:term":[{"taxonomy":"pwb-brand","embeddable":true,"href":"https:\/\/first-gt.com\/fr\/wp-json\/wp\/v2\/pwb-brand?post=727"},{"taxonomy":"product_brand","embeddable":true,"href":"https:\/\/first-gt.com\/fr\/wp-json\/wp\/v2\/product_brand?post=727"},{"taxonomy":"product_cat","embeddable":true,"href":"https:\/\/first-gt.com\/fr\/wp-json\/wp\/v2\/product_cat?post=727"},{"taxonomy":"product_tag","embeddable":true,"href":"https:\/\/first-gt.com\/fr\/wp-json\/wp\/v2\/product_tag?post=727"}],"curies":[{"name":"wp","href":"https:\/\/api.w.org\/{rel}","templated":true}]}}