{"id":725,"date":"2021-06-17T10:10:56","date_gmt":"2021-06-17T10:10:56","guid":{"rendered":"https:\/\/first-gt.com\/produit\/rolls-royce-dawn-cabriolet\/"},"modified":"2026-04-16T14:38:11","modified_gmt":"2026-04-16T14:38:11","slug":"rolls-royce-dawn-cabriolet","status":"publish","type":"product","link":"https:\/\/first-gt.com\/fr\/vehicules\/rolls-royce-dawn-cabriolet\/","title":{"rendered":"ROLLS ROYCE Dawn Cabriolet"},"content":{"rendered":"<p>La Rolls-Royce Dawn Cabriolet propose une exp\u00e9rience \u00e0 ciel ouvert centr\u00e9e sur le calme et le raffinement. Son design fluide met en avant l\u2019\u00e9l\u00e9gance plut\u00f4t que la d\u00e9monstration. D\u00e9capot\u00e9e, elle offre une atmosph\u00e8re apaisante, renforc\u00e9e par un int\u00e9rieur d\u2019une grande qualit\u00e9. Sur la route, elle privil\u00e9gie la douceur et la s\u00e9r\u00e9nit\u00e9, offrant une conduite fluide et sans effort. Elle s\u2019adresse \u00e0 ceux qui recherchent une forme de luxe discr\u00e8te et contemplative.<\/p>\n","protected":false},"excerpt":{"rendered":"<p>Nombre de places : 4<br \/>\nPuissance : 571<br \/>\nPrix pour 1 journ\u00e9e (250km inclus) :<br \/>\n<span class=\"redclass\">\u00e0 partir de 3150\u20ac<\/span><br \/>\nPrix pour 3 jours (750km inclus) :<br \/>\n<span class=\"redclass\">\u00e0 partir de 8505\u20ac<\/span><br \/>\nPrix pour 7 jours (1750km inclus) :<br \/>\n<span class=\"redclass\">\u00e0 partir de 18450\u20ac<\/span><br \/>\nFranchise :<br \/>\n<span class=\"redclass\">100000\u20ac<\/span><br \/>\nAssurance compl\u00e9mentaire (par jour) :<br \/>\n<span class=\"redclass\">250\u20ac par jour<\/span><br \/>\nFranchise r\u00e9duite :<br \/>\n<span class=\"redclass\">30000\u20ac<\/span><\/p>\n","protected":false},"featured_media":244,"template":"","meta":[],"pwb-brand":[110],"product_brand":[],"product_cat":[71,70],"product_tag":[],"class_list":{"0":"post-725","1":"product","2":"type-product","3":"status-publish","4":"has-post-thumbnail","6":"pwb-brand-rolls-royce-fr","7":"product_cat-cabriolets","8":"product_cat-vehicues-exception","10":"first","11":"instock","12":"shipping-taxable","13":"product-type-simple","14":"add-to-wishlist-after_add_to_cart"},"yoast_head":"<!-- This site is optimized with the Yoast SEO plugin v27.5 - https:\/\/yoast.com\/product\/yoast-seo-wordpress\/ -->\n<title>ROLLS ROYCE Dawn Cabriolet - First GT<\/title>\n<meta name=\"robots\" content=\"index, follow, max-snippet:-1, max-image-preview:large, max-video-preview:-1\" \/>\n<link rel=\"canonical\" href=\"https:\/\/first-gt.com\/fr\/vehicules\/rolls-royce-dawn-cabriolet\/\" \/>\n<meta property=\"og:locale\" content=\"fr_FR\" \/>\n<meta property=\"og:type\" content=\"article\" \/>\n<meta property=\"og:title\" content=\"ROLLS ROYCE Dawn Cabriolet - First GT\" \/>\n<meta property=\"og:description\" content=\"Nombre de places : 4 Puissance : 571 Prix pour 1 journ\u00e9e (250km inclus) : \u00e0 partir de 3150\u20ac Prix pour 3 jours (750km inclus) : \u00e0 partir de 8505\u20ac Prix pour 7 jours (1750km inclus) : \u00e0 partir de 18450\u20ac Franchise : 100000\u20ac Assurance compl\u00e9mentaire (par jour) : 250\u20ac par jour Franchise r\u00e9duite : 30000\u20ac\" \/>\n<meta property=\"og:url\" content=\"https:\/\/first-gt.com\/fr\/vehicules\/rolls-royce-dawn-cabriolet\/\" \/>\n<meta property=\"og:site_name\" content=\"First GT\" \/>\n<meta property=\"article:modified_time\" content=\"2026-04-16T14:38:11+00:00\" \/>\n<meta property=\"og:image\" content=\"https:\/\/first-gt.com\/wp-content\/uploads\/2021\/05\/rolls-royce-dawn-cabriolet.jpg\" \/>\n\t<meta property=\"og:image:width\" content=\"1920\" \/>\n\t<meta property=\"og:image:height\" content=\"1080\" \/>\n\t<meta property=\"og:image:type\" content=\"image\/jpeg\" \/>\n<meta name=\"twitter:card\" content=\"summary_large_image\" \/>\n<meta name=\"twitter:label1\" content=\"Dur\u00e9e de lecture estim\u00e9e\" \/>\n\t<meta name=\"twitter:data1\" content=\"1 minute\" \/>\n<script type=\"application\/ld+json\" class=\"yoast-schema-graph\">{\"@context\":\"https:\\\/\\\/schema.org\",\"@graph\":[{\"@type\":\"WebPage\",\"@id\":\"https:\\\/\\\/first-gt.com\\\/fr\\\/vehicules\\\/rolls-royce-dawn-cabriolet\\\/\",\"url\":\"https:\\\/\\\/first-gt.com\\\/fr\\\/vehicules\\\/rolls-royce-dawn-cabriolet\\\/\",\"name\":\"ROLLS ROYCE Dawn Cabriolet - First GT\",\"isPartOf\":{\"@id\":\"https:\\\/\\\/first-gt.com\\\/#website\"},\"primaryImageOfPage\":{\"@id\":\"https:\\\/\\\/first-gt.com\\\/fr\\\/vehicules\\\/rolls-royce-dawn-cabriolet\\\/#primaryimage\"},\"image\":{\"@id\":\"https:\\\/\\\/first-gt.com\\\/fr\\\/vehicules\\\/rolls-royce-dawn-cabriolet\\\/#primaryimage\"},\"thumbnailUrl\":\"https:\\\/\\\/first-gt.com\\\/wp-content\\\/uploads\\\/2021\\\/05\\\/rolls-royce-dawn-cabriolet.jpg\",\"datePublished\":\"2021-06-17T10:10:56+00:00\",\"dateModified\":\"2026-04-16T14:38:11+00:00\",\"breadcrumb\":{\"@id\":\"https:\\\/\\\/first-gt.com\\\/fr\\\/vehicules\\\/rolls-royce-dawn-cabriolet\\\/#breadcrumb\"},\"inLanguage\":\"fr-FR\",\"potentialAction\":[{\"@type\":\"ReadAction\",\"target\":[\"https:\\\/\\\/first-gt.com\\\/fr\\\/vehicules\\\/rolls-royce-dawn-cabriolet\\\/\"]}]},{\"@type\":\"ImageObject\",\"inLanguage\":\"fr-FR\",\"@id\":\"https:\\\/\\\/first-gt.com\\\/fr\\\/vehicules\\\/rolls-royce-dawn-cabriolet\\\/#primaryimage\",\"url\":\"https:\\\/\\\/first-gt.com\\\/wp-content\\\/uploads\\\/2021\\\/05\\\/rolls-royce-dawn-cabriolet.jpg\",\"contentUrl\":\"https:\\\/\\\/first-gt.com\\\/wp-content\\\/uploads\\\/2021\\\/05\\\/rolls-royce-dawn-cabriolet.jpg\",\"width\":1920,\"height\":1080},{\"@type\":\"BreadcrumbList\",\"@id\":\"https:\\\/\\\/first-gt.com\\\/fr\\\/vehicules\\\/rolls-royce-dawn-cabriolet\\\/#breadcrumb\",\"itemListElement\":[{\"@type\":\"ListItem\",\"position\":1,\"name\":\"Accueil\",\"item\":\"https:\\\/\\\/first-gt.com\\\/fr\\\/\"},{\"@type\":\"ListItem\",\"position\":2,\"name\":\"Notre flotte de v\u00e9hicules\",\"item\":\"https:\\\/\\\/first-gt.com\\\/fr\\\/vehicules\\\/\"},{\"@type\":\"ListItem\",\"position\":3,\"name\":\"ROLLS ROYCE Dawn Cabriolet\"}]},{\"@type\":\"WebSite\",\"@id\":\"https:\\\/\\\/first-gt.com\\\/#website\",\"url\":\"https:\\\/\\\/first-gt.com\\\/\",\"name\":\"First GT\",\"description\":\"First GT\",\"potentialAction\":[{\"@type\":\"SearchAction\",\"target\":{\"@type\":\"EntryPoint\",\"urlTemplate\":\"https:\\\/\\\/first-gt.com\\\/?s={search_term_string}\"},\"query-input\":{\"@type\":\"PropertyValueSpecification\",\"valueRequired\":true,\"valueName\":\"search_term_string\"}}],\"inLanguage\":\"fr-FR\"}]}<\/script>\n<!-- \/ Yoast SEO plugin. -->","yoast_head_json":{"title":"ROLLS ROYCE Dawn Cabriolet - First GT","robots":{"index":"index","follow":"follow","max-snippet":"max-snippet:-1","max-image-preview":"max-image-preview:large","max-video-preview":"max-video-preview:-1"},"canonical":"https:\/\/first-gt.com\/fr\/vehicules\/rolls-royce-dawn-cabriolet\/","og_locale":"fr_FR","og_type":"article","og_title":"ROLLS ROYCE Dawn Cabriolet - First GT","og_description":"Nombre de places : 4 Puissance : 571 Prix pour 1 journ\u00e9e (250km inclus) : \u00e0 partir de 3150\u20ac Prix pour 3 jours (750km inclus) : \u00e0 partir de 8505\u20ac Prix pour 7 jours (1750km inclus) : \u00e0 partir de 18450\u20ac Franchise : 100000\u20ac Assurance compl\u00e9mentaire (par jour) : 250\u20ac par jour Franchise r\u00e9duite : 30000\u20ac","og_url":"https:\/\/first-gt.com\/fr\/vehicules\/rolls-royce-dawn-cabriolet\/","og_site_name":"First GT","article_modified_time":"2026-04-16T14:38:11+00:00","og_image":[{"width":1920,"height":1080,"url":"https:\/\/first-gt.com\/wp-content\/uploads\/2021\/05\/rolls-royce-dawn-cabriolet.jpg","type":"image\/jpeg"}],"twitter_card":"summary_large_image","twitter_misc":{"Dur\u00e9e de lecture estim\u00e9e":"1 minute"},"schema":{"@context":"https:\/\/schema.org","@graph":[{"@type":"WebPage","@id":"https:\/\/first-gt.com\/fr\/vehicules\/rolls-royce-dawn-cabriolet\/","url":"https:\/\/first-gt.com\/fr\/vehicules\/rolls-royce-dawn-cabriolet\/","name":"ROLLS ROYCE Dawn Cabriolet - First GT","isPartOf":{"@id":"https:\/\/first-gt.com\/#website"},"primaryImageOfPage":{"@id":"https:\/\/first-gt.com\/fr\/vehicules\/rolls-royce-dawn-cabriolet\/#primaryimage"},"image":{"@id":"https:\/\/first-gt.com\/fr\/vehicules\/rolls-royce-dawn-cabriolet\/#primaryimage"},"thumbnailUrl":"https:\/\/first-gt.com\/wp-content\/uploads\/2021\/05\/rolls-royce-dawn-cabriolet.jpg","datePublished":"2021-06-17T10:10:56+00:00","dateModified":"2026-04-16T14:38:11+00:00","breadcrumb":{"@id":"https:\/\/first-gt.com\/fr\/vehicules\/rolls-royce-dawn-cabriolet\/#breadcrumb"},"inLanguage":"fr-FR","potentialAction":[{"@type":"ReadAction","target":["https:\/\/first-gt.com\/fr\/vehicules\/rolls-royce-dawn-cabriolet\/"]}]},{"@type":"ImageObject","inLanguage":"fr-FR","@id":"https:\/\/first-gt.com\/fr\/vehicules\/rolls-royce-dawn-cabriolet\/#primaryimage","url":"https:\/\/first-gt.com\/wp-content\/uploads\/2021\/05\/rolls-royce-dawn-cabriolet.jpg","contentUrl":"https:\/\/first-gt.com\/wp-content\/uploads\/2021\/05\/rolls-royce-dawn-cabriolet.jpg","width":1920,"height":1080},{"@type":"BreadcrumbList","@id":"https:\/\/first-gt.com\/fr\/vehicules\/rolls-royce-dawn-cabriolet\/#breadcrumb","itemListElement":[{"@type":"ListItem","position":1,"name":"Accueil","item":"https:\/\/first-gt.com\/fr\/"},{"@type":"ListItem","position":2,"name":"Notre flotte de v\u00e9hicules","item":"https:\/\/first-gt.com\/fr\/vehicules\/"},{"@type":"ListItem","position":3,"name":"ROLLS ROYCE Dawn Cabriolet"}]},{"@type":"WebSite","@id":"https:\/\/first-gt.com\/#website","url":"https:\/\/first-gt.com\/","name":"First GT","description":"First GT","potentialAction":[{"@type":"SearchAction","target":{"@type":"EntryPoint","urlTemplate":"https:\/\/first-gt.com\/?s={search_term_string}"},"query-input":{"@type":"PropertyValueSpecification","valueRequired":true,"valueName":"search_term_string"}}],"inLanguage":"fr-FR"}]}},"brands":[{"id":110,"name":"Rolls-Royce","slug":"rolls-royce-fr"}],"_links":{"self":[{"href":"https:\/\/first-gt.com\/fr\/wp-json\/wp\/v2\/product\/725","targetHints":{"allow":["GET"]}}],"collection":[{"href":"https:\/\/first-gt.com\/fr\/wp-json\/wp\/v2\/product"}],"about":[{"href":"https:\/\/first-gt.com\/fr\/wp-json\/wp\/v2\/types\/product"}],"wp:featuredmedia":[{"embeddable":true,"href":"https:\/\/first-gt.com\/fr\/wp-json\/wp\/v2\/media\/244"}],"wp:attachment":[{"href":"https:\/\/first-gt.com\/fr\/wp-json\/wp\/v2\/media?parent=725"}],"wp:term":[{"taxonomy":"pwb-brand","embeddable":true,"href":"https:\/\/first-gt.com\/fr\/wp-json\/wp\/v2\/pwb-brand?post=725"},{"taxonomy":"product_brand","embeddable":true,"href":"https:\/\/first-gt.com\/fr\/wp-json\/wp\/v2\/product_brand?post=725"},{"taxonomy":"product_cat","embeddable":true,"href":"https:\/\/first-gt.com\/fr\/wp-json\/wp\/v2\/product_cat?post=725"},{"taxonomy":"product_tag","embeddable":true,"href":"https:\/\/first-gt.com\/fr\/wp-json\/wp\/v2\/product_tag?post=725"}],"curies":[{"name":"wp","href":"https:\/\/api.w.org\/{rel}","templated":true}]}}