{"id":724,"date":"2021-06-17T10:10:56","date_gmt":"2021-06-17T10:10:56","guid":{"rendered":"https:\/\/first-gt.com\/produit\/lamborghini-aventador-svj-roadster\/"},"modified":"2026-04-16T14:24:04","modified_gmt":"2026-04-16T14:24:04","slug":"lamborghini-aventador-svj-roadster","status":"publish","type":"product","link":"https:\/\/first-gt.com\/fr\/vehicules\/lamborghini-aventador-svj-roadster\/","title":{"rendered":"LAMBORGHINI Aventador SVJ Roadster"},"content":{"rendered":"<p>La Lamborghini Aventador SVJ Roadster incarne l\u2019expression la plus radicale du V12 atmosph\u00e9rique en version d\u00e9couvrable. Son design anguleux et extr\u00eame est directement dict\u00e9 par l\u2019a\u00e9rodynamique, chaque \u00e9l\u00e9ment ayant une fonction pr\u00e9cise. Sans toit, l\u2019exp\u00e9rience devient totalement immersive, laissant place \u00e0 une connexion brute avec la m\u00e9canique et l\u2019environnement. L\u2019habitacle reste volontairement \u00e9pur\u00e9, centr\u00e9 sur le conducteur et orient\u00e9 vers la performance. Sur la route, la SVJ Roadster d\u00e9livre des performances hors normes, avec une acc\u00e9l\u00e9ration fulgurante et une r\u00e9activit\u00e9 imm\u00e9diate. Elle privil\u00e9gie l\u2019intensit\u00e9 \u00e0 la polyvalence, offrant une exp\u00e9rience sans compromis.<\/p>\n","protected":false},"excerpt":{"rendered":"<p>Nombre de places : 2<br \/>\nPuissance : 740<br \/>\nPrix pour 1 journ\u00e9e (250km inclus) :<br \/>\n<span class=\"redclass\">\u00e0 partir de 4150\u20ac<\/span><br \/>\nPrix pour 3 jours (750km inclus) :<br \/>\n<span class=\"redclass\">\u00e0 partir de 12450\u20ac<\/span><br \/>\nPrix pour 7 jours (1750km inclus) :<br \/>\n<span class=\"redclass\">\u00e0 partir de 25200\u20ac<\/span><br \/>\nFranchise :<br \/>\n<span class=\"redclass\">120000\u20ac<\/span><br \/>\nAssurance compl\u00e9mentaire (par jour) :<br \/>\n<span class=\"redclass\">300\u20ac par jour<\/span><br \/>\nFranchise r\u00e9duite :<br \/>\n<span class=\"redclass\">35000\u20ac<\/span><\/p>\n","protected":false},"featured_media":111,"template":"","meta":[],"pwb-brand":[112],"product_brand":[],"product_cat":[70],"product_tag":[],"class_list":{"0":"post-724","1":"product","2":"type-product","3":"status-publish","4":"has-post-thumbnail","6":"pwb-brand-lamborghini-fr","7":"product_cat-vehicues-exception","9":"first","10":"instock","11":"featured","12":"shipping-taxable","13":"product-type-simple","14":"add-to-wishlist-after_add_to_cart"},"yoast_head":"<!-- This site is optimized with the Yoast SEO plugin v27.5 - https:\/\/yoast.com\/product\/yoast-seo-wordpress\/ -->\n<title>LAMBORGHINI Aventador SVJ Roadster - First GT<\/title>\n<meta name=\"robots\" content=\"index, follow, max-snippet:-1, max-image-preview:large, max-video-preview:-1\" \/>\n<link rel=\"canonical\" href=\"https:\/\/first-gt.com\/fr\/vehicules\/lamborghini-aventador-svj-roadster\/\" \/>\n<meta property=\"og:locale\" content=\"fr_FR\" \/>\n<meta property=\"og:type\" content=\"article\" \/>\n<meta property=\"og:title\" content=\"LAMBORGHINI Aventador SVJ Roadster - First GT\" \/>\n<meta property=\"og:description\" content=\"Nombre de places : 2 Puissance : 740 Prix pour 1 journ\u00e9e (250km inclus) : \u00e0 partir de 4150\u20ac Prix pour 3 jours (750km inclus) : \u00e0 partir de 12450\u20ac Prix pour 7 jours (1750km inclus) : \u00e0 partir de 25200\u20ac Franchise : 120000\u20ac Assurance compl\u00e9mentaire (par jour) : 300\u20ac par jour Franchise r\u00e9duite : 35000\u20ac\" \/>\n<meta property=\"og:url\" content=\"https:\/\/first-gt.com\/fr\/vehicules\/lamborghini-aventador-svj-roadster\/\" \/>\n<meta property=\"og:site_name\" content=\"First GT\" \/>\n<meta property=\"article:modified_time\" content=\"2026-04-16T14:24:04+00:00\" \/>\n<meta property=\"og:image\" content=\"https:\/\/first-gt.com\/wp-content\/uploads\/2021\/05\/lamborghini-aventador-svj.jpg\" \/>\n\t<meta property=\"og:image:width\" content=\"2048\" \/>\n\t<meta property=\"og:image:height\" content=\"1152\" \/>\n\t<meta property=\"og:image:type\" content=\"image\/jpeg\" \/>\n<meta name=\"twitter:card\" content=\"summary_large_image\" \/>\n<meta name=\"twitter:label1\" content=\"Dur\u00e9e de lecture estim\u00e9e\" \/>\n\t<meta name=\"twitter:data1\" content=\"1 minute\" \/>\n<script type=\"application\/ld+json\" class=\"yoast-schema-graph\">{\"@context\":\"https:\\\/\\\/schema.org\",\"@graph\":[{\"@type\":\"WebPage\",\"@id\":\"https:\\\/\\\/first-gt.com\\\/fr\\\/vehicules\\\/lamborghini-aventador-svj-roadster\\\/\",\"url\":\"https:\\\/\\\/first-gt.com\\\/fr\\\/vehicules\\\/lamborghini-aventador-svj-roadster\\\/\",\"name\":\"LAMBORGHINI Aventador SVJ Roadster - First GT\",\"isPartOf\":{\"@id\":\"https:\\\/\\\/first-gt.com\\\/#website\"},\"primaryImageOfPage\":{\"@id\":\"https:\\\/\\\/first-gt.com\\\/fr\\\/vehicules\\\/lamborghini-aventador-svj-roadster\\\/#primaryimage\"},\"image\":{\"@id\":\"https:\\\/\\\/first-gt.com\\\/fr\\\/vehicules\\\/lamborghini-aventador-svj-roadster\\\/#primaryimage\"},\"thumbnailUrl\":\"https:\\\/\\\/first-gt.com\\\/wp-content\\\/uploads\\\/2021\\\/05\\\/lamborghini-aventador-svj.jpg\",\"datePublished\":\"2021-06-17T10:10:56+00:00\",\"dateModified\":\"2026-04-16T14:24:04+00:00\",\"breadcrumb\":{\"@id\":\"https:\\\/\\\/first-gt.com\\\/fr\\\/vehicules\\\/lamborghini-aventador-svj-roadster\\\/#breadcrumb\"},\"inLanguage\":\"fr-FR\",\"potentialAction\":[{\"@type\":\"ReadAction\",\"target\":[\"https:\\\/\\\/first-gt.com\\\/fr\\\/vehicules\\\/lamborghini-aventador-svj-roadster\\\/\"]}]},{\"@type\":\"ImageObject\",\"inLanguage\":\"fr-FR\",\"@id\":\"https:\\\/\\\/first-gt.com\\\/fr\\\/vehicules\\\/lamborghini-aventador-svj-roadster\\\/#primaryimage\",\"url\":\"https:\\\/\\\/first-gt.com\\\/wp-content\\\/uploads\\\/2021\\\/05\\\/lamborghini-aventador-svj.jpg\",\"contentUrl\":\"https:\\\/\\\/first-gt.com\\\/wp-content\\\/uploads\\\/2021\\\/05\\\/lamborghini-aventador-svj.jpg\",\"width\":2048,\"height\":1152,\"caption\":\"lamborghini-aventador-svj\"},{\"@type\":\"BreadcrumbList\",\"@id\":\"https:\\\/\\\/first-gt.com\\\/fr\\\/vehicules\\\/lamborghini-aventador-svj-roadster\\\/#breadcrumb\",\"itemListElement\":[{\"@type\":\"ListItem\",\"position\":1,\"name\":\"Accueil\",\"item\":\"https:\\\/\\\/first-gt.com\\\/fr\\\/\"},{\"@type\":\"ListItem\",\"position\":2,\"name\":\"Notre flotte de v\u00e9hicules\",\"item\":\"https:\\\/\\\/first-gt.com\\\/fr\\\/vehicules\\\/\"},{\"@type\":\"ListItem\",\"position\":3,\"name\":\"LAMBORGHINI Aventador SVJ Roadster\"}]},{\"@type\":\"WebSite\",\"@id\":\"https:\\\/\\\/first-gt.com\\\/#website\",\"url\":\"https:\\\/\\\/first-gt.com\\\/\",\"name\":\"First GT\",\"description\":\"First GT\",\"potentialAction\":[{\"@type\":\"SearchAction\",\"target\":{\"@type\":\"EntryPoint\",\"urlTemplate\":\"https:\\\/\\\/first-gt.com\\\/?s={search_term_string}\"},\"query-input\":{\"@type\":\"PropertyValueSpecification\",\"valueRequired\":true,\"valueName\":\"search_term_string\"}}],\"inLanguage\":\"fr-FR\"}]}<\/script>\n<!-- \/ Yoast SEO plugin. -->","yoast_head_json":{"title":"LAMBORGHINI Aventador SVJ Roadster - First GT","robots":{"index":"index","follow":"follow","max-snippet":"max-snippet:-1","max-image-preview":"max-image-preview:large","max-video-preview":"max-video-preview:-1"},"canonical":"https:\/\/first-gt.com\/fr\/vehicules\/lamborghini-aventador-svj-roadster\/","og_locale":"fr_FR","og_type":"article","og_title":"LAMBORGHINI Aventador SVJ Roadster - First GT","og_description":"Nombre de places : 2 Puissance : 740 Prix pour 1 journ\u00e9e (250km inclus) : \u00e0 partir de 4150\u20ac Prix pour 3 jours (750km inclus) : \u00e0 partir de 12450\u20ac Prix pour 7 jours (1750km inclus) : \u00e0 partir de 25200\u20ac Franchise : 120000\u20ac Assurance compl\u00e9mentaire (par jour) : 300\u20ac par jour Franchise r\u00e9duite : 35000\u20ac","og_url":"https:\/\/first-gt.com\/fr\/vehicules\/lamborghini-aventador-svj-roadster\/","og_site_name":"First GT","article_modified_time":"2026-04-16T14:24:04+00:00","og_image":[{"width":2048,"height":1152,"url":"https:\/\/first-gt.com\/wp-content\/uploads\/2021\/05\/lamborghini-aventador-svj.jpg","type":"image\/jpeg"}],"twitter_card":"summary_large_image","twitter_misc":{"Dur\u00e9e de lecture estim\u00e9e":"1 minute"},"schema":{"@context":"https:\/\/schema.org","@graph":[{"@type":"WebPage","@id":"https:\/\/first-gt.com\/fr\/vehicules\/lamborghini-aventador-svj-roadster\/","url":"https:\/\/first-gt.com\/fr\/vehicules\/lamborghini-aventador-svj-roadster\/","name":"LAMBORGHINI Aventador SVJ Roadster - First GT","isPartOf":{"@id":"https:\/\/first-gt.com\/#website"},"primaryImageOfPage":{"@id":"https:\/\/first-gt.com\/fr\/vehicules\/lamborghini-aventador-svj-roadster\/#primaryimage"},"image":{"@id":"https:\/\/first-gt.com\/fr\/vehicules\/lamborghini-aventador-svj-roadster\/#primaryimage"},"thumbnailUrl":"https:\/\/first-gt.com\/wp-content\/uploads\/2021\/05\/lamborghini-aventador-svj.jpg","datePublished":"2021-06-17T10:10:56+00:00","dateModified":"2026-04-16T14:24:04+00:00","breadcrumb":{"@id":"https:\/\/first-gt.com\/fr\/vehicules\/lamborghini-aventador-svj-roadster\/#breadcrumb"},"inLanguage":"fr-FR","potentialAction":[{"@type":"ReadAction","target":["https:\/\/first-gt.com\/fr\/vehicules\/lamborghini-aventador-svj-roadster\/"]}]},{"@type":"ImageObject","inLanguage":"fr-FR","@id":"https:\/\/first-gt.com\/fr\/vehicules\/lamborghini-aventador-svj-roadster\/#primaryimage","url":"https:\/\/first-gt.com\/wp-content\/uploads\/2021\/05\/lamborghini-aventador-svj.jpg","contentUrl":"https:\/\/first-gt.com\/wp-content\/uploads\/2021\/05\/lamborghini-aventador-svj.jpg","width":2048,"height":1152,"caption":"lamborghini-aventador-svj"},{"@type":"BreadcrumbList","@id":"https:\/\/first-gt.com\/fr\/vehicules\/lamborghini-aventador-svj-roadster\/#breadcrumb","itemListElement":[{"@type":"ListItem","position":1,"name":"Accueil","item":"https:\/\/first-gt.com\/fr\/"},{"@type":"ListItem","position":2,"name":"Notre flotte de v\u00e9hicules","item":"https:\/\/first-gt.com\/fr\/vehicules\/"},{"@type":"ListItem","position":3,"name":"LAMBORGHINI Aventador SVJ Roadster"}]},{"@type":"WebSite","@id":"https:\/\/first-gt.com\/#website","url":"https:\/\/first-gt.com\/","name":"First GT","description":"First GT","potentialAction":[{"@type":"SearchAction","target":{"@type":"EntryPoint","urlTemplate":"https:\/\/first-gt.com\/?s={search_term_string}"},"query-input":{"@type":"PropertyValueSpecification","valueRequired":true,"valueName":"search_term_string"}}],"inLanguage":"fr-FR"}]}},"brands":[{"id":112,"name":"Lamborghini","slug":"lamborghini-fr"}],"_links":{"self":[{"href":"https:\/\/first-gt.com\/fr\/wp-json\/wp\/v2\/product\/724","targetHints":{"allow":["GET"]}}],"collection":[{"href":"https:\/\/first-gt.com\/fr\/wp-json\/wp\/v2\/product"}],"about":[{"href":"https:\/\/first-gt.com\/fr\/wp-json\/wp\/v2\/types\/product"}],"wp:featuredmedia":[{"embeddable":true,"href":"https:\/\/first-gt.com\/fr\/wp-json\/wp\/v2\/media\/111"}],"wp:attachment":[{"href":"https:\/\/first-gt.com\/fr\/wp-json\/wp\/v2\/media?parent=724"}],"wp:term":[{"taxonomy":"pwb-brand","embeddable":true,"href":"https:\/\/first-gt.com\/fr\/wp-json\/wp\/v2\/pwb-brand?post=724"},{"taxonomy":"product_brand","embeddable":true,"href":"https:\/\/first-gt.com\/fr\/wp-json\/wp\/v2\/product_brand?post=724"},{"taxonomy":"product_cat","embeddable":true,"href":"https:\/\/first-gt.com\/fr\/wp-json\/wp\/v2\/product_cat?post=724"},{"taxonomy":"product_tag","embeddable":true,"href":"https:\/\/first-gt.com\/fr\/wp-json\/wp\/v2\/product_tag?post=724"}],"curies":[{"name":"wp","href":"https:\/\/api.w.org\/{rel}","templated":true}]}}