{"id":1221,"date":"2024-12-12T15:54:58","date_gmt":"2024-12-12T15:54:58","guid":{"rendered":"https:\/\/first-gt.com\/?post_type=product&#038;p=1221"},"modified":"2026-04-16T14:25:57","modified_gmt":"2026-04-16T14:25:57","slug":"mini-cooper-john-cooper-works-cabriolet","status":"publish","type":"product","link":"https:\/\/first-gt.com\/fr\/vehicules\/mini-cooper-john-cooper-works-cabriolet\/","title":{"rendered":"MINI COOPER John Cooper Works Cabriolet"},"content":{"rendered":"<p>La MINI Cooper John Cooper Works Cabriolet apporte une dimension plus sportive au cabriolet de la marque. Son design int\u00e8gre des \u00e9l\u00e9ments sp\u00e9cifiques qui renforcent son caract\u00e8re dynamique. L\u2019habitacle adopte une ambiance plus orient\u00e9e performance, tout en conservant l\u2019identit\u00e9 MINI. Sur la route, elle offre une acc\u00e9l\u00e9ration plus franche et une conduite plus pr\u00e9cise, tout en restant accessible. Elle s\u2019adresse \u00e0 ceux qui souhaitent un cabriolet compact avec davantage de caract\u00e8re et de r\u00e9activit\u00e9.<\/p>\n","protected":false},"excerpt":{"rendered":"<p>Nombre de places : 4<br \/>\nPuissance : 231<br \/>\nPrix pour 1 journ\u00e9e (250km inclus) :<br \/>\n<span class=\"redclass\">\u00e0 partir de 300\u20ac<\/span><br \/>\nPrix pour 3 jours (250km inclus) :<br \/>\n<span class=\"redclass\">\u00e0 partir de 750\u20ac<\/span><br \/>\nPrix pour 7 jours (1750km inclus) :<br \/>\n<span class=\"redclass\">\u00e0 partir de 1450\u20ac<\/span><br \/>\nFranchise :<br \/>\n<span class=\"redclass\">5000\u20ac<\/span><br \/>\nAssurance compl\u00e9mentaire (par jour) :<br \/>\n<span class=\"redclass\">30\u20ac par jour<\/span><br \/>\nFranchise r\u00e9duite :<br \/>\n<span class=\"redclass\">3000\u20ac<\/span><\/p>\n","protected":false},"featured_media":1304,"template":"","meta":[],"pwb-brand":[117],"product_brand":[],"product_cat":[71,75],"product_tag":[],"class_list":{"0":"post-1221","1":"product","2":"type-product","3":"status-publish","4":"has-post-thumbnail","6":"pwb-brand-mini-cooper-fr","7":"product_cat-cabriolets","8":"product_cat-tourisme","10":"first","11":"instock","12":"featured","13":"shipping-taxable","14":"product-type-simple","15":"add-to-wishlist-after_add_to_cart"},"yoast_head":"<!-- This site is optimized with the Yoast SEO plugin v27.5 - https:\/\/yoast.com\/product\/yoast-seo-wordpress\/ -->\n<title>MINI COOPER John Cooper Works Cabriolet - First GT<\/title>\n<meta name=\"robots\" content=\"index, follow, max-snippet:-1, max-image-preview:large, max-video-preview:-1\" \/>\n<link rel=\"canonical\" href=\"https:\/\/first-gt.com\/fr\/vehicules\/mini-cooper-john-cooper-works-cabriolet\/\" \/>\n<meta property=\"og:locale\" content=\"fr_FR\" \/>\n<meta property=\"og:type\" content=\"article\" \/>\n<meta property=\"og:title\" content=\"MINI COOPER John Cooper Works Cabriolet - First GT\" \/>\n<meta property=\"og:description\" content=\"Nombre de places : 4 Puissance : 231 Prix pour 1 journ\u00e9e (250km inclus) : \u00e0 partir de 300\u20ac Prix pour 3 jours (250km inclus) : \u00e0 partir de 750\u20ac Prix pour 7 jours (1750km inclus) : \u00e0 partir de 1450\u20ac Franchise : 5000\u20ac Assurance compl\u00e9mentaire (par jour) : 30\u20ac par jour Franchise r\u00e9duite : 3000\u20ac\" \/>\n<meta property=\"og:url\" content=\"https:\/\/first-gt.com\/fr\/vehicules\/mini-cooper-john-cooper-works-cabriolet\/\" \/>\n<meta property=\"og:site_name\" content=\"First GT\" \/>\n<meta property=\"article:modified_time\" content=\"2026-04-16T14:25:57+00:00\" \/>\n<meta property=\"og:image\" content=\"https:\/\/first-gt.com\/wp-content\/uploads\/2024\/12\/Mini-JCW-Cab-1.jpg\" \/>\n\t<meta property=\"og:image:width\" content=\"1280\" \/>\n\t<meta property=\"og:image:height\" content=\"960\" \/>\n\t<meta property=\"og:image:type\" content=\"image\/jpeg\" \/>\n<meta name=\"twitter:card\" content=\"summary_large_image\" \/>\n<meta name=\"twitter:label1\" content=\"Dur\u00e9e de lecture estim\u00e9e\" \/>\n\t<meta name=\"twitter:data1\" content=\"1 minute\" \/>\n<script type=\"application\/ld+json\" class=\"yoast-schema-graph\">{\"@context\":\"https:\\\/\\\/schema.org\",\"@graph\":[{\"@type\":\"WebPage\",\"@id\":\"https:\\\/\\\/first-gt.com\\\/fr\\\/vehicules\\\/mini-cooper-john-cooper-works-cabriolet\\\/\",\"url\":\"https:\\\/\\\/first-gt.com\\\/fr\\\/vehicules\\\/mini-cooper-john-cooper-works-cabriolet\\\/\",\"name\":\"MINI COOPER John Cooper Works Cabriolet - First GT\",\"isPartOf\":{\"@id\":\"https:\\\/\\\/first-gt.com\\\/#website\"},\"primaryImageOfPage\":{\"@id\":\"https:\\\/\\\/first-gt.com\\\/fr\\\/vehicules\\\/mini-cooper-john-cooper-works-cabriolet\\\/#primaryimage\"},\"image\":{\"@id\":\"https:\\\/\\\/first-gt.com\\\/fr\\\/vehicules\\\/mini-cooper-john-cooper-works-cabriolet\\\/#primaryimage\"},\"thumbnailUrl\":\"https:\\\/\\\/first-gt.com\\\/wp-content\\\/uploads\\\/2024\\\/12\\\/Mini-JCW-Cab-1.jpg\",\"datePublished\":\"2024-12-12T15:54:58+00:00\",\"dateModified\":\"2026-04-16T14:25:57+00:00\",\"breadcrumb\":{\"@id\":\"https:\\\/\\\/first-gt.com\\\/fr\\\/vehicules\\\/mini-cooper-john-cooper-works-cabriolet\\\/#breadcrumb\"},\"inLanguage\":\"fr-FR\",\"potentialAction\":[{\"@type\":\"ReadAction\",\"target\":[\"https:\\\/\\\/first-gt.com\\\/fr\\\/vehicules\\\/mini-cooper-john-cooper-works-cabriolet\\\/\"]}]},{\"@type\":\"ImageObject\",\"inLanguage\":\"fr-FR\",\"@id\":\"https:\\\/\\\/first-gt.com\\\/fr\\\/vehicules\\\/mini-cooper-john-cooper-works-cabriolet\\\/#primaryimage\",\"url\":\"https:\\\/\\\/first-gt.com\\\/wp-content\\\/uploads\\\/2024\\\/12\\\/Mini-JCW-Cab-1.jpg\",\"contentUrl\":\"https:\\\/\\\/first-gt.com\\\/wp-content\\\/uploads\\\/2024\\\/12\\\/Mini-JCW-Cab-1.jpg\",\"width\":1280,\"height\":960},{\"@type\":\"BreadcrumbList\",\"@id\":\"https:\\\/\\\/first-gt.com\\\/fr\\\/vehicules\\\/mini-cooper-john-cooper-works-cabriolet\\\/#breadcrumb\",\"itemListElement\":[{\"@type\":\"ListItem\",\"position\":1,\"name\":\"Accueil\",\"item\":\"https:\\\/\\\/first-gt.com\\\/fr\\\/\"},{\"@type\":\"ListItem\",\"position\":2,\"name\":\"Notre flotte de v\u00e9hicules\",\"item\":\"https:\\\/\\\/first-gt.com\\\/fr\\\/vehicules\\\/\"},{\"@type\":\"ListItem\",\"position\":3,\"name\":\"MINI COOPER John Cooper Works Cabriolet\"}]},{\"@type\":\"WebSite\",\"@id\":\"https:\\\/\\\/first-gt.com\\\/#website\",\"url\":\"https:\\\/\\\/first-gt.com\\\/\",\"name\":\"First GT\",\"description\":\"First GT\",\"potentialAction\":[{\"@type\":\"SearchAction\",\"target\":{\"@type\":\"EntryPoint\",\"urlTemplate\":\"https:\\\/\\\/first-gt.com\\\/?s={search_term_string}\"},\"query-input\":{\"@type\":\"PropertyValueSpecification\",\"valueRequired\":true,\"valueName\":\"search_term_string\"}}],\"inLanguage\":\"fr-FR\"}]}<\/script>\n<!-- \/ Yoast SEO plugin. -->","yoast_head_json":{"title":"MINI COOPER John Cooper Works Cabriolet - First GT","robots":{"index":"index","follow":"follow","max-snippet":"max-snippet:-1","max-image-preview":"max-image-preview:large","max-video-preview":"max-video-preview:-1"},"canonical":"https:\/\/first-gt.com\/fr\/vehicules\/mini-cooper-john-cooper-works-cabriolet\/","og_locale":"fr_FR","og_type":"article","og_title":"MINI COOPER John Cooper Works Cabriolet - First GT","og_description":"Nombre de places : 4 Puissance : 231 Prix pour 1 journ\u00e9e (250km inclus) : \u00e0 partir de 300\u20ac Prix pour 3 jours (250km inclus) : \u00e0 partir de 750\u20ac Prix pour 7 jours (1750km inclus) : \u00e0 partir de 1450\u20ac Franchise : 5000\u20ac Assurance compl\u00e9mentaire (par jour) : 30\u20ac par jour Franchise r\u00e9duite : 3000\u20ac","og_url":"https:\/\/first-gt.com\/fr\/vehicules\/mini-cooper-john-cooper-works-cabriolet\/","og_site_name":"First GT","article_modified_time":"2026-04-16T14:25:57+00:00","og_image":[{"width":1280,"height":960,"url":"https:\/\/first-gt.com\/wp-content\/uploads\/2024\/12\/Mini-JCW-Cab-1.jpg","type":"image\/jpeg"}],"twitter_card":"summary_large_image","twitter_misc":{"Dur\u00e9e de lecture estim\u00e9e":"1 minute"},"schema":{"@context":"https:\/\/schema.org","@graph":[{"@type":"WebPage","@id":"https:\/\/first-gt.com\/fr\/vehicules\/mini-cooper-john-cooper-works-cabriolet\/","url":"https:\/\/first-gt.com\/fr\/vehicules\/mini-cooper-john-cooper-works-cabriolet\/","name":"MINI COOPER John Cooper Works Cabriolet - First GT","isPartOf":{"@id":"https:\/\/first-gt.com\/#website"},"primaryImageOfPage":{"@id":"https:\/\/first-gt.com\/fr\/vehicules\/mini-cooper-john-cooper-works-cabriolet\/#primaryimage"},"image":{"@id":"https:\/\/first-gt.com\/fr\/vehicules\/mini-cooper-john-cooper-works-cabriolet\/#primaryimage"},"thumbnailUrl":"https:\/\/first-gt.com\/wp-content\/uploads\/2024\/12\/Mini-JCW-Cab-1.jpg","datePublished":"2024-12-12T15:54:58+00:00","dateModified":"2026-04-16T14:25:57+00:00","breadcrumb":{"@id":"https:\/\/first-gt.com\/fr\/vehicules\/mini-cooper-john-cooper-works-cabriolet\/#breadcrumb"},"inLanguage":"fr-FR","potentialAction":[{"@type":"ReadAction","target":["https:\/\/first-gt.com\/fr\/vehicules\/mini-cooper-john-cooper-works-cabriolet\/"]}]},{"@type":"ImageObject","inLanguage":"fr-FR","@id":"https:\/\/first-gt.com\/fr\/vehicules\/mini-cooper-john-cooper-works-cabriolet\/#primaryimage","url":"https:\/\/first-gt.com\/wp-content\/uploads\/2024\/12\/Mini-JCW-Cab-1.jpg","contentUrl":"https:\/\/first-gt.com\/wp-content\/uploads\/2024\/12\/Mini-JCW-Cab-1.jpg","width":1280,"height":960},{"@type":"BreadcrumbList","@id":"https:\/\/first-gt.com\/fr\/vehicules\/mini-cooper-john-cooper-works-cabriolet\/#breadcrumb","itemListElement":[{"@type":"ListItem","position":1,"name":"Accueil","item":"https:\/\/first-gt.com\/fr\/"},{"@type":"ListItem","position":2,"name":"Notre flotte de v\u00e9hicules","item":"https:\/\/first-gt.com\/fr\/vehicules\/"},{"@type":"ListItem","position":3,"name":"MINI COOPER John Cooper Works Cabriolet"}]},{"@type":"WebSite","@id":"https:\/\/first-gt.com\/#website","url":"https:\/\/first-gt.com\/","name":"First GT","description":"First GT","potentialAction":[{"@type":"SearchAction","target":{"@type":"EntryPoint","urlTemplate":"https:\/\/first-gt.com\/?s={search_term_string}"},"query-input":{"@type":"PropertyValueSpecification","valueRequired":true,"valueName":"search_term_string"}}],"inLanguage":"fr-FR"}]}},"brands":[{"id":117,"name":"Mini Cooper","slug":"mini-cooper-fr"}],"_links":{"self":[{"href":"https:\/\/first-gt.com\/fr\/wp-json\/wp\/v2\/product\/1221","targetHints":{"allow":["GET"]}}],"collection":[{"href":"https:\/\/first-gt.com\/fr\/wp-json\/wp\/v2\/product"}],"about":[{"href":"https:\/\/first-gt.com\/fr\/wp-json\/wp\/v2\/types\/product"}],"wp:featuredmedia":[{"embeddable":true,"href":"https:\/\/first-gt.com\/fr\/wp-json\/wp\/v2\/media\/1304"}],"wp:attachment":[{"href":"https:\/\/first-gt.com\/fr\/wp-json\/wp\/v2\/media?parent=1221"}],"wp:term":[{"taxonomy":"pwb-brand","embeddable":true,"href":"https:\/\/first-gt.com\/fr\/wp-json\/wp\/v2\/pwb-brand?post=1221"},{"taxonomy":"product_brand","embeddable":true,"href":"https:\/\/first-gt.com\/fr\/wp-json\/wp\/v2\/product_brand?post=1221"},{"taxonomy":"product_cat","embeddable":true,"href":"https:\/\/first-gt.com\/fr\/wp-json\/wp\/v2\/product_cat?post=1221"},{"taxonomy":"product_tag","embeddable":true,"href":"https:\/\/first-gt.com\/fr\/wp-json\/wp\/v2\/product_tag?post=1221"}],"curies":[{"name":"wp","href":"https:\/\/api.w.org\/{rel}","templated":true}]}}