{"id":1200,"date":"2024-12-12T10:49:42","date_gmt":"2024-12-12T10:49:42","guid":{"rendered":"https:\/\/first-gt.com\/?post_type=product&#038;p=1200"},"modified":"2026-04-16T14:21:42","modified_gmt":"2026-04-16T14:21:42","slug":"ferrari-purosangue","status":"publish","type":"product","link":"https:\/\/first-gt.com\/fr\/vehicules\/ferrari-purosangue\/","title":{"rendered":"FERRARI Purosangue"},"content":{"rendered":"<p>La Ferrari Purosangue marque une \u00e9volution majeure pour la marque, avec une configuration \u00e0 quatre portes et quatre places. Son design reste fid\u00e8le \u00e0 l\u2019ADN Ferrari, tout en adoptant des proportions in\u00e9dites. \u00c0 bord, l\u2019accent est mis sur le confort des passagers autant que sur l\u2019exp\u00e9rience de conduite. Sur la route, elle se distingue par un comportement dynamique sup\u00e9rieur \u00e0 celui des SUV traditionnels, avec une grande pr\u00e9cision. Elle red\u00e9finit les standards en combinant performance, espace et modernit\u00e9.<\/p>\n","protected":false},"excerpt":{"rendered":"<p>Nombre de places : 4<br \/>\nPuissance : 725<br \/>\nPrix pour 1 journ\u00e9e (200km inclus) :<br \/>\n<span class=\"redclass\">\u00e0 partir de 5000\u20ac<\/span><br \/>\nPrix pour 3 jours (600km inclus) :<br \/>\n<span class=\"redclass\">\u00e0 partir de 15000\u20ac<\/span><br \/>\nPrix pour 7 jours (1400km inclus) :<br \/>\n<span class=\"redclass\">\u00e0 partir de 35000\u20ac<\/span><br \/>\nFranchise :<br \/>\n<span class=\"redclass\">80000\u20ac<\/span><br \/>\nAssurance compl\u00e9mentaire (par jour) :<br \/>\n<span class=\"redclass\">450\u20ac par jour<\/span><br \/>\nFranchise r\u00e9duite :<br \/>\n<span class=\"redclass\">35000\u20ac<\/span><\/p>\n","protected":false},"featured_media":1201,"template":"","meta":[],"pwb-brand":[111],"product_brand":[],"product_cat":[73,70],"product_tag":[],"class_list":{"0":"post-1200","1":"product","2":"type-product","3":"status-publish","4":"has-post-thumbnail","6":"pwb-brand-ferrari-fr","7":"product_cat-4-x-4-suv","8":"product_cat-vehicues-exception","10":"first","11":"instock","12":"shipping-taxable","13":"product-type-simple","14":"add-to-wishlist-after_add_to_cart"},"yoast_head":"<!-- This site is optimized with the Yoast SEO plugin v27.5 - https:\/\/yoast.com\/product\/yoast-seo-wordpress\/ -->\n<title>FERRARI Purosangue - First GT<\/title>\n<meta name=\"robots\" content=\"index, follow, max-snippet:-1, max-image-preview:large, max-video-preview:-1\" \/>\n<link rel=\"canonical\" href=\"https:\/\/first-gt.com\/fr\/vehicules\/ferrari-purosangue\/\" \/>\n<meta property=\"og:locale\" content=\"fr_FR\" \/>\n<meta property=\"og:type\" content=\"article\" \/>\n<meta property=\"og:title\" content=\"FERRARI Purosangue - First GT\" \/>\n<meta property=\"og:description\" content=\"Nombre de places : 4 Puissance : 725 Prix pour 1 journ\u00e9e (200km inclus) : \u00e0 partir de 5000\u20ac Prix pour 3 jours (600km inclus) : \u00e0 partir de 15000\u20ac Prix pour 7 jours (1400km inclus) : \u00e0 partir de 35000\u20ac Franchise : 80000\u20ac Assurance compl\u00e9mentaire (par jour) : 450\u20ac par jour Franchise r\u00e9duite : 35000\u20ac\" \/>\n<meta property=\"og:url\" content=\"https:\/\/first-gt.com\/fr\/vehicules\/ferrari-purosangue\/\" \/>\n<meta property=\"og:site_name\" content=\"First GT\" \/>\n<meta property=\"article:modified_time\" content=\"2026-04-16T14:21:42+00:00\" \/>\n<meta property=\"og:image\" content=\"https:\/\/first-gt.com\/wp-content\/uploads\/2024\/12\/Ferrari-Purosangue.jpg\" \/>\n\t<meta property=\"og:image:width\" content=\"1280\" \/>\n\t<meta property=\"og:image:height\" content=\"960\" \/>\n\t<meta property=\"og:image:type\" content=\"image\/jpeg\" \/>\n<meta name=\"twitter:card\" content=\"summary_large_image\" \/>\n<meta name=\"twitter:label1\" content=\"Dur\u00e9e de lecture estim\u00e9e\" \/>\n\t<meta name=\"twitter:data1\" content=\"1 minute\" \/>\n<script type=\"application\/ld+json\" class=\"yoast-schema-graph\">{\"@context\":\"https:\\\/\\\/schema.org\",\"@graph\":[{\"@type\":\"WebPage\",\"@id\":\"https:\\\/\\\/first-gt.com\\\/fr\\\/vehicules\\\/ferrari-purosangue\\\/\",\"url\":\"https:\\\/\\\/first-gt.com\\\/fr\\\/vehicules\\\/ferrari-purosangue\\\/\",\"name\":\"FERRARI Purosangue - First GT\",\"isPartOf\":{\"@id\":\"https:\\\/\\\/first-gt.com\\\/#website\"},\"primaryImageOfPage\":{\"@id\":\"https:\\\/\\\/first-gt.com\\\/fr\\\/vehicules\\\/ferrari-purosangue\\\/#primaryimage\"},\"image\":{\"@id\":\"https:\\\/\\\/first-gt.com\\\/fr\\\/vehicules\\\/ferrari-purosangue\\\/#primaryimage\"},\"thumbnailUrl\":\"https:\\\/\\\/first-gt.com\\\/wp-content\\\/uploads\\\/2024\\\/12\\\/Ferrari-Purosangue.jpg\",\"datePublished\":\"2024-12-12T10:49:42+00:00\",\"dateModified\":\"2026-04-16T14:21:42+00:00\",\"breadcrumb\":{\"@id\":\"https:\\\/\\\/first-gt.com\\\/fr\\\/vehicules\\\/ferrari-purosangue\\\/#breadcrumb\"},\"inLanguage\":\"fr-FR\",\"potentialAction\":[{\"@type\":\"ReadAction\",\"target\":[\"https:\\\/\\\/first-gt.com\\\/fr\\\/vehicules\\\/ferrari-purosangue\\\/\"]}]},{\"@type\":\"ImageObject\",\"inLanguage\":\"fr-FR\",\"@id\":\"https:\\\/\\\/first-gt.com\\\/fr\\\/vehicules\\\/ferrari-purosangue\\\/#primaryimage\",\"url\":\"https:\\\/\\\/first-gt.com\\\/wp-content\\\/uploads\\\/2024\\\/12\\\/Ferrari-Purosangue.jpg\",\"contentUrl\":\"https:\\\/\\\/first-gt.com\\\/wp-content\\\/uploads\\\/2024\\\/12\\\/Ferrari-Purosangue.jpg\",\"width\":1280,\"height\":960},{\"@type\":\"BreadcrumbList\",\"@id\":\"https:\\\/\\\/first-gt.com\\\/fr\\\/vehicules\\\/ferrari-purosangue\\\/#breadcrumb\",\"itemListElement\":[{\"@type\":\"ListItem\",\"position\":1,\"name\":\"Accueil\",\"item\":\"https:\\\/\\\/first-gt.com\\\/fr\\\/\"},{\"@type\":\"ListItem\",\"position\":2,\"name\":\"Notre flotte de v\u00e9hicules\",\"item\":\"https:\\\/\\\/first-gt.com\\\/fr\\\/vehicules\\\/\"},{\"@type\":\"ListItem\",\"position\":3,\"name\":\"FERRARI Purosangue\"}]},{\"@type\":\"WebSite\",\"@id\":\"https:\\\/\\\/first-gt.com\\\/#website\",\"url\":\"https:\\\/\\\/first-gt.com\\\/\",\"name\":\"First GT\",\"description\":\"First GT\",\"potentialAction\":[{\"@type\":\"SearchAction\",\"target\":{\"@type\":\"EntryPoint\",\"urlTemplate\":\"https:\\\/\\\/first-gt.com\\\/?s={search_term_string}\"},\"query-input\":{\"@type\":\"PropertyValueSpecification\",\"valueRequired\":true,\"valueName\":\"search_term_string\"}}],\"inLanguage\":\"fr-FR\"}]}<\/script>\n<!-- \/ Yoast SEO plugin. -->","yoast_head_json":{"title":"FERRARI Purosangue - First GT","robots":{"index":"index","follow":"follow","max-snippet":"max-snippet:-1","max-image-preview":"max-image-preview:large","max-video-preview":"max-video-preview:-1"},"canonical":"https:\/\/first-gt.com\/fr\/vehicules\/ferrari-purosangue\/","og_locale":"fr_FR","og_type":"article","og_title":"FERRARI Purosangue - First GT","og_description":"Nombre de places : 4 Puissance : 725 Prix pour 1 journ\u00e9e (200km inclus) : \u00e0 partir de 5000\u20ac Prix pour 3 jours (600km inclus) : \u00e0 partir de 15000\u20ac Prix pour 7 jours (1400km inclus) : \u00e0 partir de 35000\u20ac Franchise : 80000\u20ac Assurance compl\u00e9mentaire (par jour) : 450\u20ac par jour Franchise r\u00e9duite : 35000\u20ac","og_url":"https:\/\/first-gt.com\/fr\/vehicules\/ferrari-purosangue\/","og_site_name":"First GT","article_modified_time":"2026-04-16T14:21:42+00:00","og_image":[{"width":1280,"height":960,"url":"https:\/\/first-gt.com\/wp-content\/uploads\/2024\/12\/Ferrari-Purosangue.jpg","type":"image\/jpeg"}],"twitter_card":"summary_large_image","twitter_misc":{"Dur\u00e9e de lecture estim\u00e9e":"1 minute"},"schema":{"@context":"https:\/\/schema.org","@graph":[{"@type":"WebPage","@id":"https:\/\/first-gt.com\/fr\/vehicules\/ferrari-purosangue\/","url":"https:\/\/first-gt.com\/fr\/vehicules\/ferrari-purosangue\/","name":"FERRARI Purosangue - First GT","isPartOf":{"@id":"https:\/\/first-gt.com\/#website"},"primaryImageOfPage":{"@id":"https:\/\/first-gt.com\/fr\/vehicules\/ferrari-purosangue\/#primaryimage"},"image":{"@id":"https:\/\/first-gt.com\/fr\/vehicules\/ferrari-purosangue\/#primaryimage"},"thumbnailUrl":"https:\/\/first-gt.com\/wp-content\/uploads\/2024\/12\/Ferrari-Purosangue.jpg","datePublished":"2024-12-12T10:49:42+00:00","dateModified":"2026-04-16T14:21:42+00:00","breadcrumb":{"@id":"https:\/\/first-gt.com\/fr\/vehicules\/ferrari-purosangue\/#breadcrumb"},"inLanguage":"fr-FR","potentialAction":[{"@type":"ReadAction","target":["https:\/\/first-gt.com\/fr\/vehicules\/ferrari-purosangue\/"]}]},{"@type":"ImageObject","inLanguage":"fr-FR","@id":"https:\/\/first-gt.com\/fr\/vehicules\/ferrari-purosangue\/#primaryimage","url":"https:\/\/first-gt.com\/wp-content\/uploads\/2024\/12\/Ferrari-Purosangue.jpg","contentUrl":"https:\/\/first-gt.com\/wp-content\/uploads\/2024\/12\/Ferrari-Purosangue.jpg","width":1280,"height":960},{"@type":"BreadcrumbList","@id":"https:\/\/first-gt.com\/fr\/vehicules\/ferrari-purosangue\/#breadcrumb","itemListElement":[{"@type":"ListItem","position":1,"name":"Accueil","item":"https:\/\/first-gt.com\/fr\/"},{"@type":"ListItem","position":2,"name":"Notre flotte de v\u00e9hicules","item":"https:\/\/first-gt.com\/fr\/vehicules\/"},{"@type":"ListItem","position":3,"name":"FERRARI Purosangue"}]},{"@type":"WebSite","@id":"https:\/\/first-gt.com\/#website","url":"https:\/\/first-gt.com\/","name":"First GT","description":"First GT","potentialAction":[{"@type":"SearchAction","target":{"@type":"EntryPoint","urlTemplate":"https:\/\/first-gt.com\/?s={search_term_string}"},"query-input":{"@type":"PropertyValueSpecification","valueRequired":true,"valueName":"search_term_string"}}],"inLanguage":"fr-FR"}]}},"brands":[{"id":111,"name":"Ferrari","slug":"ferrari-fr"}],"_links":{"self":[{"href":"https:\/\/first-gt.com\/fr\/wp-json\/wp\/v2\/product\/1200","targetHints":{"allow":["GET"]}}],"collection":[{"href":"https:\/\/first-gt.com\/fr\/wp-json\/wp\/v2\/product"}],"about":[{"href":"https:\/\/first-gt.com\/fr\/wp-json\/wp\/v2\/types\/product"}],"wp:featuredmedia":[{"embeddable":true,"href":"https:\/\/first-gt.com\/fr\/wp-json\/wp\/v2\/media\/1201"}],"wp:attachment":[{"href":"https:\/\/first-gt.com\/fr\/wp-json\/wp\/v2\/media?parent=1200"}],"wp:term":[{"taxonomy":"pwb-brand","embeddable":true,"href":"https:\/\/first-gt.com\/fr\/wp-json\/wp\/v2\/pwb-brand?post=1200"},{"taxonomy":"product_brand","embeddable":true,"href":"https:\/\/first-gt.com\/fr\/wp-json\/wp\/v2\/product_brand?post=1200"},{"taxonomy":"product_cat","embeddable":true,"href":"https:\/\/first-gt.com\/fr\/wp-json\/wp\/v2\/product_cat?post=1200"},{"taxonomy":"product_tag","embeddable":true,"href":"https:\/\/first-gt.com\/fr\/wp-json\/wp\/v2\/product_tag?post=1200"}],"curies":[{"name":"wp","href":"https:\/\/api.w.org\/{rel}","templated":true}]}}