{"id":1164,"date":"2023-12-12T14:45:13","date_gmt":"2023-12-12T14:45:13","guid":{"rendered":"https:\/\/first-gt.com\/?post_type=product&#038;p=1164"},"modified":"2026-04-16T14:24:24","modified_gmt":"2026-04-16T14:24:24","slug":"lamborghini-urus-performante","status":"publish","type":"product","link":"https:\/\/first-gt.com\/fr\/vehicules\/lamborghini-urus-performante\/","title":{"rendered":"LAMBORGHINI Urus SE"},"content":{"rendered":"<p>Le Lamborghini Urus SE introduit une dimension hybride dans la gamme, marquant une \u00e9volution vers davantage d\u2019efficience sans renoncer \u00e0 la performance. Son design conserve l\u2019ADN visuel du mod\u00e8le tout en int\u00e9grant des \u00e9volutions discr\u00e8tes. \u00c0 bord, l\u2019environnement reste luxueux et technologique, avec une forte orientation digitale. Sur la route, il combine puissance et gestion optimis\u00e9e de l\u2019\u00e9nergie, offrant une exp\u00e9rience plus \u00e9quilibr\u00e9e. Il incarne une vision moderne de Lamborghini, o\u00f9 innovation et performance coexistent.<\/p>\n","protected":false},"excerpt":{"rendered":"<p>Nombre de places : 5<br \/>\nPuissance : 800<br \/>\nPrix pour 1 journ\u00e9e (250km inclus) :<br \/>\n<span class=\"redclass\">\u00e0 partir de 1990\u20ac<\/span><br \/>\nPrix pour 3 jours (750km inclus) :<br \/>\n<span class=\"redclass\">\u00e0 partir de 5490\u20ac<\/span><br \/>\nPrix pour 7 jours (1750km inclus) :<br \/>\n<span class=\"redclass\">\u00e0 partir de 10900\u20ac<\/span><br \/>\nFranchise :<br \/>\n<span class=\"redclass\">42000\u20ac<\/span><br \/>\nAssurance compl\u00e9mentaire (par jour) :<br \/>\n<span class=\"redclass\">170\u20ac par jour<\/span><br \/>\nFranchise r\u00e9duite :<br \/>\n<span class=\"redclass\">15000\u20ac<\/span><\/p>\n","protected":false},"featured_media":1288,"template":"","meta":[],"pwb-brand":[112],"product_brand":[],"product_cat":[73,70],"product_tag":[],"class_list":{"0":"post-1164","1":"product","2":"type-product","3":"status-publish","4":"has-post-thumbnail","6":"pwb-brand-lamborghini-fr","7":"product_cat-4-x-4-suv","8":"product_cat-vehicues-exception","10":"first","11":"instock","12":"shipping-taxable","13":"product-type-simple","14":"add-to-wishlist-after_add_to_cart"},"yoast_head":"<!-- This site is optimized with the Yoast SEO plugin v27.5 - https:\/\/yoast.com\/product\/yoast-seo-wordpress\/ -->\n<title>LAMBORGHINI Urus SE - First GT<\/title>\n<meta name=\"robots\" content=\"index, follow, max-snippet:-1, max-image-preview:large, max-video-preview:-1\" \/>\n<link rel=\"canonical\" href=\"https:\/\/first-gt.com\/fr\/vehicules\/lamborghini-urus-performante\/\" \/>\n<meta property=\"og:locale\" content=\"fr_FR\" \/>\n<meta property=\"og:type\" content=\"article\" \/>\n<meta property=\"og:title\" content=\"LAMBORGHINI Urus SE - First GT\" \/>\n<meta property=\"og:description\" content=\"Nombre de places : 5 Puissance : 800 Prix pour 1 journ\u00e9e (250km inclus) : \u00e0 partir de 1990\u20ac Prix pour 3 jours (750km inclus) : \u00e0 partir de 5490\u20ac Prix pour 7 jours (1750km inclus) : \u00e0 partir de 10900\u20ac Franchise : 42000\u20ac Assurance compl\u00e9mentaire (par jour) : 170\u20ac par jour Franchise r\u00e9duite : 15000\u20ac\" \/>\n<meta property=\"og:url\" content=\"https:\/\/first-gt.com\/fr\/vehicules\/lamborghini-urus-performante\/\" \/>\n<meta property=\"og:site_name\" content=\"First GT\" \/>\n<meta property=\"article:modified_time\" content=\"2026-04-16T14:24:24+00:00\" \/>\n<meta property=\"og:image\" content=\"https:\/\/first-gt.com\/wp-content\/uploads\/2023\/12\/2025_lamborghini_urus_se_2_1920x1080-1.jpg\" \/>\n\t<meta property=\"og:image:width\" content=\"1920\" \/>\n\t<meta property=\"og:image:height\" content=\"1080\" \/>\n\t<meta property=\"og:image:type\" content=\"image\/jpeg\" \/>\n<meta name=\"twitter:card\" content=\"summary_large_image\" \/>\n<meta name=\"twitter:label1\" content=\"Dur\u00e9e de lecture estim\u00e9e\" \/>\n\t<meta name=\"twitter:data1\" content=\"1 minute\" \/>\n<script type=\"application\/ld+json\" class=\"yoast-schema-graph\">{\"@context\":\"https:\\\/\\\/schema.org\",\"@graph\":[{\"@type\":\"WebPage\",\"@id\":\"https:\\\/\\\/first-gt.com\\\/fr\\\/vehicules\\\/lamborghini-urus-performante\\\/\",\"url\":\"https:\\\/\\\/first-gt.com\\\/fr\\\/vehicules\\\/lamborghini-urus-performante\\\/\",\"name\":\"LAMBORGHINI Urus SE - First GT\",\"isPartOf\":{\"@id\":\"https:\\\/\\\/first-gt.com\\\/#website\"},\"primaryImageOfPage\":{\"@id\":\"https:\\\/\\\/first-gt.com\\\/fr\\\/vehicules\\\/lamborghini-urus-performante\\\/#primaryimage\"},\"image\":{\"@id\":\"https:\\\/\\\/first-gt.com\\\/fr\\\/vehicules\\\/lamborghini-urus-performante\\\/#primaryimage\"},\"thumbnailUrl\":\"https:\\\/\\\/first-gt.com\\\/wp-content\\\/uploads\\\/2023\\\/12\\\/2025_lamborghini_urus_se_2_1920x1080-1.jpg\",\"datePublished\":\"2023-12-12T14:45:13+00:00\",\"dateModified\":\"2026-04-16T14:24:24+00:00\",\"breadcrumb\":{\"@id\":\"https:\\\/\\\/first-gt.com\\\/fr\\\/vehicules\\\/lamborghini-urus-performante\\\/#breadcrumb\"},\"inLanguage\":\"fr-FR\",\"potentialAction\":[{\"@type\":\"ReadAction\",\"target\":[\"https:\\\/\\\/first-gt.com\\\/fr\\\/vehicules\\\/lamborghini-urus-performante\\\/\"]}]},{\"@type\":\"ImageObject\",\"inLanguage\":\"fr-FR\",\"@id\":\"https:\\\/\\\/first-gt.com\\\/fr\\\/vehicules\\\/lamborghini-urus-performante\\\/#primaryimage\",\"url\":\"https:\\\/\\\/first-gt.com\\\/wp-content\\\/uploads\\\/2023\\\/12\\\/2025_lamborghini_urus_se_2_1920x1080-1.jpg\",\"contentUrl\":\"https:\\\/\\\/first-gt.com\\\/wp-content\\\/uploads\\\/2023\\\/12\\\/2025_lamborghini_urus_se_2_1920x1080-1.jpg\",\"width\":1920,\"height\":1080},{\"@type\":\"BreadcrumbList\",\"@id\":\"https:\\\/\\\/first-gt.com\\\/fr\\\/vehicules\\\/lamborghini-urus-performante\\\/#breadcrumb\",\"itemListElement\":[{\"@type\":\"ListItem\",\"position\":1,\"name\":\"Accueil\",\"item\":\"https:\\\/\\\/first-gt.com\\\/fr\\\/\"},{\"@type\":\"ListItem\",\"position\":2,\"name\":\"Notre flotte de v\u00e9hicules\",\"item\":\"https:\\\/\\\/first-gt.com\\\/fr\\\/vehicules\\\/\"},{\"@type\":\"ListItem\",\"position\":3,\"name\":\"LAMBORGHINI Urus SE\"}]},{\"@type\":\"WebSite\",\"@id\":\"https:\\\/\\\/first-gt.com\\\/#website\",\"url\":\"https:\\\/\\\/first-gt.com\\\/\",\"name\":\"First GT\",\"description\":\"First GT\",\"potentialAction\":[{\"@type\":\"SearchAction\",\"target\":{\"@type\":\"EntryPoint\",\"urlTemplate\":\"https:\\\/\\\/first-gt.com\\\/?s={search_term_string}\"},\"query-input\":{\"@type\":\"PropertyValueSpecification\",\"valueRequired\":true,\"valueName\":\"search_term_string\"}}],\"inLanguage\":\"fr-FR\"}]}<\/script>\n<!-- \/ Yoast SEO plugin. -->","yoast_head_json":{"title":"LAMBORGHINI Urus SE - First GT","robots":{"index":"index","follow":"follow","max-snippet":"max-snippet:-1","max-image-preview":"max-image-preview:large","max-video-preview":"max-video-preview:-1"},"canonical":"https:\/\/first-gt.com\/fr\/vehicules\/lamborghini-urus-performante\/","og_locale":"fr_FR","og_type":"article","og_title":"LAMBORGHINI Urus SE - First GT","og_description":"Nombre de places : 5 Puissance : 800 Prix pour 1 journ\u00e9e (250km inclus) : \u00e0 partir de 1990\u20ac Prix pour 3 jours (750km inclus) : \u00e0 partir de 5490\u20ac Prix pour 7 jours (1750km inclus) : \u00e0 partir de 10900\u20ac Franchise : 42000\u20ac Assurance compl\u00e9mentaire (par jour) : 170\u20ac par jour Franchise r\u00e9duite : 15000\u20ac","og_url":"https:\/\/first-gt.com\/fr\/vehicules\/lamborghini-urus-performante\/","og_site_name":"First GT","article_modified_time":"2026-04-16T14:24:24+00:00","og_image":[{"width":1920,"height":1080,"url":"https:\/\/first-gt.com\/wp-content\/uploads\/2023\/12\/2025_lamborghini_urus_se_2_1920x1080-1.jpg","type":"image\/jpeg"}],"twitter_card":"summary_large_image","twitter_misc":{"Dur\u00e9e de lecture estim\u00e9e":"1 minute"},"schema":{"@context":"https:\/\/schema.org","@graph":[{"@type":"WebPage","@id":"https:\/\/first-gt.com\/fr\/vehicules\/lamborghini-urus-performante\/","url":"https:\/\/first-gt.com\/fr\/vehicules\/lamborghini-urus-performante\/","name":"LAMBORGHINI Urus SE - First GT","isPartOf":{"@id":"https:\/\/first-gt.com\/#website"},"primaryImageOfPage":{"@id":"https:\/\/first-gt.com\/fr\/vehicules\/lamborghini-urus-performante\/#primaryimage"},"image":{"@id":"https:\/\/first-gt.com\/fr\/vehicules\/lamborghini-urus-performante\/#primaryimage"},"thumbnailUrl":"https:\/\/first-gt.com\/wp-content\/uploads\/2023\/12\/2025_lamborghini_urus_se_2_1920x1080-1.jpg","datePublished":"2023-12-12T14:45:13+00:00","dateModified":"2026-04-16T14:24:24+00:00","breadcrumb":{"@id":"https:\/\/first-gt.com\/fr\/vehicules\/lamborghini-urus-performante\/#breadcrumb"},"inLanguage":"fr-FR","potentialAction":[{"@type":"ReadAction","target":["https:\/\/first-gt.com\/fr\/vehicules\/lamborghini-urus-performante\/"]}]},{"@type":"ImageObject","inLanguage":"fr-FR","@id":"https:\/\/first-gt.com\/fr\/vehicules\/lamborghini-urus-performante\/#primaryimage","url":"https:\/\/first-gt.com\/wp-content\/uploads\/2023\/12\/2025_lamborghini_urus_se_2_1920x1080-1.jpg","contentUrl":"https:\/\/first-gt.com\/wp-content\/uploads\/2023\/12\/2025_lamborghini_urus_se_2_1920x1080-1.jpg","width":1920,"height":1080},{"@type":"BreadcrumbList","@id":"https:\/\/first-gt.com\/fr\/vehicules\/lamborghini-urus-performante\/#breadcrumb","itemListElement":[{"@type":"ListItem","position":1,"name":"Accueil","item":"https:\/\/first-gt.com\/fr\/"},{"@type":"ListItem","position":2,"name":"Notre flotte de v\u00e9hicules","item":"https:\/\/first-gt.com\/fr\/vehicules\/"},{"@type":"ListItem","position":3,"name":"LAMBORGHINI Urus SE"}]},{"@type":"WebSite","@id":"https:\/\/first-gt.com\/#website","url":"https:\/\/first-gt.com\/","name":"First GT","description":"First GT","potentialAction":[{"@type":"SearchAction","target":{"@type":"EntryPoint","urlTemplate":"https:\/\/first-gt.com\/?s={search_term_string}"},"query-input":{"@type":"PropertyValueSpecification","valueRequired":true,"valueName":"search_term_string"}}],"inLanguage":"fr-FR"}]}},"brands":[{"id":112,"name":"Lamborghini","slug":"lamborghini-fr"}],"_links":{"self":[{"href":"https:\/\/first-gt.com\/fr\/wp-json\/wp\/v2\/product\/1164","targetHints":{"allow":["GET"]}}],"collection":[{"href":"https:\/\/first-gt.com\/fr\/wp-json\/wp\/v2\/product"}],"about":[{"href":"https:\/\/first-gt.com\/fr\/wp-json\/wp\/v2\/types\/product"}],"wp:featuredmedia":[{"embeddable":true,"href":"https:\/\/first-gt.com\/fr\/wp-json\/wp\/v2\/media\/1288"}],"wp:attachment":[{"href":"https:\/\/first-gt.com\/fr\/wp-json\/wp\/v2\/media?parent=1164"}],"wp:term":[{"taxonomy":"pwb-brand","embeddable":true,"href":"https:\/\/first-gt.com\/fr\/wp-json\/wp\/v2\/pwb-brand?post=1164"},{"taxonomy":"product_brand","embeddable":true,"href":"https:\/\/first-gt.com\/fr\/wp-json\/wp\/v2\/product_brand?post=1164"},{"taxonomy":"product_cat","embeddable":true,"href":"https:\/\/first-gt.com\/fr\/wp-json\/wp\/v2\/product_cat?post=1164"},{"taxonomy":"product_tag","embeddable":true,"href":"https:\/\/first-gt.com\/fr\/wp-json\/wp\/v2\/product_tag?post=1164"}],"curies":[{"name":"wp","href":"https:\/\/api.w.org\/{rel}","templated":true}]}}